{"id":11593,"date":"2018-12-18T14:45:16","date_gmt":"2018-12-18T13:45:16","guid":{"rendered":"https:\/\/theatredeliege.be\/festival-emulation-2-2\/"},"modified":"2024-02-13T22:44:11","modified_gmt":"2024-02-13T21:44:11","slug":"festival-emulation","status":"publish","type":"page","link":"https:\/\/theatredeliege.be\/en\/festival-emulation\/","title":{"rendered":"Festival Emulation"},"content":{"rendered":"","protected":false},"excerpt":{"rendered":"","protected":false},"author":3,"featured_media":0,"parent":0,"menu_order":0,"comment_status":"closed","ping_status":"closed","template":"page-festival.php","meta":{"_acf_changed":false,"footnotes":""},"class_list":["post-11593","page","type-page","status-publish","hentry"],"acf":{"full_tpl":[{"acf_fc_layout":"tpl_full","colonne":"1","tpl_full_txt_col1":"<p><strong>From 19 to 24\/03\/2019<\/strong><\/p>\n<p>Energy to satiety, the miracles sparkling with ideas, the verb high, the opinion sliced, the young companies will disembark and storm many rooms in the Burning City!<\/p>\n<p><span class=\"tlid-translation\">For here is already <strong>the eighth edition of the Festival \u00c9mulation<\/strong>, a precious professional lever put at the disposal of the young theatrical guard coming from the Wallonia-Brussels Federation. The windfall is to be seized also for the public, which will be able to devote its interest and curiosity to the works of the rising generation, while vivifying its appointments with the alive art.<\/span><\/p>\n<p><span class=\"tlid-translation\">A jury composed of international programmers will award the Emulation Prize, awarded by the Association of Friends of the Theater of Li\u00e8ge.<\/span><br \/>\n<span class=\"tlid-translation\">A second jury, made up of secondary school students from the Province of Li\u00e8ge, will award the Coup de Coeur.<\/span><\/p>\n<p><span class=\"tlid-translation\">For a week, the Th\u00e9\u00e2tre de Li\u00e8ge gives a voice to young emerging artists and brings to the fore seven of their creations.<\/span><\/p>\n<p><span class=\"tlid-translation\">Every evening, after the shows, the Festival Emulation afters welcome you from 22h in a festive and relaxed atmosphere.<\/span><\/p>\n<p><strong><span class=\"tlid-translation\">With the support of the Club des Entreprises partenaires of the Li\u00e8ge Theater<\/span><\/strong><\/p>\n<p><a class=\"lightbox\" href=\"http:\/\/theatredeliege.be\/wp-content\/uploads\/2018\/04\/CEPTL_logoPositif-e1538485738976.jpg\"><img decoding=\"async\" class=\"alignleft size-full wp-image-10621\" src=\"http:\/\/theatredeliege.be\/wp-content\/uploads\/2018\/04\/CEPTL_logoPositif-e1538485738976.jpg\" alt=\"\" width=\"200\" height=\"83\" \/><\/a><\/p>\n","tpl_full_txt_col2":"","show_border":false,"padding":[],"bg_color":""}],"show_sidebarEvents":false,"show_sidebarPages":false,"cat_link":false,"page_header":{"title":"","description":"","image":false,"type":"default"}},"_links":{"self":[{"href":"https:\/\/theatredeliege.be\/en\/wp-json\/wp\/v2\/pages\/11593","targetHints":{"allow":["GET"]}}],"collection":[{"href":"https:\/\/theatredeliege.be\/en\/wp-json\/wp\/v2\/pages"}],"about":[{"href":"https:\/\/theatredeliege.be\/en\/wp-json\/wp\/v2\/types\/page"}],"author":[{"embeddable":true,"href":"https:\/\/theatredeliege.be\/en\/wp-json\/wp\/v2\/users\/3"}],"replies":[{"embeddable":true,"href":"https:\/\/theatredeliege.be\/en\/wp-json\/wp\/v2\/comments?post=11593"}],"version-history":[{"count":2,"href":"https:\/\/theatredeliege.be\/en\/wp-json\/wp\/v2\/pages\/11593\/revisions"}],"predecessor-version":[{"id":78593,"href":"https:\/\/theatredeliege.be\/en\/wp-json\/wp\/v2\/pages\/11593\/revisions\/78593"}],"wp:attachment":[{"href":"https:\/\/theatredeliege.be\/en\/wp-json\/wp\/v2\/media?parent=11593"}],"curies":[{"name":"wp","href":"https:\/\/api.w.org\/{rel}","templated":true}]}}