{"id":12148,"date":"2018-01-25T09:55:33","date_gmt":"2018-01-25T08:55:33","guid":{"rendered":"https:\/\/theatredeliege.be\/club-des-entreprises\/"},"modified":"2025-12-30T17:47:29","modified_gmt":"2025-12-30T16:47:29","slug":"club-des-entreprises","status":"publish","type":"page","link":"https:\/\/theatredeliege.be\/en\/club-des-entreprises\/","title":{"rendered":"Club des entreprises partenaires du Th\u00e9\u00e2tre de Li\u00e8ge"},"content":{"rendered":"","protected":false},"excerpt":{"rendered":"","protected":false},"author":3,"featured_media":64536,"parent":0,"menu_order":0,"comment_status":"closed","ping_status":"closed","template":"","meta":{"_acf_changed":false,"footnotes":""},"class_list":["post-12148","page","type-page","status-publish","has-post-thumbnail","hentry"],"acf":{"full_tpl":[{"acf_fc_layout":"tpl_sidebar","tpl_sidebar_txt":"<p>Created in 2018, the Club des Entreprises partenaires du Th\u00e9\u00e2tre de Li\u00e8ge aims to foster relationships between the Institution and the business world and to encourage real networking, at the heart of the creation, between economic and cultural stakeholders.<\/p>\n<ul>\n<li><strong><a href=\"https:\/\/www.acerta.be\/\">Acerta<\/a><\/strong><\/li>\n<li><strong><a href=\"https:\/\/www.mypark.be\/\">Alfa Park<\/a><\/strong><\/li>\n<li><strong><a href=\"http:\/\/www.ardent-group.com\">Ardent Group<\/a><\/strong><\/li>\n<li><strong><a href=\"https:\/\/www.balteaugroup.eu\/\">Balteau Group<\/a><\/strong><\/li>\n<li><strong><a href=\"https:\/\/www.chuliege.be\/jcms\/c_15605575\/chu-de-liege\">CHU<\/a><\/strong><\/li>\n<li><a href=\"https:\/\/www.degroofpetercam.com\/fr-be\"><strong>Degroof Petercam<\/strong><\/a><\/li>\n<li><strong><a href=\"http:\/\/www.ethias.be\">Ethias<\/a><\/strong><\/li>\n<li><strong><a href=\"https:\/\/evs.com\">EVS<\/a><\/strong><\/li>\n<li><a href=\"http:\/\/www.ey.com\" target=\"_blank\" rel=\"noopener\"><strong>EY<\/strong><\/a><\/li>\n<li><a href=\"https:\/\/fnbrowninggroup.com\/fr\/\"><strong>FN BROWNING GROUP SA<\/strong><\/a><\/li>\n<li><strong><a href=\"https:\/\/gre-liege.be\/\">GRE<\/a><\/strong><\/li>\n<li><strong><a href=\"https:\/\/www.inver-taxshelter.be\">Inver Invest<\/a><\/strong><\/li>\n<li><strong><a href=\"https:\/\/laurenty.com\/\">Laurenty<\/a><\/strong><\/li>\n<li><strong><a href=\"https:\/\/www.liegeairport.com\/passenger\/fr\/\">Li\u00e8ge Airport<\/a><\/strong><\/li>\n<li><strong><a href=\"https:\/\/www.mosal.be\/\">Mosal<\/a><\/strong><\/li>\n<li><a href=\"https:\/\/www.nrb.be\/en\"><strong>NRB<\/strong><\/a><\/li>\n<li><strong><a href=\"https:\/\/www.nsi-sa.be\/\">NSI<\/a><\/strong><\/li>\n<li><strong><a href=\"https:\/\/www.prayon.com\/en\/\">Prayon<\/a><\/strong><\/li>\n<li><strong><a href=\"https:\/\/www.resa.be\/fr\/\">RESA<\/a><\/strong><\/li>\n<li><strong><a href=\"http:\/\/www.ucarservices.be\">Uhoda SA<\/a><\/strong><\/li>\n<li><strong><a href=\"https:\/\/www.weerts-group.com\/en\">Weerts Group<\/a><\/strong><\/li>\n<\/ul>\n","tpl_sidebar_blocks":[{"title_sidebar_block":"Contact :","show_list_sidebar_block":false,"content_sidebar_block":"<p><strong>Fred ROSSILLION<br \/>\n<\/strong>Responsable Commercial<\/p>\n<p><a href=\"mailto:f.rossillion@theatredeliege.be\">f.rossillion@theatredeliege.be<\/a><br \/>\nT +32 4 344 71 95<br \/>\nGsm +32 495 29 29 06<\/p>\n","list_sidebar_block":false}]}],"show_sidebarEvents":false,"show_sidebarPages":false,"page_header":{"title":"","description":"","image":false,"type":"default"}},"_links":{"self":[{"href":"https:\/\/theatredeliege.be\/en\/wp-json\/wp\/v2\/pages\/12148","targetHints":{"allow":["GET"]}}],"collection":[{"href":"https:\/\/theatredeliege.be\/en\/wp-json\/wp\/v2\/pages"}],"about":[{"href":"https:\/\/theatredeliege.be\/en\/wp-json\/wp\/v2\/types\/page"}],"author":[{"embeddable":true,"href":"https:\/\/theatredeliege.be\/en\/wp-json\/wp\/v2\/users\/3"}],"replies":[{"embeddable":true,"href":"https:\/\/theatredeliege.be\/en\/wp-json\/wp\/v2\/comments?post=12148"}],"version-history":[{"count":17,"href":"https:\/\/theatredeliege.be\/en\/wp-json\/wp\/v2\/pages\/12148\/revisions"}],"predecessor-version":[{"id":88442,"href":"https:\/\/theatredeliege.be\/en\/wp-json\/wp\/v2\/pages\/12148\/revisions\/88442"}],"wp:featuredmedia":[{"embeddable":true,"href":"https:\/\/theatredeliege.be\/en\/wp-json\/wp\/v2\/media\/64536"}],"wp:attachment":[{"href":"https:\/\/theatredeliege.be\/en\/wp-json\/wp\/v2\/media?parent=12148"}],"curies":[{"name":"wp","href":"https:\/\/api.w.org\/{rel}","templated":true}]}}