{"id":15308,"date":"2018-06-29T10:45:28","date_gmt":"2018-06-29T09:45:28","guid":{"rendered":"https:\/\/theatredeliege.be\/compagnonnage\/"},"modified":"2024-02-12T12:29:36","modified_gmt":"2024-02-12T11:29:36","slug":"compagnonnage","status":"publish","type":"page","link":"https:\/\/theatredeliege.be\/en\/compagnonnage\/","title":{"rendered":"ARTISTS IN RESIDENCE"},"content":{"rendered":"","protected":false},"excerpt":{"rendered":"","protected":false},"author":3,"featured_media":78768,"parent":0,"menu_order":0,"comment_status":"closed","ping_status":"closed","template":"","meta":{"_acf_changed":false,"footnotes":""},"class_list":["post-15308","page","type-page","status-publish","has-post-thumbnail","hentry"],"acf":{"full_tpl":[{"acf_fc_layout":"tpl_full","colonne":"1","tpl_full_txt_col1":"<p>The Th\u00e9\u00e2tre de Li\u00e8ge has decided to welcome 14 artists\/companies involved in theatre, dance and modern circus as artists in residence. The proposal is to work together to develop their artistic projects for 5 years (2018\u20132022), with the desire to promote the establishment of a production and distribution network for everyone. We aim to develop a real artistic focus.<\/p>\n<p>&nbsp;<\/p>\n<a href=\"https:\/\/theatredeliege.be\/wp-content\/uploads\/2018\/07\/TL_Compagnons_low.pdf\" class=\"pdfemb-viewer\" style=\"\" data-width=\"max\" data-height=\"max\" data-toolbar=\"bottom\" data-toolbar-fixed=\"off\">TL_Compagnons_low<\/a>\n","tpl_full_txt_col2":"","show_border":false,"padding":[],"bg_color":""}],"show_sidebarEvents":false,"show_sidebarPages":false,"page_header":{"title":"","description":"","image":false,"type":"default"}},"_links":{"self":[{"href":"https:\/\/theatredeliege.be\/en\/wp-json\/wp\/v2\/pages\/15308","targetHints":{"allow":["GET"]}}],"collection":[{"href":"https:\/\/theatredeliege.be\/en\/wp-json\/wp\/v2\/pages"}],"about":[{"href":"https:\/\/theatredeliege.be\/en\/wp-json\/wp\/v2\/types\/page"}],"author":[{"embeddable":true,"href":"https:\/\/theatredeliege.be\/en\/wp-json\/wp\/v2\/users\/3"}],"replies":[{"embeddable":true,"href":"https:\/\/theatredeliege.be\/en\/wp-json\/wp\/v2\/comments?post=15308"}],"version-history":[{"count":1,"href":"https:\/\/theatredeliege.be\/en\/wp-json\/wp\/v2\/pages\/15308\/revisions"}],"predecessor-version":[{"id":15309,"href":"https:\/\/theatredeliege.be\/en\/wp-json\/wp\/v2\/pages\/15308\/revisions\/15309"}],"wp:featuredmedia":[{"embeddable":true,"href":"https:\/\/theatredeliege.be\/en\/wp-json\/wp\/v2\/media\/78768"}],"wp:attachment":[{"href":"https:\/\/theatredeliege.be\/en\/wp-json\/wp\/v2\/media?parent=15308"}],"curies":[{"name":"wp","href":"https:\/\/api.w.org\/{rel}","templated":true}]}}