{"id":2129,"date":"2015-02-19T16:03:33","date_gmt":"2015-02-19T15:03:33","guid":{"rendered":"http:\/\/theatredeliege.be\/?page_id=2129"},"modified":"2024-02-13T21:22:24","modified_gmt":"2024-02-13T20:22:24","slug":"total-theatre","status":"publish","type":"page","link":"https:\/\/theatredeliege.be\/en\/total-theatre\/","title":{"rendered":"TOTAL THEATRE"},"content":{"rendered":"","protected":false},"excerpt":{"rendered":"","protected":false},"author":3,"featured_media":0,"parent":0,"menu_order":0,"comment_status":"closed","ping_status":"closed","template":"","meta":{"_acf_changed":false,"footnotes":""},"class_list":["post-2129","page","type-page","status-publish","hentry"],"acf":{"full_tpl":[{"acf_fc_layout":"tpl_full","colonne":"1","tpl_full_txt_col1":"<p><em>Total Th\u00e9\u00e2tre<\/em>\u00a0\u2013 a project of cultural collaboration between six institutions*\u00a0\u2013 offers to contribute to the building of a new cultural face to the Great Region through the exchange, the visibility and the mobility of publics and works in the field of theatre.<\/p>\n<p>In order to do so, the partners agreed on the creation of several actions which will contribute to the growth and exploration of contemporary drama creations in the Great Region.<\/p>\n<p>*Th\u00e9\u00e2tre de Li\u00e8ge (Belgium), Th\u00e9\u00e2tre National du Luxembourg (Luxemburg), NEST \u2013 Centre Dramatique National de Thionville-Lorraine (France), StaatsTheater in Saarbr\u00fccken (Germany), Agora Th\u00e9\u00e2tre in Saint-Vith (Belgique), Association Chudoscnik Sunergia in Eupen (Belgium)<\/p>\n<p>&nbsp;<\/p>\n<p><a class=\"btn\" href=\"https:\/\/www.facebook.com\/pages\/TOTAL-Theatre\/259607854191346?fref=ts\">Facebook<\/a><\/p>\n","tpl_full_txt_col2":"","show_border":false,"padding":[],"bg_color":""}],"show_sidebarEvents":false,"show_sidebarPages":false,"page_header":{"title":"","description":"","image":false,"type":"default"}},"_links":{"self":[{"href":"https:\/\/theatredeliege.be\/en\/wp-json\/wp\/v2\/pages\/2129","targetHints":{"allow":["GET"]}}],"collection":[{"href":"https:\/\/theatredeliege.be\/en\/wp-json\/wp\/v2\/pages"}],"about":[{"href":"https:\/\/theatredeliege.be\/en\/wp-json\/wp\/v2\/types\/page"}],"author":[{"embeddable":true,"href":"https:\/\/theatredeliege.be\/en\/wp-json\/wp\/v2\/users\/3"}],"replies":[{"embeddable":true,"href":"https:\/\/theatredeliege.be\/en\/wp-json\/wp\/v2\/comments?post=2129"}],"version-history":[{"count":3,"href":"https:\/\/theatredeliege.be\/en\/wp-json\/wp\/v2\/pages\/2129\/revisions"}],"predecessor-version":[{"id":78570,"href":"https:\/\/theatredeliege.be\/en\/wp-json\/wp\/v2\/pages\/2129\/revisions\/78570"}],"wp:attachment":[{"href":"https:\/\/theatredeliege.be\/en\/wp-json\/wp\/v2\/media?parent=2129"}],"curies":[{"name":"wp","href":"https:\/\/api.w.org\/{rel}","templated":true}]}}