{"id":2144,"date":"2014-11-11T09:53:13","date_gmt":"2014-11-11T08:53:13","guid":{"rendered":"http:\/\/theatredeliege.be\/?page_id=2144"},"modified":"2024-02-13T19:53:13","modified_gmt":"2024-02-13T18:53:13","slug":"acces","status":"publish","type":"page","link":"https:\/\/theatredeliege.be\/en\/acces\/","title":{"rendered":"Access"},"content":{"rendered":"","protected":false},"excerpt":{"rendered":"","protected":false},"author":4,"featured_media":0,"parent":0,"menu_order":17,"comment_status":"closed","ping_status":"closed","template":"","meta":{"_acf_changed":false,"footnotes":""},"class_list":["post-2144","page","type-page","status-publish","hentry"],"acf":{"show_sidebarEvents":false,"show_sidebarPages":false,"full_tpl":[{"acf_fc_layout":"tpl_sidebar","tpl_sidebar_txt":"<p><strong>Parking &#8211; Partner<\/strong><\/p>\n<p><strong><em>My Park<\/em><\/strong>\u00a0\u00b7 Charles Magnette Rue S\u0153urs de Hasque 1B \u2013 4000 Li\u00e8ge<\/p>\n<p>Opening hours 7am \u2013 8pm \u2013 Exit 24\/7<\/p>\n<p><strong>PACKAGE 7 hours for 5 \u20ac<\/strong>\u00a0Ask the front desk to validate your ticket \/ Pay at the parking<\/p>\n<p>&nbsp;<\/p>\n<p><strong>Services Taxi<\/strong><\/p>\n<p>Partner Taxis: Taxis Melkior \u00b7 04 252 20 20<\/p>\n<p>5% discount on all taxi rides from and to the Theatre simply by presenting your theatre ticket<br \/>\n10% discount for the owners of a loyalty card Melkior available at the front desk.<br \/>\nClients are picked up and dropped in front of the Theatre.<\/p>\n<p>&nbsp;<\/p>\n<p><a class=\"btn\" href=\"http:\/\/www.melkior.be\/fr\/\">Website<\/a><\/p>\n","tpl_sidebar_blocks":[{"title_sidebar_block":"Address","show_list_sidebar_block":false,"content_sidebar_block":"<p>Th\u00e9\u00e2tre de Li\u00e8ge \u00b7 Place du 20-Ao\u00fbt 16 \u00b7 4000 Li\u00e8ge<br \/>\nAdministration :\u00a0<a href=\"tel:04 344 71 60\">04 344 71 60<\/a><\/p>\n","list_sidebar_block":false}]}],"page_header":{"title":"","description":"","image":false,"type":"default"}},"_links":{"self":[{"href":"https:\/\/theatredeliege.be\/en\/wp-json\/wp\/v2\/pages\/2144","targetHints":{"allow":["GET"]}}],"collection":[{"href":"https:\/\/theatredeliege.be\/en\/wp-json\/wp\/v2\/pages"}],"about":[{"href":"https:\/\/theatredeliege.be\/en\/wp-json\/wp\/v2\/types\/page"}],"author":[{"embeddable":true,"href":"https:\/\/theatredeliege.be\/en\/wp-json\/wp\/v2\/users\/4"}],"replies":[{"embeddable":true,"href":"https:\/\/theatredeliege.be\/en\/wp-json\/wp\/v2\/comments?post=2144"}],"version-history":[{"count":8,"href":"https:\/\/theatredeliege.be\/en\/wp-json\/wp\/v2\/pages\/2144\/revisions"}],"predecessor-version":[{"id":78544,"href":"https:\/\/theatredeliege.be\/en\/wp-json\/wp\/v2\/pages\/2144\/revisions\/78544"}],"wp:attachment":[{"href":"https:\/\/theatredeliege.be\/en\/wp-json\/wp\/v2\/media?parent=2144"}],"curies":[{"name":"wp","href":"https:\/\/api.w.org\/{rel}","templated":true}]}}