{"id":2167,"date":"2014-11-11T09:53:35","date_gmt":"2014-11-11T08:53:35","guid":{"rendered":"http:\/\/theatredeliege.be\/?page_id=2167"},"modified":"2024-02-12T17:06:34","modified_gmt":"2024-02-12T16:06:34","slug":"rencontres","status":"publish","type":"page","link":"https:\/\/theatredeliege.be\/en\/rencontres\/","title":{"rendered":"Wednesday meetings"},"content":{"rendered":"","protected":false},"excerpt":{"rendered":"","protected":false},"author":4,"featured_media":1262,"parent":0,"menu_order":19,"comment_status":"closed","ping_status":"closed","template":"","meta":{"_acf_changed":false,"footnotes":""},"class_list":["post-2167","page","type-page","status-publish","has-post-thumbnail","hentry"],"acf":{"show_sidebarEvents":false,"show_sidebarPages":false,"full_tpl":[{"acf_fc_layout":"tpl_full","colonne":"1","tpl_full_txt_col1":"<p><strong>Stage-side meeting at the end of the show<\/strong>: the artists answer your questions and discuss your impressions.<\/p>\n<p><strong>Stage-side meeting XL<\/strong>: analysis of the show\u2019s theme with the artistic team and an external speaker.<\/p>\n","tpl_full_txt_col2":"<p><strong>LES RENCONTRES AVEC LES \u00c9QUIPES ARTISTIQUES<\/strong><br \/>\nLes mercredis de repr\u00e9sentation \u00e0 l\u2019issue du spectacle, en bord de plateau. Gratuit.<\/p>\n<p>Des rencontres d\u2019auteurs et de metteurs en sc\u00e8ne, des textes contemporains \u00e0 d\u00e9couvrir\u00a0: nous vous donnons rendez-vous, tout au long de la saison, pour d\u00e9coder les spectacles, glisser au c\u0153ur de d\u00e9marches artistiques hors du commun ou tout simplement pour passer des moments conviviaux en pr\u00e9sence d\u2019artistes, cr\u00e9ateurs ou sp\u00e9cialistes.<\/p>\n","show_border":false,"padding":[],"bg_color":""}],"page_header":{"title":"","description":"","image":false,"type":"default"}},"_links":{"self":[{"href":"https:\/\/theatredeliege.be\/en\/wp-json\/wp\/v2\/pages\/2167","targetHints":{"allow":["GET"]}}],"collection":[{"href":"https:\/\/theatredeliege.be\/en\/wp-json\/wp\/v2\/pages"}],"about":[{"href":"https:\/\/theatredeliege.be\/en\/wp-json\/wp\/v2\/types\/page"}],"author":[{"embeddable":true,"href":"https:\/\/theatredeliege.be\/en\/wp-json\/wp\/v2\/users\/4"}],"replies":[{"embeddable":true,"href":"https:\/\/theatredeliege.be\/en\/wp-json\/wp\/v2\/comments?post=2167"}],"version-history":[{"count":7,"href":"https:\/\/theatredeliege.be\/en\/wp-json\/wp\/v2\/pages\/2167\/revisions"}],"predecessor-version":[{"id":78416,"href":"https:\/\/theatredeliege.be\/en\/wp-json\/wp\/v2\/pages\/2167\/revisions\/78416"}],"wp:featuredmedia":[{"embeddable":true,"href":"https:\/\/theatredeliege.be\/en\/wp-json\/wp\/v2\/media\/1262"}],"wp:attachment":[{"href":"https:\/\/theatredeliege.be\/en\/wp-json\/wp\/v2\/media?parent=2167"}],"curies":[{"name":"wp","href":"https:\/\/api.w.org\/{rel}","templated":true}]}}