{"id":2190,"date":"2014-11-11T09:54:28","date_gmt":"2014-11-11T08:54:28","guid":{"rendered":"http:\/\/theatredeliege.be\/?page_id=2190"},"modified":"2024-02-12T17:12:55","modified_gmt":"2024-02-12T16:12:55","slug":"publications","status":"publish","type":"page","link":"https:\/\/theatredeliege.be\/en\/presentation\/publications\/","title":{"rendered":"Publications"},"content":{"rendered":"","protected":false},"excerpt":{"rendered":"","protected":false},"author":4,"featured_media":2751,"parent":2182,"menu_order":10,"comment_status":"closed","ping_status":"closed","template":"","meta":{"_acf_changed":false,"footnotes":""},"class_list":["post-2190","page","type-page","status-publish","has-post-thumbnail","hentry"],"acf":{"show_sidebarEvents":false,"show_sidebarPages":false,"full_tpl":[{"acf_fc_layout":"contentTab","contentTab_section":[{"titre":"On the Th\u00e9\u00e2tre de Li\u00e8ge","contenu":"<p>The Mardaga editions publish:<\/p>\n<p>\u00ab\u00a0En transparences\u00a0\u00bb of Magrou Rafa\u00ebl<\/p>\n<p>&nbsp;<\/p>\n<p>The book, which is built around the prefix <em>trans<\/em>&#8211; tells in 16 chapters the story of the transformation of the Soci\u00e9t\u00e9 de l\u2019\u00c9mulation building into the Th\u00e9\u00e2tre de Li\u00e8ge.<\/p>\n<p>&nbsp;<\/p>\n<p><a href=\"http:\/\/www.editionsmardaga.com\/Theatre-de-Liege\">To the website<\/a><\/p>\n"},{"titre":"Jouer le jeu. De l\u2019autre c\u00f4t\u00e9 du th\u00e9\u00e2tre belge","contenu":"<p>In September 2009, the Th\u00e9\u00e2tre de Li\u00e8ge had the book <em>Jouer le jeu. De l\u2019autre c\u00f4t\u00e9 du th\u00e9\u00e2tre belge<\/em> published by the editions Luc Pire<\/p>\n<p>&nbsp;<\/p>\n<p><strong>The book<\/strong><\/p>\n<p>In October 2009, the Th\u00e9\u00e2tre de la Place gave an overview of the contemporary creation in the French-speaking community through the Festival Emulation\/Europe Communaut\u00e9 fran\u00e7aise. On the agenda, you can find about ten artists who have left their mark on the theatrical landscape of our Community. On the one hand, we have artists who belong to the French-speaking theatre, which gives more importance to words and on the other hand, those who belong to the Flemish theatre which distances itself from classical conventions and tries out new ideas. In both cases, the artists have succeeded in questioning representations with a strong and singular creative work. <em>Jouer le jeu. De l\u2019autre c\u00f4t\u00e9 du theatre belge <\/em>intends to be a reference tool, a reflection about those who contribute to build the identity of the Belgian French-speaking theatre.<\/p>\n<p>This book asks all kinds of questions: what does make sense today in the theatre? How do our graphic representations develop? Do singular work methods exist? How do we produce, create and prepare a new project?<\/p>\n<p>&nbsp;<\/p>\n<p><strong>Artists and companies mentioned in the book<\/strong><\/p>\n<p>Patrick Corillon<\/p>\n<p>Eve Bonfanti &amp; Yves Hunstad<\/p>\n<p>Armel Roussel<\/p>\n<p>Claude Schmitz<\/p>\n<p>Galin Stoev<\/p>\n<p>Jean-Beno\u00eet Ugeux<\/p>\n<p>Ingrid von Wantoch Rekowski<\/p>\n<p>Transquinquennal<\/p>\n<p>Groupe Toc<\/p>\n<p>Zouzou Leyens<\/p>\n<p>Fran\u00e7oise Berlanger<\/p>\n<p>Anne-C\u00e9cile Vandalem<\/p>\n<p><strong>Editor<\/strong>\u00a0\u2013 Benoit Vreux<\/p>\n<p>Director of the Centre des Arts sc\u00e9niques de la Communaut\u00e9 fran\u00e7aise de Belgique, Benoit Vreux has been an attentive observer of the Belgian theatre for years.<\/p>\n"},{"titre":"Ubu : Emergence(s) dans le th\u00e9\u00e2tre europ\u00e9en","contenu":"<p>The Th\u00e9\u00e2tre de Li\u00e8ge and the department Histoire et Analyse du Th\u00e9\u00e2tre at the University worked with the magazine <em>UBU<\/em> and published a special edition about young artists entitled \u201c<em>Emergence(s) dans le th\u00e9\u00e2tre europ\u00e9en\u201d<\/em> in July 2010. This issue offers an overview of the young generation of rising artists from the 27 European countries. The people who worked on this issue give us then the possibility to compare the different theatres in the world today.<\/p>\n<p>This publication is a part of the work which has been carried out by the Theatre for a few years to support and spot young companies.<\/p>\n"},{"titre":"Le Th\u00e9\u00e2tre et ses publics : la cr\u00e9ation partag\u00e9e","contenu":"<p>This work gathers all the interventions made by the artists and the searchers who took part in the colloquium <em>Le theatre et ses publics: la creation partag\u00e9e, <\/em>organised between September 26<sup>th<\/sup> and 29<sup>th<\/sup> by the Th\u00e9\u00e2tre de la Place and the University. The several economical crises and neoliberal ideologies\u2019 growing grip has led public authorities to give up partially in different ways on art, culture and education. This puts in jeopardy the social contract which supported the idea of a public-service theatre and causes a series of political, sociological, economical and esthetical changes.<\/p>\n<p>This book, edited by Nancy Delhalle with the collaboration of Aline Dethise, gathers the main interventions of the artists and searchers:.-M. Autissier\u201a C. Balme\u201a T. Bartolomeu Costa\u201a F. Bauchard\u201a R. Canziani\u201a R. Castellucci\u201a J. Delcuvellerie\u201a N. Delhalle\u201a M. De Marinis\u201a L. Fleury\u201a M. Freydefont\u201a M. Furlan\u201a P. Giacch\u00e8\u201a J.-P. Han\u201a W. Hillaert\u201a M. Ikouba\u00e2n\u201a S. Kaegi\u201a \u00c9. Lacascade\u201a T. Okada\u201a S. Olivier\u201a O. Ponte di Pino\u201a J.-M. Piemme\u201a S. Saada\u201a M. H. Ser\u00f5dio\u201a C. Servais\u201a E. Slevogt\u201a R. Solis\u201a C. Stalpaert et S. Verdoodt\u201a D. T\u00e9rcio\u201a J. Thielemans\u201a K. Vanhaesebrouck\u201a J. M. Vieira Mendes\u201a J.-M. Wynants.<\/p>\n<p><a href=\"http:\/\/www.solitairesintempestifs.com\/livres\/483-le-theatre-et-ses-publics-la-creation-partagee-9782846813839.html\">Lin<\/a>k<\/p>\n"}]}],"page_header":{"title":"","description":"","image":false,"type":"default"}},"_links":{"self":[{"href":"https:\/\/theatredeliege.be\/en\/wp-json\/wp\/v2\/pages\/2190","targetHints":{"allow":["GET"]}}],"collection":[{"href":"https:\/\/theatredeliege.be\/en\/wp-json\/wp\/v2\/pages"}],"about":[{"href":"https:\/\/theatredeliege.be\/en\/wp-json\/wp\/v2\/types\/page"}],"author":[{"embeddable":true,"href":"https:\/\/theatredeliege.be\/en\/wp-json\/wp\/v2\/users\/4"}],"replies":[{"embeddable":true,"href":"https:\/\/theatredeliege.be\/en\/wp-json\/wp\/v2\/comments?post=2190"}],"version-history":[{"count":1,"href":"https:\/\/theatredeliege.be\/en\/wp-json\/wp\/v2\/pages\/2190\/revisions"}],"predecessor-version":[{"id":78421,"href":"https:\/\/theatredeliege.be\/en\/wp-json\/wp\/v2\/pages\/2190\/revisions\/78421"}],"up":[{"embeddable":true,"href":"https:\/\/theatredeliege.be\/en\/wp-json\/wp\/v2\/pages\/2182"}],"wp:featuredmedia":[{"embeddable":true,"href":"https:\/\/theatredeliege.be\/en\/wp-json\/wp\/v2\/media\/2751"}],"wp:attachment":[{"href":"https:\/\/theatredeliege.be\/en\/wp-json\/wp\/v2\/media?parent=2190"}],"curies":[{"name":"wp","href":"https:\/\/api.w.org\/{rel}","templated":true}]}}