{"id":2232,"date":"2014-11-24T03:48:42","date_gmt":"2014-11-24T02:48:42","guid":{"rendered":"http:\/\/theatredeliege.be\/?page_id=2232"},"modified":"2026-03-23T15:06:08","modified_gmt":"2026-03-23T14:06:08","slug":"siege-au-theatre","status":"publish","type":"page","link":"https:\/\/theatredeliege.be\/en\/siege-au-theatre\/","title":{"rendered":"Your own seat at the Theatre"},"content":{"rendered":"","protected":false},"excerpt":{"rendered":"","protected":false},"author":4,"featured_media":0,"parent":0,"menu_order":23,"comment_status":"closed","ping_status":"closed","template":"","meta":{"_acf_changed":false,"footnotes":""},"class_list":["post-2232","page","type-page","status-publish","hentry"],"acf":{"show_sidebarEvents":false,"show_sidebarPages":false,"full_tpl":[{"acf_fc_layout":"tpl_sidebar","tpl_sidebar_txt":"<p>With the \u00c9mulation building, the TH\u00c9\u00c2TRE DE LI\u00c8GE has found a new SETTING for great nights of entertainment. The Grande salle at the Theatre is furnished with 557 seats. Individuals and companies have now the opportunity to \u201cacquire\u201d them.<\/p>\n<p>We would be extremely pleased to count you in as our partner for this plural and ambitious approach.<\/p>\n<p><strong>What happens next?<\/strong><\/p>\n<ul>\n<li>Your name or your company\u2019s will be engraved permanently in the armrest of a seat in the Grande salle.<\/li>\n<li>Your name or your company\u2019s will be mentioned on the Theater\u2019s website.<\/li>\n<\/ul>\n<p><a class=\"btn\" href=\"#\">Purchase warrant<\/a><\/p>\n<p><strong>Your benefits:<\/strong><\/p>\n<ul>\n<li>For the first three seasons, you will receive 5&#215;2 invitations to use for any play in the program.<\/li>\n<li>For the first three seasons, people from your company or your family will get a special ticket price for any play they wish to see: they will pay their individual ticket at a group price.<\/li>\n<li>For your PR and company events, you will have access to our rooms and you will enjoy a 25% discount on their rental price<\/li>\n<li>You will receive a signed copy of the book written by the photographer Marie-Fran\u00e7oise Plissart who followed the work on the \u00c9mulation building site for two years.<\/li>\n<\/ul>\n","tpl_sidebar_blocks":[{"title_sidebar_block":"Downloads","show_list_sidebar_block":false,"content_sidebar_block":"<p><a class=\"btn\" href=\"http:\/\/theatredeliege.be\/wp-content\/uploads\/2018\/04\/TL_FicheSiege.pdf\">T\u00e9l\u00e9charger le PDF<\/a><\/p>\n","list_sidebar_block":false}]},{"acf_fc_layout":"bigList","display_list":"with_bg","bigList_title":"Some testimonials of this commitment can already be highlighted:","bigList_hNiveau":"4","bigList_content":"<ul>\n<li><strong><a href=\"https:\/\/www.accentlang.com\" target=\"_blank\" rel=\"noopener\">Accent Languages<\/a><\/strong><\/li>\n<li><strong><a href=\"https:\/\/www.amplo.be\/fr\/\">Amplo\u00a0<\/a><\/strong><\/li>\n<li><strong><a href=\"http:\/\/www.assar.com\" target=\"_blank\" rel=\"noopener\">Assar Architects<\/a><\/strong><\/li>\n<li><a href=\"http:\/\/www.triodos.be\/fr\/particuliers\/\" target=\"_blank\" rel=\"noopener\"><strong>Banque Triodos<\/strong><\/a><\/li>\n<li><strong><a href=\"https:\/\/www.chrcitadelle.be\/Accueil.aspx\" target=\"_blank\" rel=\"noopener\">CHR de la Citadelle<\/a><\/strong><\/li>\n<li><a href=\"http:\/\/www.defenso.be\" target=\"_blank\" rel=\"noopener\"><strong>D\u00e9fenso Avocats<\/strong><\/a><\/li>\n<li><strong><a href=\"https:\/\/www.explane.be\/\" target=\"_blank\" rel=\"noopener\">Explane, cabinet d\u2019avocats<\/a><\/strong><\/li>\n<li><a href=\"https:\/\/www.fremen.be\/\"><strong>Fremen<\/strong><\/a><\/li>\n<li><a href=\"https:\/\/www.gravaubel.be\/fr\/#links\"><strong>JOLY SA<\/strong><\/a><\/li>\n<li><a href=\"https:\/\/all.accor.com\/hotel\/B665\/index.fr.shtml?utm_campaign=seo+maps&amp;utm_medium=seo+maps&amp;utm_source=google+Maps\" target=\"_blank\" rel=\"noopener\"><strong>Blooma Hotel Liege City Centre<\/strong><\/a><\/li>\n<li><strong><a href=\"http:\/\/www.mnema.be\/\" target=\"_blank\" rel=\"noopener\">MNEMA, La Cit\u00e9 Miroir<\/a><\/strong><\/li>\n<li><a href=\"https:\/\/www.librairiepax.be\/\/\" target=\"_blank\" rel=\"noopener\"><strong>PAX Librairie<\/strong><\/a><\/li>\n<li><strong><a href=\"https:\/\/www.ulg.ac.be\" target=\"_blank\" rel=\"noopener\">Universit\u00e9 de Li\u00e8ge<\/a><\/strong><\/li>\n<li><strong><a href=\"https:\/\/www.vitrerieduchaine.be\" target=\"_blank\" rel=\"noopener\">Vitrerie Duchaine<\/a><\/strong><\/li>\n<\/ul>\n"}],"page_header":{"title":"","description":"","image":false,"type":"default"}},"_links":{"self":[{"href":"https:\/\/theatredeliege.be\/en\/wp-json\/wp\/v2\/pages\/2232","targetHints":{"allow":["GET"]}}],"collection":[{"href":"https:\/\/theatredeliege.be\/en\/wp-json\/wp\/v2\/pages"}],"about":[{"href":"https:\/\/theatredeliege.be\/en\/wp-json\/wp\/v2\/types\/page"}],"author":[{"embeddable":true,"href":"https:\/\/theatredeliege.be\/en\/wp-json\/wp\/v2\/users\/4"}],"replies":[{"embeddable":true,"href":"https:\/\/theatredeliege.be\/en\/wp-json\/wp\/v2\/comments?post=2232"}],"version-history":[{"count":11,"href":"https:\/\/theatredeliege.be\/en\/wp-json\/wp\/v2\/pages\/2232\/revisions"}],"predecessor-version":[{"id":89746,"href":"https:\/\/theatredeliege.be\/en\/wp-json\/wp\/v2\/pages\/2232\/revisions\/89746"}],"wp:attachment":[{"href":"https:\/\/theatredeliege.be\/en\/wp-json\/wp\/v2\/media?parent=2232"}],"curies":[{"name":"wp","href":"https:\/\/api.w.org\/{rel}","templated":true}]}}