{"id":2239,"date":"2014-11-24T03:49:21","date_gmt":"2014-11-24T02:49:21","guid":{"rendered":"http:\/\/theatredeliege.be\/?page_id=2239"},"modified":"2024-02-13T18:54:36","modified_gmt":"2024-02-13T17:54:36","slug":"associations-amis-du-theatre","status":"publish","type":"page","link":"https:\/\/theatredeliege.be\/en\/associations-amis-du-theatre\/","title":{"rendered":"Theatre Friends Association"},"content":{"rendered":"","protected":false},"excerpt":{"rendered":"","protected":false},"author":4,"featured_media":0,"parent":0,"menu_order":24,"comment_status":"closed","ping_status":"closed","template":"","meta":{"_acf_changed":false,"footnotes":""},"class_list":["post-2239","page","type-page","status-publish","hentry"],"acf":{"full_tpl":[{"acf_fc_layout":"tpl_sidebar","tpl_sidebar_txt":"<p>The theatre is without doubt an ideal place to meet, exchange and share with others. In one word, to live your life. The theatre plays a major role in the city\u2019s and region\u2019s cultural development. And so do you!<\/p>\n<p>The association \u00ab\u00a0Les Amis du Th\u00e9\u00e2tre de Li\u00e8ge\u00a0\u00bb offers you unique advantages and occasions to share your passion.<\/p>\n<p>Under the governance of Delphine Buchet, the association\u2019s objective is to become one of the Theatre\u2019s pillars of strength in order to build together tomorrow\u2019s Theatre, even closer to the public and even more successful in his artistic missions in a larger sense: creating new works in theatre and dance, widening the publics, broadening its influence inside and outside of Belgium\u2026<\/p>\n","tpl_sidebar_blocks":[{"title_sidebar_block":"More information","show_list_sidebar_block":false,"content_sidebar_block":"<p>Alissia Raziano<br \/>\n<a href=\"tel:a.raziano@theatredeliege.be\">a.raziano@theatredeliege.be<\/a><br \/>\n04 344 71 97<\/p>\n","list_sidebar_block":false},{"title_sidebar_block":"","show_list_sidebar_block":false,"content_sidebar_block":"<p><img decoding=\"async\" class=\"size-medium wp-image-76295 aligncenter\" src=\"\/wp-content\/uploads\/2015\/02\/AMISDUTHEATRE_LOGO2-300x100.jpg\" alt=\"\" width=\"300\" height=\"200\" \/><\/p>\n","list_sidebar_block":false}]}],"show_sidebarEvents":false,"show_sidebarPages":false,"page_header":{"title":"","description":"","image":false,"type":"default"}},"_links":{"self":[{"href":"https:\/\/theatredeliege.be\/en\/wp-json\/wp\/v2\/pages\/2239","targetHints":{"allow":["GET"]}}],"collection":[{"href":"https:\/\/theatredeliege.be\/en\/wp-json\/wp\/v2\/pages"}],"about":[{"href":"https:\/\/theatredeliege.be\/en\/wp-json\/wp\/v2\/types\/page"}],"author":[{"embeddable":true,"href":"https:\/\/theatredeliege.be\/en\/wp-json\/wp\/v2\/users\/4"}],"replies":[{"embeddable":true,"href":"https:\/\/theatredeliege.be\/en\/wp-json\/wp\/v2\/comments?post=2239"}],"version-history":[{"count":6,"href":"https:\/\/theatredeliege.be\/en\/wp-json\/wp\/v2\/pages\/2239\/revisions"}],"predecessor-version":[{"id":78523,"href":"https:\/\/theatredeliege.be\/en\/wp-json\/wp\/v2\/pages\/2239\/revisions\/78523"}],"wp:attachment":[{"href":"https:\/\/theatredeliege.be\/en\/wp-json\/wp\/v2\/media?parent=2239"}],"curies":[{"name":"wp","href":"https:\/\/api.w.org\/{rel}","templated":true}]}}