{"id":2247,"date":"2014-08-11T09:53:26","date_gmt":"2014-08-11T08:53:26","guid":{"rendered":"http:\/\/theatredeliege.be\/?page_id=2247"},"modified":"2024-12-02T18:55:53","modified_gmt":"2024-12-02T17:55:53","slug":"contactez-nous","status":"publish","type":"page","link":"https:\/\/theatredeliege.be\/en\/contactez-nous\/","title":{"rendered":"Contact"},"content":{"rendered":"<p>&nbsp;<\/p>\n<p><span style=\"background-color: #ffff00\"><strong>\u00a0 To book tickets for our plays, please call 04 342 00 00 or send an email to billetterie@theatredeliege.be<\/strong><\/span><\/p>\n","protected":false},"excerpt":{"rendered":"<p>&nbsp; \u00a0 To book tickets for our plays, please call 04 342 00 00 or send an email to billetterie@theatredeliege.be<\/p>\n","protected":false},"author":3,"featured_media":0,"parent":0,"menu_order":33,"comment_status":"closed","ping_status":"closed","template":"page-contact.php","meta":{"_acf_changed":false,"footnotes":""},"class_list":["post-2247","page","type-page","status-publish","hentry"],"acf":{"page_header":{"title":"Contact","description":"To this name is added that of European Center for Theatrical and Choreographic Creation, given its missions of production and dissemination with local, regional and international influence in terms of theater and contemporary dance.","image":false,"type":"default"},"contact_page_notice":"<p><span class=\"jCAhz ChMk0b\"><span class=\"ryNqvb\">All requests regarding ticketing (reservations, exchanges of dates or cancellations) must MUST be addressed to: billetterie@theatredeliege.be<\/span><\/span> <span class=\"jCAhz ChMk0b\"><span class=\"ryNqvb\">NO requests regarding ticketing will be processed via contact email.<\/span><\/span> <span class=\"jCAhz ChMk0b\"><span class=\"ryNqvb\">Thank you for your understanding.<\/span><\/span><\/p>\n","contact_page_form":83599,"contact_page_infos":{"title":"Th\u00e9\u00e2tre de Li\u00e8ge","address":"Place du 20-Ao\u00fbt, 16 \u00b7 4000 Li\u00e8ge","contact_details":[{"contact":"Ticketing exclusively:","phone":"+ 32 (0)4 342 00 00"},{"contact":"Other contacts:","phone":"+ 32 (0)4 344 71 60"},{"contact":"Admin Fax:","phone":"+ 32 (0)4 341 35 44"}]}},"_links":{"self":[{"href":"https:\/\/theatredeliege.be\/en\/wp-json\/wp\/v2\/pages\/2247","targetHints":{"allow":["GET"]}}],"collection":[{"href":"https:\/\/theatredeliege.be\/en\/wp-json\/wp\/v2\/pages"}],"about":[{"href":"https:\/\/theatredeliege.be\/en\/wp-json\/wp\/v2\/types\/page"}],"author":[{"embeddable":true,"href":"https:\/\/theatredeliege.be\/en\/wp-json\/wp\/v2\/users\/3"}],"replies":[{"embeddable":true,"href":"https:\/\/theatredeliege.be\/en\/wp-json\/wp\/v2\/comments?post=2247"}],"version-history":[{"count":3,"href":"https:\/\/theatredeliege.be\/en\/wp-json\/wp\/v2\/pages\/2247\/revisions"}],"predecessor-version":[{"id":83602,"href":"https:\/\/theatredeliege.be\/en\/wp-json\/wp\/v2\/pages\/2247\/revisions\/83602"}],"wp:attachment":[{"href":"https:\/\/theatredeliege.be\/en\/wp-json\/wp\/v2\/media?parent=2247"}],"curies":[{"name":"wp","href":"https:\/\/api.w.org\/{rel}","templated":true}]}}