{"id":2278,"date":"2014-11-11T09:57:03","date_gmt":"2014-11-11T08:57:03","guid":{"rendered":"http:\/\/theatredeliege.be\/?page_id=2278"},"modified":"2024-02-12T17:46:10","modified_gmt":"2024-02-12T16:46:10","slug":"cahiers-pedagogiques","status":"publish","type":"page","link":"https:\/\/theatredeliege.be\/en\/cahiers-pedagogiques\/","title":{"rendered":"Pedagogical diaries"},"content":{"rendered":"","protected":false},"excerpt":{"rendered":"","protected":false},"author":4,"featured_media":12616,"parent":0,"menu_order":27,"comment_status":"closed","ping_status":"closed","template":"","meta":{"_acf_changed":false,"footnotes":""},"class_list":["post-2278","page","type-page","status-publish","has-post-thumbnail","hentry"],"acf":{"show_sidebarEvents":false,"show_sidebarPages":false,"full_tpl":[{"acf_fc_layout":"tpl_full","colonne":"1","tpl_full_txt_col1":"<p>Thanks to our education team, files about some shows are now available for teachers. They contain explanations about the play, the author\u2019s or the director\u2019s opinion but also historical, sociological, philosophical and artistic information about the creations.<\/p>\n<p>In French.<\/p>\n","tpl_full_txt_col2":"","show_border":false,"padding":[],"bg_color":""},{"acf_fc_layout":"contentTab","contentTab_section":[{"titre":"Season 2018-2019","contenu":"<p><a href=\"http:\/\/theatredeliege.be\/wp-content\/uploads\/2018\/09\/CP_Othello_light.pdf\">Othello<\/a><\/p>\n<p><a href=\"http:\/\/theatredeliege.be\/wp-content\/uploads\/2018\/09\/CP_MargueriteDuras_light.pdf\">Marguerite Duras<\/a><\/p>\n<p><a href=\"http:\/\/theatredeliege.be\/wp-content\/uploads\/2018\/12\/CP_Triomphedelamour.pdf\">Le Triomphe de l&#8217;amour<\/a><\/p>\n<p><a href=\"http:\/\/theatredeliege.be\/wp-content\/uploads\/2018\/12\/CP_Karyatides.pdf\">Les Karyatides<\/a><\/p>\n<p><a href=\"https:\/\/theatredeliege.be\/wp-content\/uploads\/2018\/04\/CP_lecoledesfemmes_leger.pdf\">L&#8217;\u00e9cole des femmes<\/a><\/p>\n<p><a href=\"https:\/\/theatredeliege.be\/wp-content\/uploads\/2019\/02\/CP_idiomatic_leger.pdf\">Idiomatic<\/a><\/p>\n"},{"titre":"Season 2017-2018","contenu":"<p><a href=\"http:\/\/theatredeliege.be\/wp-content\/uploads\/2014\/11\/CP_JoursRadieux.pdf\">Jours radieux<\/a><\/p>\n<p><a href=\"http:\/\/theatredeliege.be\/wp-content\/uploads\/2017\/10\/CP_Alexpoubelles_light-2.pdf\">Alex au pays des poubelles<\/a><\/p>\n<p><a href=\"http:\/\/theatredeliege.be\/wp-content\/uploads\/2014\/11\/CP_SPAM_light.pdf\">SPAM<\/a><\/p>\n<p><a href=\"http:\/\/theatredeliege.be\/wp-content\/uploads\/2014\/11\/ombre_du_scarabee_light.pdf\">L&#8217;ombre du scarab\u00e9e<\/a><\/p>\n<p><a href=\"http:\/\/theatredeliege.be\/wp-content\/uploads\/2014\/11\/Dossier_Nadia_01_2018.pdf\">Nadia<\/a><\/p>\n<p><a href=\"http:\/\/theatredeliege.be\/wp-content\/uploads\/2014\/11\/CP_Moutoufs.pdf\">Moutoufs<\/a><\/p>\n<p><a href=\"http:\/\/theatredeliege.be\/wp-content\/uploads\/2018\/03\/CP_Tristessesok.pdf\">Tristesses<\/a><\/p>\n<p><a href=\"http:\/\/theatredeliege.be\/wp-content\/uploads\/2018\/03\/CP_MoutonNoir.pdf\">Mouton noir<\/a><\/p>\n"},{"titre":"Season 2016-2017","contenu":"<p><a href=\"http:\/\/theatredeliege.be\/wp-content\/uploads\/2014\/11\/dossier_p\u00e9da_Axe_web.pdf\">Axe (De l&#8217;importance du sacrifice humain au 21e si\u00e8cle)<\/a><\/p>\n<p><a href=\"http:\/\/theatredeliege.be\/wp-content\/uploads\/2014\/11\/CP-Le_Nouveau_Testament.pdf\">Le Dernier Testament<\/a><\/p>\n<p><a href=\"http:\/\/theatredeliege.be\/wp-content\/uploads\/2014\/11\/CP-Le_Cid.pdf\">Le Cid<\/a><\/p>\n<p><a href=\"http:\/\/theatredeliege.be\/wp-content\/uploads\/2014\/11\/CP-Beaumarchais.pdf\">La folle journ\u00e9e ou le mariage de Figaro<\/a><\/p>\n<p><a href=\"http:\/\/theatredeliege.be\/wp-content\/uploads\/2014\/11\/CP-apocalypse_bebe.pdf\">Apocalypse b\u00e9b\u00e9<\/a><\/p>\n<p><a href=\"http:\/\/theatredeliege.be\/wp-content\/uploads\/2014\/11\/CP_Sing_my_life_light.pdf\">Sing my life<\/a><\/p>\n<p><a href=\"http:\/\/theatredeliege.be\/wp-content\/uploads\/2014\/11\/CP_Ressacs.pdf\">Ressacs<\/a><\/p>\n<p><a href=\"http:\/\/theatredeliege.be\/wp-content\/uploads\/2014\/11\/CP_en-attendant-le-jour_light.pdf\">En attendant le jour<\/a><\/p>\n<p><a href=\"http:\/\/theatredeliege.be\/wp-content\/uploads\/2014\/11\/Dossier_LettresaNour_legernew.pdf\">Lettres \u00e0 Nour<\/a><\/p>\n<p><a href=\"http:\/\/theatredeliege.be\/wp-content\/uploads\/2014\/11\/CP_Lucien.pdf\">Lucien<\/a><\/p>\n"},{"titre":"Season 2015-2016","contenu":"<p><a href=\"http:\/\/theatredeliege.be\/wp-content\/uploads\/2014\/11\/CP-Blockbuster.pdf\">Blockbuster<\/a><\/p>\n<p><a href=\"http:\/\/theatredeliege.be\/wp-content\/uploads\/2014\/11\/CP_Penelope_et_les_3ptitscochons.pdf\">P\u00e9n\u00e9lope et les trois p&#8217;tits Cochons<\/a><\/p>\n<p><a href=\"http:\/\/theatredeliege.be\/wp-content\/uploads\/2014\/11\/DP_Les_Barbares.pdf\">Les Barbares<\/a><\/p>\n<p><a href=\"http:\/\/theatredeliege.be\/wp-content\/uploads\/2014\/11\/CP-Pays_de_Danses.pdf\">Pays de Danses<\/a><\/p>\n<p><a href=\"http:\/\/theatredeliege.be\/wp-content\/uploads\/2014\/11\/CP-Borgia_comediecontemporaine.pdf\">Borgia,com\u00e9die contemporaine<\/a><\/p>\n<p><a href=\"http:\/\/theatredeliege.be\/wp-content\/uploads\/2014\/11\/CP-J_habite_un_pays_fantome.pdf\">J&#8217;habite un pays fant\u00f4me<\/a><\/p>\n<p><a href=\"http:\/\/theatredeliege.be\/wp-content\/uploads\/2014\/11\/CP-Immigration.pdf\">L&#8217;immigration<\/a><\/p>\n"},{"titre":"Season 2014-2015","contenu":"<p><a href=\"http:\/\/theatredeliege.be\/wp-content\/uploads\/2014\/11\/Cahier_pedagogique_Cabaretduboutdelanuit.pdf\">Cabaret du bout de la nuit<\/a><\/p>\n<p><a href=\"http:\/\/theatredeliege.be\/wp-content\/uploads\/2014\/11\/Cahier_pedagogique_entrereve_poussiere.pdf\">Entre r\u00eave et poussiere<\/a><\/p>\n<p><a href=\"http:\/\/theatredeliege.be\/wp-content\/uploads\/2014\/11\/Cahier_pedagogique_LesjumeauxVenitiens.pdf\">Les jumeaux Venitiens<\/a><\/p>\n<p><a href=\"http:\/\/theatredeliege.be\/wp-content\/uploads\/2014\/11\/Cahier_pedagogique_notrepeur.pdf\">Notre peur de n&#8217;\u00eatre<\/a><\/p>\n<p><a href=\"http:\/\/theatredeliege.be\/wp-content\/uploads\/2014\/11\/Cahier_pedagogique_Beckett.pdf\">Gagner et perdre \/ Beckett<\/a><\/p>\n<p><a href=\"http:\/\/theatredeliege.be\/wp-content\/uploads\/2014\/11\/Cahier_pedagogique_2043.pdf\">2043<\/a><\/p>\n<p><a href=\"http:\/\/theatredeliege.be\/wp-content\/uploads\/2014\/11\/Cahier_pedagogique_Blackbird.pdf\">Blackbird<\/a><\/p>\n<p>&nbsp;<\/p>\n"},{"titre":"Season 2013-2014","contenu":"<p><a href=\"http:\/\/theatredeliege.be\/wp-content\/uploads\/2014\/11\/Cahier_pedagogique_-theatre_elisabethain.pdf\">Le Th\u00e9\u00e2tre Elisab\u00e9thain<\/a><\/p>\n<p><a href=\"http:\/\/theatredeliege.be\/wp-content\/uploads\/2014\/11\/Cahier_pedagogique_Romeo_Juliette.pdf\">Rom\u00e9o et Juliette<\/a><\/p>\n<p><a href=\"http:\/\/theatredeliege.be\/wp-content\/uploads\/2014\/11\/Cahier_pedagogique_Les_Justes.pdf\">Les Justes<\/a><\/p>\n<p><a href=\"http:\/\/theatredeliege.be\/wp-content\/uploads\/2014\/11\/Cahier_pedagogique_LEAR1.pdf\">L.E.A.R<\/a><\/p>\n<p><a href=\"http:\/\/theatredeliege.be\/wp-content\/uploads\/2014\/11\/Cahier_pedagogique_histoire_du_soldat.pdf\">L&#8217;Histoire du soldat<\/a><\/p>\n<p><a href=\"http:\/\/theatredeliege.be\/wp-content\/uploads\/2014\/11\/Cahier_pedagogique_Alpenstock1.pdf\">Alpenstock<\/a><\/p>\n<p><a href=\"http:\/\/theatredeliege.be\/wp-content\/uploads\/2014\/11\/Cahier_pedagogique_La_vie_devant_soi.pdf\">La vie devant soi<\/a><\/p>\n<p><a href=\"http:\/\/theatredeliege.be\/wp-content\/uploads\/2014\/11\/Cahier_pedagogique_Les_bonnes_intentions.pdf\">Les bonnes intentions<\/a><\/p>\n<p><a href=\"http:\/\/theatredeliege.be\/wp-content\/uploads\/2014\/11\/Cahier_pedagogique_Liliom1.pdf\">Liliom<\/a><\/p>\n<p><a href=\"http:\/\/theatredeliege.be\/wp-content\/uploads\/2014\/11\/Cahier_pedagogique_Hamlet1.pdf\">Hamlet<\/a><\/p>\n"},{"titre":"Season 2012-2013","contenu":"<p><a href=\"http:\/\/theatredeliege.be\/wp-content\/uploads\/2014\/11\/Cahier_pedagogique_Bourgeois_gentilhomme.pdf\">Le Bourgeois gentilhomme<\/a><\/p>\n<p><a href=\"http:\/\/theatredeliege.be\/wp-content\/uploads\/2014\/11\/Cahier_pedagogique_Iwouldprefer.pdf\">I would prefer not to<\/a><\/p>\n<p><a href=\"http:\/\/theatredeliege.be\/wp-content\/uploads\/2014\/11\/Cahier_pedagogique_personnenebouge.pdf\">Personne ne bouge<\/a><\/p>\n<p><a href=\"http:\/\/theatredeliege.be\/wp-content\/uploads\/2014\/11\/Cahier_pedagogique_homme_qui_valait_35_milliards.pdf\">L&#8217;homme qui vallait 35 milliards<\/a><\/p>\n<p><a href=\"http:\/\/theatredeliege.be\/wp-content\/uploads\/2014\/11\/Cahier_pedagogique_InstitutBenjamenta.pdf\">L&#8217;Institut Benjamenta<\/a><\/p>\n<p><a href=\"http:\/\/theatredeliege.be\/wp-content\/uploads\/2014\/11\/Cahier_pedagogique__cyranodeBergerac.pdf\">Cyrano de Bergerac<\/a><\/p>\n<p><a href=\"http:\/\/theatredeliege.be\/wp-content\/uploads\/2014\/11\/Cahier_pedagogique_Alaska.pdf\">Alaska<\/a><\/p>\n<p>&nbsp;<\/p>\n"},{"titre":"Season 2011-2012","contenu":"<p><a href=\"http:\/\/theatredeliege.be\/wp-content\/uploads\/2014\/11\/Cahier_pedagogique_Unfilalapatte.pdf\">Un fil \u00e0 la patte<\/a><\/p>\n<p><a href=\"http:\/\/theatredeliege.be\/wp-content\/uploads\/2014\/11\/Cahier_pedagogique_Romandunquarteron.pdf\">Roman d&#8217;un quarteron ou Hermafro<\/a><\/p>\n<p><a href=\"http:\/\/theatredeliege.be\/wp-content\/uploads\/2014\/11\/Cahier_pedagogique_Quai_Ouest.pdf\">Quai Ouest<\/a><\/p>\n<p><a href=\"http:\/\/theatredeliege.be\/wp-content\/uploads\/2014\/11\/Cahier_pedagogique_IvanovRemix.pdf\">Ivanov Re\/Mix<\/a><\/p>\n<p><a href=\"http:\/\/theatredeliege.be\/wp-content\/uploads\/2014\/11\/Cahier_pedagogique_Pinocchio.pdf\">Pinocchio le Bruissant<\/a><\/p>\n<p><a href=\"http:\/\/theatredeliege.be\/wp-content\/uploads\/2014\/11\/Cahier_pedagogique_Tchekov.pdf\">Anton Tchekhov<\/a><\/p>\n"},{"titre":"Season 2010-2011","contenu":"<p><a href=\"http:\/\/theatredeliege.be\/wp-content\/uploads\/2014\/11\/Cahier_pedagogique_Temp\u00eate.pdf\">La Temp\u00eate<\/a><\/p>\n<p><a href=\"http:\/\/theatredeliege.be\/wp-content\/uploads\/2014\/11\/Cahier_pedagogique_BARBELLO.pdf\">Barbello<\/a><\/p>\n<p><a href=\"http:\/\/theatredeliege.be\/wp-content\/uploads\/2014\/11\/Cahier_pedagogique_La_vie.pdf\">La vie est un r\u00eave<\/a><\/p>\n<p><a href=\"http:\/\/theatredeliege.be\/wp-content\/uploads\/2014\/11\/Cahier_pedagogique_-theatre_elisabethain.pdf\">Le Th\u00e9\u00e2tre Elisab\u00e9thain<\/a><\/p>\n<p><a href=\"http:\/\/theatredeliege.be\/wp-content\/uploads\/2014\/11\/Cahier_pedagogique_1984.pdf\">1984<\/a><\/p>\n<p><a href=\"http:\/\/theatredeliege.be\/wp-content\/uploads\/2014\/11\/Cahier_pedagogique_Richard_II.pdf\">La trag\u00e9die du roi Richard II<\/a><\/p>\n<p><a href=\"http:\/\/theatredeliege.be\/wp-content\/uploads\/2014\/11\/Cahier_pedagogique_lemedecin.pdf\">Le m\u00e9decin malgr\u00e9 lui<\/a><\/p>\n<p><a href=\"http:\/\/theatredeliege.be\/wp-content\/uploads\/2014\/11\/Cahier_pedagogique_SACRIFICES.doc.pdf\">Sacrifices<\/a><\/p>\n<p><a href=\"http:\/\/theatredeliege.be\/fr_FR\/uploads\/cahiers_pedagogiques\/Cahier_peda_le_soleil.pdf\" target=\"_blank\" rel=\"noopener\">Le soleil m\u00eame pleut<\/a><\/p>\n<p><a href=\"http:\/\/theatredeliege.be\/fr_FR\/uploads\/cahiers_pedagogiques\/cahier_peda_lemedecin.pdf\" target=\"_blank\" rel=\"noopener\">Le m\u00e9decin malgr\u00e9 lui<\/a><\/p>\n"}]}],"page_header":{"title":"","description":"","image":false,"type":"default"}},"_links":{"self":[{"href":"https:\/\/theatredeliege.be\/en\/wp-json\/wp\/v2\/pages\/2278","targetHints":{"allow":["GET"]}}],"collection":[{"href":"https:\/\/theatredeliege.be\/en\/wp-json\/wp\/v2\/pages"}],"about":[{"href":"https:\/\/theatredeliege.be\/en\/wp-json\/wp\/v2\/types\/page"}],"author":[{"embeddable":true,"href":"https:\/\/theatredeliege.be\/en\/wp-json\/wp\/v2\/users\/4"}],"replies":[{"embeddable":true,"href":"https:\/\/theatredeliege.be\/en\/wp-json\/wp\/v2\/comments?post=2278"}],"version-history":[{"count":1,"href":"https:\/\/theatredeliege.be\/en\/wp-json\/wp\/v2\/pages\/2278\/revisions"}],"predecessor-version":[{"id":78439,"href":"https:\/\/theatredeliege.be\/en\/wp-json\/wp\/v2\/pages\/2278\/revisions\/78439"}],"wp:featuredmedia":[{"embeddable":true,"href":"https:\/\/theatredeliege.be\/en\/wp-json\/wp\/v2\/media\/12616"}],"wp:attachment":[{"href":"https:\/\/theatredeliege.be\/en\/wp-json\/wp\/v2\/media?parent=2278"}],"curies":[{"name":"wp","href":"https:\/\/api.w.org\/{rel}","templated":true}]}}