{"id":2285,"date":"2014-11-11T09:57:24","date_gmt":"2014-11-11T08:57:24","guid":{"rendered":"http:\/\/theatredeliege.be\/?page_id=2285"},"modified":"2025-09-16T13:59:46","modified_gmt":"2025-09-16T12:59:46","slug":"programme-4-4","status":"publish","type":"page","link":"https:\/\/theatredeliege.be\/en\/programme-4-4\/","title":{"rendered":"L&#8217;Artiste au Centre"},"content":{"rendered":"","protected":false},"excerpt":{"rendered":"","protected":false},"author":4,"featured_media":0,"parent":0,"menu_order":28,"comment_status":"closed","ping_status":"closed","template":"","meta":{"_acf_changed":false,"footnotes":""},"class_list":["post-2285","page","type-page","status-publish","hentry"],"acf":{"show_sidebarEvents":false,"show_sidebarPages":false,"full_tpl":[{"acf_fc_layout":"tpl_full","colonne":"1","tpl_full_txt_col1":"<h2>Support network for the creation of stage centres in the Wallonia-Brussels Federation<\/h2>\n<p>The arts centres of the Wallonia-Brussels Federation<\/p>\n<ul>\n<li><a href=\"https:\/\/varia.be\/\">Th\u00e9\u00e2tre Varia \/ Bruxelles<\/a><\/li>\n<li><a href=\"https:\/\/levilar.be\/\" target=\"_blank\" rel=\"noopener\">Atelier Th\u00e9\u00e2tre Jean Vilar \/\u00a0Louvain-la-Neuve<\/a><\/li>\n<li><a href=\"http:\/\/www.theatredenamur.be\/\">Th\u00e9\u00e2tre de Namur<\/a><\/li>\n<li><a href=\"http:\/\/surmars.be\/\">Mars \u2013 Mons Arts de la Sc\u00e8ne<\/a><\/li>\n<li>Th\u00e9\u00e2tre de Li\u00e8ge<\/li>\n<\/ul>\n<p>brought together under the name <strong>\u201cL\u2019Artiste au centre\u201d<\/strong>, are a network for supporting creation.<\/p>\n<p><a href=\"https:\/\/theatredeliege.be\/evenement\/en-une-nuit-notes-pour-un-spectacle-a-faire\/\"><i>En une nuit\u00a0<\/i><\/a><\/p>\n<p><img decoding=\"async\" class=\"alignnone size-medium wp-image-9348\" src=\"http:\/\/theatredeliege.be\/wp-content\/uploads\/2018\/04\/artiste-au-centre-2-300x157.jpg\" alt=\"\" width=\"300\" height=\"157\" \/><\/p>\n<div id=\"gtx-trans\" style=\"position: absolute;left: -8px;top: 320.172px\">\n<div class=\"gtx-trans-icon\"><\/div>\n<\/div>\n","tpl_full_txt_col2":"","show_border":false,"padding":[],"bg_color":""}],"page_header":{"title":"","description":"","image":false,"type":"default"}},"_links":{"self":[{"href":"https:\/\/theatredeliege.be\/en\/wp-json\/wp\/v2\/pages\/2285","targetHints":{"allow":["GET"]}}],"collection":[{"href":"https:\/\/theatredeliege.be\/en\/wp-json\/wp\/v2\/pages"}],"about":[{"href":"https:\/\/theatredeliege.be\/en\/wp-json\/wp\/v2\/types\/page"}],"author":[{"embeddable":true,"href":"https:\/\/theatredeliege.be\/en\/wp-json\/wp\/v2\/users\/4"}],"replies":[{"embeddable":true,"href":"https:\/\/theatredeliege.be\/en\/wp-json\/wp\/v2\/comments?post=2285"}],"version-history":[{"count":9,"href":"https:\/\/theatredeliege.be\/en\/wp-json\/wp\/v2\/pages\/2285\/revisions"}],"predecessor-version":[{"id":86623,"href":"https:\/\/theatredeliege.be\/en\/wp-json\/wp\/v2\/pages\/2285\/revisions\/86623"}],"wp:attachment":[{"href":"https:\/\/theatredeliege.be\/en\/wp-json\/wp\/v2\/media?parent=2285"}],"curies":[{"name":"wp","href":"https:\/\/api.w.org\/{rel}","templated":true}]}}