{"id":2292,"date":"2014-11-24T03:52:51","date_gmt":"2014-11-24T02:52:51","guid":{"rendered":"http:\/\/theatredeliege.be\/?page_id=2292"},"modified":"2024-02-13T17:53:20","modified_gmt":"2024-02-13T16:53:20","slug":"locations-salles","status":"publish","type":"page","link":"https:\/\/theatredeliege.be\/en\/locations-salles\/","title":{"rendered":"Venue rental"},"content":{"rendered":"","protected":false},"excerpt":{"rendered":"","protected":false},"author":4,"featured_media":55756,"parent":0,"menu_order":29,"comment_status":"closed","ping_status":"closed","template":"","meta":{"_acf_changed":false,"footnotes":""},"class_list":["post-2292","page","type-page","status-publish","has-post-thumbnail","hentry"],"acf":{"show_sidebarEvents":false,"show_sidebarPages":false,"full_tpl":[{"acf_fc_layout":"tpl_sidebar","tpl_sidebar_txt":"<p>The Th\u00e9\u00e2tre de Li\u00e8ge enjoys a sumptuous and fully functional environment, tastefully renovated by the architects Pierre Hebbelinck and Pierre De Wit. In the city centre, multiple venues are perfectly suited for the organisation of all kinds of events, seminars, congresses, conferences, cocktails and receptions. Furniture Jean Prouv\u00e9 (Vitra). Parking access and catering service.<\/p>\n<div id=\"gtx-trans\" style=\"position: absolute;left: 8px;top: 91px\">\n<div class=\"gtx-trans-icon\"><\/div>\n<\/div>\n","tpl_sidebar_blocks":[{"title_sidebar_block":"Contact","show_list_sidebar_block":false,"content_sidebar_block":"<p><strong>Fr\u00e9d\u00e9ric Rossillion<\/strong> | Responsable du service commercial<\/p>\n<p>+32 4 344 71 95 | + 32 495 29 29 06<\/p>\n<p><a href=\"mailto:f.rossillion@theatredeliege.be\">f.rossillion@theatredeliege.be<\/a> | <a href=\"mailto:location@theatredeliege.be\">location@theatredeliege.be<\/a><\/p>\n","list_sidebar_block":false},{"title_sidebar_block":"Downloads","show_list_sidebar_block":false,"content_sidebar_block":"<p><a class=\"btn\" href=\"https:\/\/theatredeliege.be\/wp-content\/uploads\/2023\/04\/TL_location_EN.pdf\">Download \u00ab The scene for your events \u00bb<\/a><\/p>\n","list_sidebar_block":false}]},{"acf_fc_layout":"galerie","galerie_title":"","galerie_content":[{"ID":55756,"id":55756,"title":"escalier","filename":"escalier1.jpg","filesize":181968,"url":"https:\/\/theatredeliege.be\/wp-content\/uploads\/2015\/02\/escalier1.jpg","link":"https:\/\/theatredeliege.be\/en\/locations-salles\/escalier-2-2\/","alt":"","author":"3","description":"","caption":"","name":"escalier-2-2","status":"inherit","uploaded_to":2292,"date":"2015-02-10 15:31:29","modified":"2015-02-10 15:31:29","menu_order":0,"mime_type":"image\/jpeg","type":"image","subtype":"jpeg","icon":"https:\/\/theatredeliege.be\/wp-includes\/images\/media\/default.png","width":1650,"height":550,"sizes":{"thumbnail":"https:\/\/theatredeliege.be\/wp-content\/uploads\/2015\/02\/escalier1-150x150.jpg","thumbnail-width":110,"thumbnail-height":110,"medium":"https:\/\/theatredeliege.be\/wp-content\/uploads\/2015\/02\/escalier1-300x100.jpg","medium-width":300,"medium-height":100,"medium_large":"https:\/\/theatredeliege.be\/wp-content\/uploads\/2015\/02\/escalier1.jpg","medium_large-width":768,"medium_large-height":256,"large":"https:\/\/theatredeliege.be\/wp-content\/uploads\/2015\/02\/escalier1-1024x341.jpg","large-width":1024,"large-height":341,"1536x1536":"https:\/\/theatredeliege.be\/wp-content\/uploads\/2015\/02\/escalier1.jpg","1536x1536-width":1536,"1536x1536-height":512,"2048x2048":"https:\/\/theatredeliege.be\/wp-content\/uploads\/2015\/02\/escalier1.jpg","2048x2048-width":1650,"2048x2048-height":550,"box":"https:\/\/theatredeliege.be\/wp-content\/uploads\/2015\/02\/escalier1-393x393.jpg","box-width":393,"box-height":393,"box_event":"https:\/\/theatredeliege.be\/wp-content\/uploads\/2015\/02\/escalier1-313x150.jpg","box_event-width":313,"box_event-height":150,"gallery":"https:\/\/theatredeliege.be\/wp-content\/uploads\/2015\/02\/escalier1-300x170.jpg","gallery-width":300,"gallery-height":170,"banniere":"https:\/\/theatredeliege.be\/wp-content\/uploads\/2015\/02\/escalier1-1650x550.jpg","banniere-width":1650,"banniere-height":550,"banniereMobile":"https:\/\/theatredeliege.be\/wp-content\/uploads\/2015\/02\/escalier1.jpg","banniereMobile-width":650,"banniereMobile-height":217,"vignette":"https:\/\/theatredeliege.be\/wp-content\/uploads\/2015\/02\/escalier1.jpg","vignette-width":379,"vignette-height":126,"partner_mini":"https:\/\/theatredeliege.be\/wp-content\/uploads\/2015\/02\/escalier1-80x80.jpg","partner_mini-width":80,"partner_mini-height":80,"partner_page":"https:\/\/theatredeliege.be\/wp-content\/uploads\/2015\/02\/escalier1-90x90.jpg","partner_page-width":90,"partner_page-height":90,"boxevent":"https:\/\/theatredeliege.be\/wp-content\/uploads\/2015\/02\/escalier1-980x400.jpg","boxevent-width":980,"boxevent-height":400,"news_thumnbail":"https:\/\/theatredeliege.be\/wp-content\/uploads\/2015\/02\/escalier1.jpg","news_thumnbail-width":183,"news_thumnbail-height":61,"artiste_list":"https:\/\/theatredeliege.be\/wp-content\/uploads\/2015\/02\/escalier1.jpg","artiste_list-width":290,"artiste_list-height":97,"artiste_single":"https:\/\/theatredeliege.be\/wp-content\/uploads\/2015\/02\/escalier1.jpg","artiste_single-width":380,"artiste_single-height":127,"menu-24x24":"https:\/\/theatredeliege.be\/wp-content\/uploads\/2015\/02\/escalier1.jpg","menu-24x24-width":24,"menu-24x24-height":8,"menu-36x36":"https:\/\/theatredeliege.be\/wp-content\/uploads\/2015\/02\/escalier1.jpg","menu-36x36-width":36,"menu-36x36-height":12,"menu-48x48":"https:\/\/theatredeliege.be\/wp-content\/uploads\/2015\/02\/escalier1.jpg","menu-48x48-width":48,"menu-48x48-height":16}},{"ID":55758,"id":55758,"title":"grande_salle","filename":"grande_salle1.jpg","filesize":175590,"url":"https:\/\/theatredeliege.be\/wp-content\/uploads\/2015\/02\/grande_salle1.jpg","link":"https:\/\/theatredeliege.be\/en\/animations\/grande_salle-2-2\/","alt":"","author":"3","description":"","caption":"","name":"grande_salle-2-2","status":"inherit","uploaded_to":2271,"date":"2015-02-10 15:31:31","modified":"2015-02-10 15:31:31","menu_order":0,"mime_type":"image\/jpeg","type":"image","subtype":"jpeg","icon":"https:\/\/theatredeliege.be\/wp-includes\/images\/media\/default.png","width":1650,"height":550,"sizes":{"thumbnail":"https:\/\/theatredeliege.be\/wp-content\/uploads\/2015\/02\/grande_salle1-150x150.jpg","thumbnail-width":110,"thumbnail-height":110,"medium":"https:\/\/theatredeliege.be\/wp-content\/uploads\/2015\/02\/grande_salle1-300x100.jpg","medium-width":300,"medium-height":100,"medium_large":"https:\/\/theatredeliege.be\/wp-content\/uploads\/2015\/02\/grande_salle1.jpg","medium_large-width":768,"medium_large-height":256,"large":"https:\/\/theatredeliege.be\/wp-content\/uploads\/2015\/02\/grande_salle1-1024x341.jpg","large-width":1024,"large-height":341,"1536x1536":"https:\/\/theatredeliege.be\/wp-content\/uploads\/2015\/02\/grande_salle1.jpg","1536x1536-width":1536,"1536x1536-height":512,"2048x2048":"https:\/\/theatredeliege.be\/wp-content\/uploads\/2015\/02\/grande_salle1.jpg","2048x2048-width":1650,"2048x2048-height":550,"box":"https:\/\/theatredeliege.be\/wp-content\/uploads\/2015\/02\/grande_salle1-393x393.jpg","box-width":393,"box-height":393,"box_event":"https:\/\/theatredeliege.be\/wp-content\/uploads\/2015\/02\/grande_salle1-313x150.jpg","box_event-width":313,"box_event-height":150,"gallery":"https:\/\/theatredeliege.be\/wp-content\/uploads\/2015\/02\/grande_salle1-300x170.jpg","gallery-width":300,"gallery-height":170,"banniere":"https:\/\/theatredeliege.be\/wp-content\/uploads\/2015\/02\/grande_salle1-1650x550.jpg","banniere-width":1650,"banniere-height":550,"banniereMobile":"https:\/\/theatredeliege.be\/wp-content\/uploads\/2015\/02\/grande_salle1.jpg","banniereMobile-width":650,"banniereMobile-height":217,"vignette":"https:\/\/theatredeliege.be\/wp-content\/uploads\/2015\/02\/grande_salle1.jpg","vignette-width":379,"vignette-height":126,"partner_mini":"https:\/\/theatredeliege.be\/wp-content\/uploads\/2015\/02\/grande_salle1-80x80.jpg","partner_mini-width":80,"partner_mini-height":80,"partner_page":"https:\/\/theatredeliege.be\/wp-content\/uploads\/2015\/02\/grande_salle1-90x90.jpg","partner_page-width":90,"partner_page-height":90,"boxevent":"https:\/\/theatredeliege.be\/wp-content\/uploads\/2015\/02\/grande_salle1-980x400.jpg","boxevent-width":980,"boxevent-height":400,"news_thumnbail":"https:\/\/theatredeliege.be\/wp-content\/uploads\/2015\/02\/grande_salle1.jpg","news_thumnbail-width":183,"news_thumnbail-height":61,"artiste_list":"https:\/\/theatredeliege.be\/wp-content\/uploads\/2015\/02\/grande_salle1.jpg","artiste_list-width":290,"artiste_list-height":97,"artiste_single":"https:\/\/theatredeliege.be\/wp-content\/uploads\/2015\/02\/grande_salle1.jpg","artiste_single-width":380,"artiste_single-height":127,"menu-24x24":"https:\/\/theatredeliege.be\/wp-content\/uploads\/2015\/02\/grande_salle1.jpg","menu-24x24-width":24,"menu-24x24-height":8,"menu-36x36":"https:\/\/theatredeliege.be\/wp-content\/uploads\/2015\/02\/grande_salle1.jpg","menu-36x36-width":36,"menu-36x36-height":12,"menu-48x48":"https:\/\/theatredeliege.be\/wp-content\/uploads\/2015\/02\/grande_salle1.jpg","menu-48x48-width":48,"menu-48x48-height":16}},{"ID":55760,"id":55760,"title":"petite_salle","filename":"petite_salle1.jpg","filesize":107135,"url":"https:\/\/theatredeliege.be\/wp-content\/uploads\/2015\/02\/petite_salle1.jpg","link":"https:\/\/theatredeliege.be\/en\/?attachment_id=55760","alt":"","author":"3","description":"","caption":"","name":"petite_salle-2-2","status":"inherit","uploaded_to":15324,"date":"2015-02-10 15:31:32","modified":"2024-02-12 11:50:25","menu_order":0,"mime_type":"image\/jpeg","type":"image","subtype":"jpeg","icon":"https:\/\/theatredeliege.be\/wp-includes\/images\/media\/default.png","width":1650,"height":550,"sizes":{"thumbnail":"https:\/\/theatredeliege.be\/wp-content\/uploads\/2015\/02\/petite_salle1-150x150.jpg","thumbnail-width":110,"thumbnail-height":110,"medium":"https:\/\/theatredeliege.be\/wp-content\/uploads\/2015\/02\/petite_salle1-300x100.jpg","medium-width":300,"medium-height":100,"medium_large":"https:\/\/theatredeliege.be\/wp-content\/uploads\/2015\/02\/petite_salle1.jpg","medium_large-width":768,"medium_large-height":256,"large":"https:\/\/theatredeliege.be\/wp-content\/uploads\/2015\/02\/petite_salle1-1024x341.jpg","large-width":1024,"large-height":341,"1536x1536":"https:\/\/theatredeliege.be\/wp-content\/uploads\/2015\/02\/petite_salle1.jpg","1536x1536-width":1536,"1536x1536-height":512,"2048x2048":"https:\/\/theatredeliege.be\/wp-content\/uploads\/2015\/02\/petite_salle1.jpg","2048x2048-width":1650,"2048x2048-height":550,"box":"https:\/\/theatredeliege.be\/wp-content\/uploads\/2015\/02\/petite_salle1-393x393.jpg","box-width":393,"box-height":393,"box_event":"https:\/\/theatredeliege.be\/wp-content\/uploads\/2015\/02\/petite_salle1-313x150.jpg","box_event-width":313,"box_event-height":150,"gallery":"https:\/\/theatredeliege.be\/wp-content\/uploads\/2015\/02\/petite_salle1-300x170.jpg","gallery-width":300,"gallery-height":170,"banniere":"https:\/\/theatredeliege.be\/wp-content\/uploads\/2015\/02\/petite_salle1-1650x550.jpg","banniere-width":1650,"banniere-height":550,"banniereMobile":"https:\/\/theatredeliege.be\/wp-content\/uploads\/2015\/02\/petite_salle1.jpg","banniereMobile-width":650,"banniereMobile-height":217,"vignette":"https:\/\/theatredeliege.be\/wp-content\/uploads\/2015\/02\/petite_salle1.jpg","vignette-width":379,"vignette-height":126,"partner_mini":"https:\/\/theatredeliege.be\/wp-content\/uploads\/2015\/02\/petite_salle1-80x80.jpg","partner_mini-width":80,"partner_mini-height":80,"partner_page":"https:\/\/theatredeliege.be\/wp-content\/uploads\/2015\/02\/petite_salle1-90x90.jpg","partner_page-width":90,"partner_page-height":90,"boxevent":"https:\/\/theatredeliege.be\/wp-content\/uploads\/2015\/02\/petite_salle1-980x400.jpg","boxevent-width":980,"boxevent-height":400,"news_thumnbail":"https:\/\/theatredeliege.be\/wp-content\/uploads\/2015\/02\/petite_salle1.jpg","news_thumnbail-width":183,"news_thumnbail-height":61,"artiste_list":"https:\/\/theatredeliege.be\/wp-content\/uploads\/2015\/02\/petite_salle1.jpg","artiste_list-width":290,"artiste_list-height":97,"artiste_single":"https:\/\/theatredeliege.be\/wp-content\/uploads\/2015\/02\/petite_salle1.jpg","artiste_single-width":380,"artiste_single-height":127,"menu-24x24":"https:\/\/theatredeliege.be\/wp-content\/uploads\/2015\/02\/petite_salle1.jpg","menu-24x24-width":24,"menu-24x24-height":8,"menu-36x36":"https:\/\/theatredeliege.be\/wp-content\/uploads\/2015\/02\/petite_salle1.jpg","menu-36x36-width":36,"menu-36x36-height":12,"menu-48x48":"https:\/\/theatredeliege.be\/wp-content\/uploads\/2015\/02\/petite_salle1.jpg","menu-48x48-width":48,"menu-48x48-height":16}}]}],"page_header":{"title":"","description":"","image":false,"type":"default"}},"_links":{"self":[{"href":"https:\/\/theatredeliege.be\/en\/wp-json\/wp\/v2\/pages\/2292","targetHints":{"allow":["GET"]}}],"collection":[{"href":"https:\/\/theatredeliege.be\/en\/wp-json\/wp\/v2\/pages"}],"about":[{"href":"https:\/\/theatredeliege.be\/en\/wp-json\/wp\/v2\/types\/page"}],"author":[{"embeddable":true,"href":"https:\/\/theatredeliege.be\/en\/wp-json\/wp\/v2\/users\/4"}],"replies":[{"embeddable":true,"href":"https:\/\/theatredeliege.be\/en\/wp-json\/wp\/v2\/comments?post=2292"}],"version-history":[{"count":5,"href":"https:\/\/theatredeliege.be\/en\/wp-json\/wp\/v2\/pages\/2292\/revisions"}],"predecessor-version":[{"id":78505,"href":"https:\/\/theatredeliege.be\/en\/wp-json\/wp\/v2\/pages\/2292\/revisions\/78505"}],"wp:featuredmedia":[{"embeddable":true,"href":"https:\/\/theatredeliege.be\/en\/wp-json\/wp\/v2\/media\/55756"}],"wp:attachment":[{"href":"https:\/\/theatredeliege.be\/en\/wp-json\/wp\/v2\/media?parent=2292"}],"curies":[{"name":"wp","href":"https:\/\/api.w.org\/{rel}","templated":true}]}}