{"id":2306,"date":"2014-11-24T03:53:36","date_gmt":"2014-11-24T02:53:36","guid":{"rendered":"http:\/\/theatredeliege.be\/?page_id=2306"},"modified":"2024-02-13T17:13:25","modified_gmt":"2024-02-13T16:13:25","slug":"restaurant-theatre","status":"publish","type":"page","link":"https:\/\/theatredeliege.be\/en\/restaurant-theatre\/","title":{"rendered":"BACI, the new restaurant"},"content":{"rendered":"","protected":false},"excerpt":{"rendered":"","protected":false},"author":4,"featured_media":43794,"parent":0,"menu_order":31,"comment_status":"closed","ping_status":"closed","template":"","meta":{"_acf_changed":false,"footnotes":""},"class_list":["post-2306","page","type-page","status-publish","has-post-thumbnail","hentry"],"acf":{"show_sidebarEvents":false,"show_sidebarPages":false,"full_tpl":[{"acf_fc_layout":"tpl_sidebar","tpl_sidebar_txt":"<h2>Baci, the new restaurant of the Th\u00e9\u00e2tre de Li\u00e8ge!<\/h2>\n<p>Refined cuisine with Mediterranean influences in the magnificent salons of the Th\u00e9\u00e2tre de Li\u00e8ge.<\/p>\n<p>Open from Wednesday to Saturday<br \/>\nfrom 12:00 to 14:00 and from 19:00 to 21:00<\/p>\n<p><strong>Phone:<\/strong> <a href=\"tel:0475 34 36 75\">0475 34 36 75<\/a><br \/>\n<strong>Email:<\/strong> <a href=\"mailto:ciao@bacibaci.be\">ciao@bacibaci.be<\/a><\/p>\n","tpl_sidebar_blocks":[{"title_sidebar_block":"Infos utiles","show_list_sidebar_block":false,"content_sidebar_block":"<p><a class=\"btn\" href=\"https:\/\/www.bacibaci.be\/\">R\u00e9servez votre table<\/a><\/p>\n<p><a class=\"btn btn--black\" href=\"https:\/\/www.bacibaci.be\/menu\">Consultez le menu<\/a><\/p>\n","list_sidebar_block":false}]}],"page_header":{"title":"","description":"","image":false,"type":"default"}},"_links":{"self":[{"href":"https:\/\/theatredeliege.be\/en\/wp-json\/wp\/v2\/pages\/2306","targetHints":{"allow":["GET"]}}],"collection":[{"href":"https:\/\/theatredeliege.be\/en\/wp-json\/wp\/v2\/pages"}],"about":[{"href":"https:\/\/theatredeliege.be\/en\/wp-json\/wp\/v2\/types\/page"}],"author":[{"embeddable":true,"href":"https:\/\/theatredeliege.be\/en\/wp-json\/wp\/v2\/users\/4"}],"replies":[{"embeddable":true,"href":"https:\/\/theatredeliege.be\/en\/wp-json\/wp\/v2\/comments?post=2306"}],"version-history":[{"count":14,"href":"https:\/\/theatredeliege.be\/en\/wp-json\/wp\/v2\/pages\/2306\/revisions"}],"predecessor-version":[{"id":78486,"href":"https:\/\/theatredeliege.be\/en\/wp-json\/wp\/v2\/pages\/2306\/revisions\/78486"}],"wp:featuredmedia":[{"embeddable":true,"href":"https:\/\/theatredeliege.be\/en\/wp-json\/wp\/v2\/media\/43794"}],"wp:attachment":[{"href":"https:\/\/theatredeliege.be\/en\/wp-json\/wp\/v2\/media?parent=2306"}],"curies":[{"name":"wp","href":"https:\/\/api.w.org\/{rel}","templated":true}]}}