{"id":2722,"date":"2014-11-27T10:42:10","date_gmt":"2014-11-27T09:42:10","guid":{"rendered":"http:\/\/theatredeliege.be\/?page_id=2722"},"modified":"2026-03-23T15:30:53","modified_gmt":"2026-03-23T14:30:53","slug":"diffusionproduction","status":"publish","type":"page","link":"https:\/\/theatredeliege.be\/en\/diffusionproduction\/","title":{"rendered":"Touring \/ Productions on tour"},"content":{"rendered":"","protected":false},"excerpt":{"rendered":"","protected":false},"author":4,"featured_media":66470,"parent":0,"menu_order":9,"comment_status":"closed","ping_status":"closed","template":"","meta":{"_acf_changed":false,"footnotes":""},"class_list":["post-2722","page","type-page","status-publish","has-post-thumbnail","hentry"],"acf":{"show_sidebarEvents":false,"show_sidebarPages":false,"full_tpl":[{"acf_fc_layout":"tpl_sidebar","tpl_sidebar_txt":"<h2>Creations 2023-2024<\/h2>\n<p><span class=\"tlid-translation translation\" lang=\"en\"><span class=\"\" title=\"\">The Th\u00e9\u00e2tre de Li\u00e8ge, European center for theatrical and choreographic creation, has set itself the task of making known to a large audience the contemporary creations of Li\u00e8ge, Belgium and Europe that it supports.<\/span><\/span><\/p>\n<div id=\"gtx-trans\" style=\"position: absolute;left: 778px;top: 133.594px\">\n<div class=\"gtx-trans-icon\"><\/div>\n<\/div>\n","tpl_sidebar_blocks":[{"title_sidebar_block":"Contact","show_list_sidebar_block":false,"content_sidebar_block":"<p><strong>Deputy General Manager, Head of Programming and Touring<\/strong><br \/>\n<a href=\"mailto:a.brooking@theatredeliege.be\">Audrey Brooking<\/a><br \/>\n<a href=\"tel:+32 (0)4 344 71 65\">+32 (0)4 344 71 65<\/a><\/p>\n<p><strong>Tour officer<\/strong><br \/>\n<a href=\"mailto:e.docquier@theatredeliege.be\">Emy Docquier<\/a><br \/>\n<a href=\"tel:+32 (0)4 344 71 98\">+32 (0)4 344 71 98<\/a><\/p>\n","list_sidebar_block":false}]},{"acf_fc_layout":"contentTab","contentTab_section":[{"titre":"Strange Beauty - Yo-sup Bae","contenu":"<p><strong><span class=\"tlid-translation translation\" lang=\"en\"><span class=\"\" title=\"\">Creation in Spa on August 10, 2022<\/span><\/span><\/strong><\/p>\n<p><img decoding=\"async\" class=\"alignnone wp-image-14960\" src=\"https:\/\/theatredeliege.be\/wp-content\/uploads\/2020\/07\/Strange-Beauty-\u00a9-Bae-Yo-Sup.jpeg\" alt=\"\" width=\"195\" height=\"134\" srcset=\"https:\/\/theatredeliege.be\/wp-content\/uploads\/2020\/07\/Strange-Beauty-\u00a9-Bae-Yo-Sup.jpeg 3258w, https:\/\/theatredeliege.be\/wp-content\/uploads\/2020\/07\/Strange-Beauty-\u00a9-Bae-Yo-Sup-300x206.jpeg 300w, https:\/\/theatredeliege.be\/wp-content\/uploads\/2020\/07\/Strange-Beauty-\u00a9-Bae-Yo-Sup-768x528.jpeg 768w, https:\/\/theatredeliege.be\/wp-content\/uploads\/2020\/07\/Strange-Beauty-\u00a9-Bae-Yo-Sup-1024x704.jpeg 1024w, https:\/\/theatredeliege.be\/wp-content\/uploads\/2020\/07\/Strange-Beauty-\u00a9-Bae-Yo-Sup-80x55.jpeg 80w, https:\/\/theatredeliege.be\/wp-content\/uploads\/2020\/07\/Strange-Beauty-\u00a9-Bae-Yo-Sup-90x62.jpeg 90w, https:\/\/theatredeliege.be\/wp-content\/uploads\/2020\/07\/Strange-Beauty-\u00a9-Bae-Yo-Sup-24x16.jpeg 24w, https:\/\/theatredeliege.be\/wp-content\/uploads\/2020\/07\/Strange-Beauty-\u00a9-Bae-Yo-Sup-36x25.jpeg 36w, https:\/\/theatredeliege.be\/wp-content\/uploads\/2020\/07\/Strange-Beauty-\u00a9-Bae-Yo-Sup-48x33.jpeg 48w\" sizes=\"(max-width: 195px) 100vw, 195px\" \/><\/p>\n<p><strong>\u00a0<\/strong><\/p>\n<p><span class=\"tlid-translation translation\" lang=\"en\"><span title=\"\">PAN Theater (Seoul) from September 1 to 20, 2022<\/span><\/span><\/p>\n<p><span class=\"\" title=\"\">Th\u00e9\u00e2tre de Li\u00e8ge from December 13 to 17, 2022<\/span><\/p>\n<p>&nbsp;<\/p>\n<p><a href=\"https:\/\/theatredeliege.be\/wp-content\/uploads\/2020\/09\/Pr\u00e9sentation-projets-TDL-NTCK_EN_FINAL.pdf\"><span class=\"btn--red\">Download the file<\/span><\/a><\/p>\n"}]}],"page_header":{"title":"","description":"","image":false,"type":"default"}},"_links":{"self":[{"href":"https:\/\/theatredeliege.be\/en\/wp-json\/wp\/v2\/pages\/2722","targetHints":{"allow":["GET"]}}],"collection":[{"href":"https:\/\/theatredeliege.be\/en\/wp-json\/wp\/v2\/pages"}],"about":[{"href":"https:\/\/theatredeliege.be\/en\/wp-json\/wp\/v2\/types\/page"}],"author":[{"embeddable":true,"href":"https:\/\/theatredeliege.be\/en\/wp-json\/wp\/v2\/users\/4"}],"replies":[{"embeddable":true,"href":"https:\/\/theatredeliege.be\/en\/wp-json\/wp\/v2\/comments?post=2722"}],"version-history":[{"count":20,"href":"https:\/\/theatredeliege.be\/en\/wp-json\/wp\/v2\/pages\/2722\/revisions"}],"predecessor-version":[{"id":78562,"href":"https:\/\/theatredeliege.be\/en\/wp-json\/wp\/v2\/pages\/2722\/revisions\/78562"}],"wp:featuredmedia":[{"embeddable":true,"href":"https:\/\/theatredeliege.be\/en\/wp-json\/wp\/v2\/media\/66470"}],"wp:attachment":[{"href":"https:\/\/theatredeliege.be\/en\/wp-json\/wp\/v2\/media?parent=2722"}],"curies":[{"name":"wp","href":"https:\/\/api.w.org\/{rel}","templated":true}]}}