{"id":52963,"date":"2022-11-28T16:57:10","date_gmt":"2022-11-28T15:57:10","guid":{"rendered":"https:\/\/theatredeliege.be\/?page_id=52963"},"modified":"2024-02-12T13:09:29","modified_gmt":"2024-02-12T12:09:29","slug":"stages-sustainable-theatre-alliance-for-a-green-environmental-shift","status":"publish","type":"page","link":"https:\/\/theatredeliege.be\/en\/stages-sustainable-theatre-alliance-for-a-green-environmental-shift\/","title":{"rendered":"S.T.A.G.E.S."},"content":{"rendered":"","protected":false},"excerpt":{"rendered":"","protected":false},"author":3,"featured_media":78671,"parent":0,"menu_order":0,"comment_status":"closed","ping_status":"closed","template":"","meta":{"_acf_changed":false,"footnotes":""},"class_list":["post-52963","page","type-page","status-publish","has-post-thumbnail","hentry"],"acf":{"full_tpl":[{"acf_fc_layout":"tpl_full","colonne":"1","tpl_full_txt_col1":"<p>The European project<strong> STAGES (SUSTAINABLE THEATRE ALLIANCE for a Green Environmental Shift)<\/strong> started on January 1<sup>st<\/sup> 2022 and will last 4 years. It brings together 12 partner theatres in Europe and Asia, a university and a European network of theatres.<\/p>\n<p>Supported by the European Union&#8217;s Creative Europe program, STAGES project is a laboratory for experimentation aimed at contributing to the ecological and social transition of the theatre sector in Europe, using the 17 Sustainable Development Goals defined by the UN. In concrete terms, this means integrating a sustainable development approach into our thinking, our artistic practices, our processes and our buildings.<\/p>\n<p>This project is designed around three axes:<\/p>\n<ul>\n<li>Conducting a self-analysis within each partner theatre, allowing the identification of short, medium and long-term actions to be implemented to improve the sustainability of the institution (on an ecological and social level);<\/li>\n<li>Production of 4 shows per partner theatre: 2 restagings by local artists of projects designed by J\u00e9r\u00f4me Bel and Katie Mitchell on the principle of &#8220;no travel&#8221; and 2 shows conceived by local artists with the help of scientists;<\/li>\n<li>Creation of an artist-scientist dialogue between academics and local artists through workshops, openlabs, residencies and forums.<\/li>\n<\/ul>\n<p>&nbsp;<\/p>\n<p><a href=\"https:\/\/theatredeliege.be\/wp-content\/uploads\/2022\/11\/STAGES-Brochure.pdf\" class=\"btn\">Download the brochure<\/a><\/p>\n<p>&nbsp;<\/p>\n<p><strong>Partners<\/strong><\/p>\n<ul>\n<li><strong>Th\u00e9\u00e2tre de Li\u00e8ge<\/strong> (Lead partner \u2013 Belgium)<\/li>\n<li><a href=\"https:\/\/www.mc93.com\/\"><strong>MC93<\/strong> <\/a>\u2013 Maison de la Culture de Seine-Saint-Denis (France)<\/li>\n<li>Th\u00e9\u00e2tre National de Croatie \u00e0 Zagreb \u2013 <a href=\"https:\/\/www.hnk.hr\/hr\/\"><strong>Hrvatsko narodno kazali\u0161te u Zagrebu<\/strong><\/a> (Croatia)<\/li>\n<li>The Royal Dramatic Theatre, Dramaten, Sweden \u2013 <a href=\"https:\/\/www.dramaten.se\/\"><strong>Sveriges nationalscen f\u00f6r teater, Dramaten<\/strong><\/a> \u2013 Stockholm (Swenden)<\/li>\n<li>Th\u00e9\u00e2tre national d\u2019art dramatique de Lituanie \u2013 <a href=\"https:\/\/www.teatras.lt\/en\"><strong>Lietuvos nacionalinis dramos teatras<\/strong><\/a> (Lithuania)<\/li>\n<li><a href=\"https:\/\/www.piccoloteatro.org\/it\/\"><strong>Piccolo Teatro di Milano \u2013 Teatro d\u2019Europa<\/strong><\/a> (Italy)<\/li>\n<li><a href=\"https:\/\/trafo.hu\/\"><strong>Traf\u00f3 House of Contemporary Arts<\/strong><\/a> (Hungary)<\/li>\n<li>National Theatre of Portugal \u2013 <a href=\"https:\/\/www.tndm.pt\/pt\/\"><strong>Teatro nacional D. MARIA II<\/strong><\/a> (Portugal)<\/li>\n<li><a href=\"https:\/\/www.ntgent.be\/\"><strong>NTGent<\/strong><\/a> (Belgium)<\/li>\n<li>Maribor Slovene National Theatre \u2013 <a href=\"https:\/\/www.sng-mb.si\/\"><strong>Slovensko narodno gledali\u0161\u010de Maribor<\/strong><\/a> (Slovenia)<\/li>\n<li>Universit\u00e9 technique de Riga \u2013 <a href=\"https:\/\/www.lu.lv\/\"><strong>Latvijas Universit\u0101te<\/strong> <\/a>(Latvia)<\/li>\n<li><a href=\"https:\/\/www.europeantheatre.eu\/\"><strong>European Theatre Convention<\/strong> <\/a>(Germany)<\/li>\n<\/ul>\n<p>&nbsp;<\/p>\n<p>&nbsp;<\/p>\n<p><strong>Associated partners<\/strong><\/p>\n<p><a href=\"https:\/\/vidy.ch\/\"><strong>Th\u00e9\u00e2tre de Vidy-Lausanne<\/strong><\/a> (Switzerland)<\/p>\n<p><a href=\"https:\/\/npac-ntch.org\/en\"><strong>National Theater and Concert Hall,<\/strong> Taipei<\/a> \u2013 \u570b\u5bb6\u5169\u5ef3\u9662 (Ta\u00efwan)<\/p>\n<p>&nbsp;<\/p>\n<p><a href=\"https:\/\/sustainablestages.eu\/\" class=\"btn\">STAGES website<\/a><\/p>\n<p>&nbsp;<\/p>\n<p>From November 6 to 26, 2022, on the fringes of the S.T.A.G.E.S. network, the Th\u00e9\u00e2tre de Li\u00e8ge, in close collaboration with the ULi\u00e8ge and its Green Office, is organising <em><a href=\"https:\/\/theatredeliege.be\/festival-archives\/forum-theatre-sans-transition\/\">the Festival Sans Transition!<\/a><\/em><\/p>\n<p><a href=\"https:\/\/theatredeliege.be\/evenement\/tomber-du-monde\/\">Tomber du monde<\/a>, by Camille Panza is also supported by S.T.A.G.E.S.<\/p>\n<p>&nbsp;<\/p>\n<p><iframe title=\"STAGES\" width=\"500\" height=\"281\" src=\"https:\/\/www.youtube.com\/embed\/OlHvSC3KaVk?feature=oembed\" frameborder=\"0\" allow=\"accelerometer; autoplay; clipboard-write; encrypted-media; gyroscope; picture-in-picture; web-share\" referrerpolicy=\"strict-origin-when-cross-origin\" allowfullscreen><\/iframe><\/p>\n","tpl_full_txt_col2":"","show_border":false,"padding":[],"bg_color":""}],"show_sidebarEvents":false,"show_sidebarPages":false,"page_header":{"title":"","description":"","image":false,"type":"default"}},"_links":{"self":[{"href":"https:\/\/theatredeliege.be\/en\/wp-json\/wp\/v2\/pages\/52963","targetHints":{"allow":["GET"]}}],"collection":[{"href":"https:\/\/theatredeliege.be\/en\/wp-json\/wp\/v2\/pages"}],"about":[{"href":"https:\/\/theatredeliege.be\/en\/wp-json\/wp\/v2\/types\/page"}],"author":[{"embeddable":true,"href":"https:\/\/theatredeliege.be\/en\/wp-json\/wp\/v2\/users\/3"}],"replies":[{"embeddable":true,"href":"https:\/\/theatredeliege.be\/en\/wp-json\/wp\/v2\/comments?post=52963"}],"version-history":[{"count":6,"href":"https:\/\/theatredeliege.be\/en\/wp-json\/wp\/v2\/pages\/52963\/revisions"}],"predecessor-version":[{"id":78365,"href":"https:\/\/theatredeliege.be\/en\/wp-json\/wp\/v2\/pages\/52963\/revisions\/78365"}],"wp:featuredmedia":[{"embeddable":true,"href":"https:\/\/theatredeliege.be\/en\/wp-json\/wp\/v2\/media\/78671"}],"wp:attachment":[{"href":"https:\/\/theatredeliege.be\/en\/wp-json\/wp\/v2\/media?parent=52963"}],"curies":[{"name":"wp","href":"https:\/\/api.w.org\/{rel}","templated":true}]}}