{"id":11598,"date":"2018-12-18T14:45:16","date_gmt":"2018-12-18T13:45:16","guid":{"rendered":"https:\/\/theatredeliege.be\/festival-emulation-2\/"},"modified":"2024-02-13T22:44:17","modified_gmt":"2024-02-13T21:44:17","slug":"festival-emulation-2","status":"publish","type":"page","link":"https:\/\/theatredeliege.be\/nl\/festival-emulation-2\/","title":{"rendered":"Festival Emulation"},"content":{"rendered":"","protected":false},"excerpt":{"rendered":"","protected":false},"author":3,"featured_media":0,"parent":0,"menu_order":0,"comment_status":"closed","ping_status":"closed","template":"page-festival.php","meta":{"_acf_changed":false,"footnotes":""},"class_list":["post-11598","page","type-page","status-publish","hentry"],"acf":{"full_tpl":[{"acf_fc_layout":"tpl_full","colonne":"1","tpl_full_txt_col1":"<p><strong>Van 19\u00a0tot\u00a024\/03\/2019<\/strong><\/p>\n<p>Energie tot verzadiging, de wonderen die sprankelen van idee\u00ebn, het werkwoord hoog, de mening die gesneden wordt, de jonge bedrijven zullen ontschepen en vele kamers in de brandende stad bestormen!<\/p>\n<p>Want hier is al <strong>de achtste editie van het Festival \u00c9mulation<\/strong>, een kostbare professionele hefboom ter beschikking gesteld aan de jonge theatrale garde afkomstig van de Federatie Walloni\u00eb-Brussel. De meevaller moet ook worden aangegrepen voor het publiek, dat zijn belangstelling en nieuwsgierigheid kan schenken aan de werken van de opkomende generatie, terwijl het zijn afspraken met de levende kunst levend maakt.<\/p>\n<p><span class=\"tlid-translation\">Een jury bestaande uit internationale programmeurs reikt de Emulation Prize uit, uitgereikt door de Vereniging van Vrienden van het Theater van Luik.<\/span><br \/>\n<span class=\"tlid-translation\">Een tweede jury, bestaande uit middelbare scholieren uit de Provincie Luik, zal de Coup de Coeur uitreiken.<\/span><\/p>\n<p><span class=\"tlid-translation\">Een week lang geeft het Th\u00e9\u00e2tre de Li\u00e8ge een stem aan jonge opkomende kunstenaars en brengt zeven van hun creaties naar voren.<\/span><\/p>\n<p><span class=\"tlid-translation\">Elke avond, na de shows, verwelkomen de Festival Emulation-afters u vanaf 22.00 uur in een feestelijke en ontspannen sfeer.<\/span><\/p>\n<p><strong><span class=\"tlid-translation\">Met de steun van de Club des Entreprises partenaires van het Theater van Luik<\/span><\/strong><\/p>\n<p><a class=\"lightbox\" href=\"http:\/\/theatredeliege.be\/wp-content\/uploads\/2018\/04\/CEPTL_logoPositif-e1538485738976.jpg\"><img decoding=\"async\" class=\"alignleft size-full wp-image-10621\" src=\"http:\/\/theatredeliege.be\/wp-content\/uploads\/2018\/04\/CEPTL_logoPositif-e1538485738976.jpg\" alt=\"\" width=\"200\" height=\"83\" \/><\/a><\/p>\n","tpl_full_txt_col2":"","show_border":false,"padding":[],"bg_color":""}],"show_sidebarEvents":false,"show_sidebarPages":false,"cat_link":{"term_id":76,"name":"Festival Emulation","slug":"festival-emulation-nl","term_group":0,"term_taxonomy_id":76,"taxonomy":"event-categories","description":"","parent":0,"count":27,"filter":"raw","term_order":"0"},"page_header":{"title":"","description":"","image":false,"type":"default"}},"_links":{"self":[{"href":"https:\/\/theatredeliege.be\/nl\/wp-json\/wp\/v2\/pages\/11598","targetHints":{"allow":["GET"]}}],"collection":[{"href":"https:\/\/theatredeliege.be\/nl\/wp-json\/wp\/v2\/pages"}],"about":[{"href":"https:\/\/theatredeliege.be\/nl\/wp-json\/wp\/v2\/types\/page"}],"author":[{"embeddable":true,"href":"https:\/\/theatredeliege.be\/nl\/wp-json\/wp\/v2\/users\/3"}],"replies":[{"embeddable":true,"href":"https:\/\/theatredeliege.be\/nl\/wp-json\/wp\/v2\/comments?post=11598"}],"version-history":[{"count":2,"href":"https:\/\/theatredeliege.be\/nl\/wp-json\/wp\/v2\/pages\/11598\/revisions"}],"predecessor-version":[{"id":78594,"href":"https:\/\/theatredeliege.be\/nl\/wp-json\/wp\/v2\/pages\/11598\/revisions\/78594"}],"wp:attachment":[{"href":"https:\/\/theatredeliege.be\/nl\/wp-json\/wp\/v2\/media?parent=11598"}],"curies":[{"name":"wp","href":"https:\/\/api.w.org\/{rel}","templated":true}]}}