{"id":15311,"date":"2018-06-29T10:45:28","date_gmt":"2018-06-29T09:45:28","guid":{"rendered":"https:\/\/theatredeliege.be\/compagnonnage\/"},"modified":"2024-02-12T12:28:51","modified_gmt":"2024-02-12T11:28:51","slug":"compagnonnage","status":"publish","type":"page","link":"https:\/\/theatredeliege.be\/nl\/compagnonnage\/","title":{"rendered":"ARTISTS IN RESIDENCE"},"content":{"rendered":"","protected":false},"excerpt":{"rendered":"","protected":false},"author":3,"featured_media":78767,"parent":0,"menu_order":0,"comment_status":"closed","ping_status":"closed","template":"","meta":{"_acf_changed":false,"footnotes":""},"class_list":["post-15311","page","type-page","status-publish","has-post-thumbnail","hentry"],"acf":{"full_tpl":[{"acf_fc_layout":"tpl_full","colonne":"1","tpl_full_txt_col1":"<p>Het Th\u00e9\u00e2tre de Li\u00e8ge heeft besloten om een partnerschap aan te gaan met 14 artiesten\/gezelschappen van theater, dans en Nouveau Cirque. Het voorstel is om 5 jaar lang (2018-2022) samen te werken aan de ontwikkeling van hun artistieke projecten, met de intentie om voor elk van hen de vorming van een productie- en distributienetwerk te bevorderen. We hebben de ambitie om een echte toonaangevende artistieke thuishaven op te richten.<\/p>\n<p>&nbsp;<\/p>\n<a href=\"https:\/\/theatredeliege.be\/wp-content\/uploads\/2018\/07\/TL_Compagnons_low.pdf\" class=\"pdfemb-viewer\" style=\"\" data-width=\"max\" data-height=\"max\" data-toolbar=\"bottom\" data-toolbar-fixed=\"off\">TL_Compagnons_low<\/a>\n","tpl_full_txt_col2":"","show_border":false,"padding":[],"bg_color":""}],"show_sidebarEvents":false,"show_sidebarPages":false,"page_header":{"title":"","description":"","image":false,"type":"default"}},"_links":{"self":[{"href":"https:\/\/theatredeliege.be\/nl\/wp-json\/wp\/v2\/pages\/15311","targetHints":{"allow":["GET"]}}],"collection":[{"href":"https:\/\/theatredeliege.be\/nl\/wp-json\/wp\/v2\/pages"}],"about":[{"href":"https:\/\/theatredeliege.be\/nl\/wp-json\/wp\/v2\/types\/page"}],"author":[{"embeddable":true,"href":"https:\/\/theatredeliege.be\/nl\/wp-json\/wp\/v2\/users\/3"}],"replies":[{"embeddable":true,"href":"https:\/\/theatredeliege.be\/nl\/wp-json\/wp\/v2\/comments?post=15311"}],"version-history":[{"count":2,"href":"https:\/\/theatredeliege.be\/nl\/wp-json\/wp\/v2\/pages\/15311\/revisions"}],"predecessor-version":[{"id":78345,"href":"https:\/\/theatredeliege.be\/nl\/wp-json\/wp\/v2\/pages\/15311\/revisions\/78345"}],"wp:featuredmedia":[{"embeddable":true,"href":"https:\/\/theatredeliege.be\/nl\/wp-json\/wp\/v2\/media\/78767"}],"wp:attachment":[{"href":"https:\/\/theatredeliege.be\/nl\/wp-json\/wp\/v2\/media?parent=15311"}],"curies":[{"name":"wp","href":"https:\/\/api.w.org\/{rel}","templated":true}]}}