{"id":2128,"date":"2015-02-19T16:03:33","date_gmt":"2015-02-19T15:03:33","guid":{"rendered":"http:\/\/theatredeliege.be\/?page_id=2128"},"modified":"2024-02-13T21:22:29","modified_gmt":"2024-02-13T20:22:29","slug":"total-theatre","status":"publish","type":"page","link":"https:\/\/theatredeliege.be\/nl\/total-theatre\/","title":{"rendered":"TOTAL THEATRE"},"content":{"rendered":"","protected":false},"excerpt":{"rendered":"","protected":false},"author":3,"featured_media":0,"parent":0,"menu_order":0,"comment_status":"closed","ping_status":"closed","template":"","meta":{"_acf_changed":false,"footnotes":""},"class_list":["post-2128","page","type-page","status-publish","hentry"],"acf":{"full_tpl":[{"acf_fc_layout":"tpl_full","colonne":"1","tpl_full_txt_col1":"<p><em>Total Th\u00e9\u00e2tre \u2013 een cultureel samenwerkingsproject dat door zes* instellingen wordt georganiseerd \u2013 wil de Grote Regio een nieuw cultureel imago bezorgen via de uitwisseling, zichtbaarheid en mobiliteit van het publiek en het werk op het gebied van theater.<\/em><\/p>\n<p><em>De partners hebben in dat verband beslist om verschillende acties te ondernemen die bijdragen tot de productiviteit en de exploratie van de hedendaagse toneelcreatie in de Grote Regio.<\/em><\/p>\n<p>*Het Th\u00e9\u00e2tre de Li\u00e8ge (Belgi\u00eb), het Th\u00e9\u00e2tre National du Luxembourg (Luxemburg), het NEST \u2013 Centre Dramatique National de Thionville-Lorraine (Frankrijk), het StaatsTheater in Saarbr\u00fccken (Duitsland), het Agora Theater in Saint-Vith (Belgi\u00eb) en de VZW Chudoscnik Sunergia in Eupen (Belgi\u00eb)<\/p>\n<p>&nbsp;<\/p>\n<p><a class=\"btn\" href=\"https:\/\/www.facebook.com\/pages\/TOTAL-Theatre\/259607854191346?fref=ts\">Facebook<\/a><\/p>\n","tpl_full_txt_col2":"","show_border":false,"padding":[],"bg_color":""}],"show_sidebarEvents":false,"show_sidebarPages":false,"page_header":{"title":"","description":"","image":false,"type":"default"}},"_links":{"self":[{"href":"https:\/\/theatredeliege.be\/nl\/wp-json\/wp\/v2\/pages\/2128","targetHints":{"allow":["GET"]}}],"collection":[{"href":"https:\/\/theatredeliege.be\/nl\/wp-json\/wp\/v2\/pages"}],"about":[{"href":"https:\/\/theatredeliege.be\/nl\/wp-json\/wp\/v2\/types\/page"}],"author":[{"embeddable":true,"href":"https:\/\/theatredeliege.be\/nl\/wp-json\/wp\/v2\/users\/3"}],"replies":[{"embeddable":true,"href":"https:\/\/theatredeliege.be\/nl\/wp-json\/wp\/v2\/comments?post=2128"}],"version-history":[{"count":3,"href":"https:\/\/theatredeliege.be\/nl\/wp-json\/wp\/v2\/pages\/2128\/revisions"}],"predecessor-version":[{"id":78571,"href":"https:\/\/theatredeliege.be\/nl\/wp-json\/wp\/v2\/pages\/2128\/revisions\/78571"}],"wp:attachment":[{"href":"https:\/\/theatredeliege.be\/nl\/wp-json\/wp\/v2\/media?parent=2128"}],"curies":[{"name":"wp","href":"https:\/\/api.w.org\/{rel}","templated":true}]}}