{"id":2146,"date":"2015-02-16T11:15:48","date_gmt":"2015-02-16T10:15:48","guid":{"rendered":"http:\/\/theatredeliege.be\/?page_id=2146"},"modified":"2015-08-17T14:22:52","modified_gmt":"2015-08-17T13:22:52","slug":"espace-presse","status":"publish","type":"page","link":"https:\/\/theatredeliege.be\/nl\/espace-presse\/","title":{"rendered":"Espace presse"},"content":{"rendered":"","protected":false},"excerpt":{"rendered":"","protected":false},"author":4,"featured_media":0,"parent":0,"menu_order":1,"comment_status":"closed","ping_status":"closed","template":"","meta":{"_acf_changed":false,"footnotes":""},"class_list":["post-2146","page","type-page","status-publish","hentry"],"acf":{"full_tpl":[{"acf_fc_layout":"tpl_full","colonne":"1","tpl_full_txt_col1":"<p>T\u00e9l\u00e9chargez les photos des spectacles ainsi que les communiqu\u00e9s et dossiers de presse sur le site de notre attach\u00e9 de presse\u00a0:<\/p>\n<p><a href=\"http:\/\/www.caracascom.com\/fr\/THEATRE_DE_LIEGE_-_PREMIERE_SCENE_DE_WALLONIE\/2\/categorieDANCE%20AND%20THEATRE_105.html\">CARACAS scrl | public relations agency<\/a><\/p>\n<p><a href=\"mailto:info@caracascom.com\">info@caracascom.com<\/a><\/p>\n<p>T\/F +32\/4\/349 14 41<\/p>\n<p>MOBILE +32\/495\/22 07 92<\/p>\n","tpl_full_txt_col2":"","show_border":false,"padding":[0],"bg_color":""}],"show_sidebarEvents":true,"show_sidebarPages":true},"_links":{"self":[{"href":"https:\/\/theatredeliege.be\/nl\/wp-json\/wp\/v2\/pages\/2146","targetHints":{"allow":["GET"]}}],"collection":[{"href":"https:\/\/theatredeliege.be\/nl\/wp-json\/wp\/v2\/pages"}],"about":[{"href":"https:\/\/theatredeliege.be\/nl\/wp-json\/wp\/v2\/types\/page"}],"author":[{"embeddable":true,"href":"https:\/\/theatredeliege.be\/nl\/wp-json\/wp\/v2\/users\/4"}],"replies":[{"embeddable":true,"href":"https:\/\/theatredeliege.be\/nl\/wp-json\/wp\/v2\/comments?post=2146"}],"version-history":[{"count":0,"href":"https:\/\/theatredeliege.be\/nl\/wp-json\/wp\/v2\/pages\/2146\/revisions"}],"wp:attachment":[{"href":"https:\/\/theatredeliege.be\/nl\/wp-json\/wp\/v2\/media?parent=2146"}],"curies":[{"name":"wp","href":"https:\/\/api.w.org\/{rel}","templated":true}]}}