{"id":2171,"date":"2014-11-24T03:42:47","date_gmt":"2014-11-24T02:42:47","guid":{"rendered":"http:\/\/theatredeliege.be\/?page_id=2171"},"modified":"2024-02-14T19:00:22","modified_gmt":"2024-02-14T18:00:22","slug":"jobs-stages","status":"publish","type":"page","link":"https:\/\/theatredeliege.be\/nl\/jobs-stages\/","title":{"rendered":"Vacatures &amp; stages"},"content":{"rendered":"","protected":false},"excerpt":{"rendered":"","protected":false},"author":4,"featured_media":0,"parent":0,"menu_order":20,"comment_status":"closed","ping_status":"closed","template":"","meta":{"_acf_changed":false,"footnotes":""},"class_list":["post-2171","page","type-page","status-publish","hentry"],"acf":{"full_tpl":[{"acf_fc_layout":"tpl_sidebar","tpl_sidebar_txt":"<p><strong>We zijn op zoek naar professionele acteurs.<\/strong><\/p>\n<p><strong>Al enkele seizoenen organiseert het Th\u00e9\u00e2tre de Li\u00e8ge audities en andere ontmoetingen tussen acteurs en regisseurs om de casts te vervolledigen van de door het theater geproduceerde projecten.<\/strong><\/p>\n<p>Daarom toont het Th\u00e9\u00e2tre de Li\u00e8ge interesse voor de nieuwe lichting afgestudeerden aan de theaterscholen in de F\u00e9d\u00e9ration Wallonie-Bruxelles en wil het up-to-date blijven wat betreft de acteurs aan de slag in de Franstalige schouwburgen.<\/p>\n","tpl_sidebar_blocks":[{"title_sidebar_block":"Contact","show_list_sidebar_block":false,"content_sidebar_block":"<p>Contact Com\u00e9diens au Th\u00e9\u00e2tre de Li\u00e8ge:<br \/>\nFran\u00e7ois Bertrand<br \/>\n04\/344 71 82<br \/>\n<a href=\"mailto:f.bertrand@theatredeliege.be\">f.bertrand@theatredeliege.be<\/a><\/p>\n","list_sidebar_block":false}]}],"show_sidebarEvents":false,"show_sidebarPages":false,"page_header":{"title":"","description":"","image":false,"type":"default"}},"_links":{"self":[{"href":"https:\/\/theatredeliege.be\/nl\/wp-json\/wp\/v2\/pages\/2171","targetHints":{"allow":["GET"]}}],"collection":[{"href":"https:\/\/theatredeliege.be\/nl\/wp-json\/wp\/v2\/pages"}],"about":[{"href":"https:\/\/theatredeliege.be\/nl\/wp-json\/wp\/v2\/types\/page"}],"author":[{"embeddable":true,"href":"https:\/\/theatredeliege.be\/nl\/wp-json\/wp\/v2\/users\/4"}],"replies":[{"embeddable":true,"href":"https:\/\/theatredeliege.be\/nl\/wp-json\/wp\/v2\/comments?post=2171"}],"version-history":[{"count":3,"href":"https:\/\/theatredeliege.be\/nl\/wp-json\/wp\/v2\/pages\/2171\/revisions"}],"predecessor-version":[{"id":78654,"href":"https:\/\/theatredeliege.be\/nl\/wp-json\/wp\/v2\/pages\/2171\/revisions\/78654"}],"wp:attachment":[{"href":"https:\/\/theatredeliege.be\/nl\/wp-json\/wp\/v2\/media?parent=2171"}],"curies":[{"name":"wp","href":"https:\/\/api.w.org\/{rel}","templated":true}]}}