{"id":2179,"date":"2014-11-11T09:54:15","date_gmt":"2014-11-11T08:54:15","guid":{"rendered":"http:\/\/theatredeliege.be\/?page_id=2179"},"modified":"2024-10-25T15:16:37","modified_gmt":"2024-10-25T14:16:37","slug":"presentation","status":"publish","type":"page","link":"https:\/\/theatredeliege.be\/nl\/presentation\/","title":{"rendered":"Over het Theater"},"content":{"rendered":"","protected":false},"excerpt":{"rendered":"","protected":false},"author":4,"featured_media":1004,"parent":0,"menu_order":21,"comment_status":"closed","ping_status":"closed","template":"","meta":{"_acf_changed":false,"footnotes":""},"class_list":["post-2179","page","type-page","status-publish","has-post-thumbnail","hentry"],"acf":{"show_sidebarEvents":false,"show_sidebarPages":false,"full_tpl":[{"acf_fc_layout":"tpl_sidebar","tpl_sidebar_txt":"<h2>THEATER, DANS, JONG PUBLIEK, CIRCUS, TENTOONSTELLINGEN<\/h2>\n<p>Het Th\u00e9\u00e2tre de Li\u00e8ge is een van de vier Centres Dramatiques de la F\u00e9d\u00e9ration Wallonie-Bruxelles (Belgi\u00eb). Voorts krijgt het ook de titel van Centre europ\u00e9en de cr\u00e9ation th\u00e9\u00e2trale et chor\u00e9graphique, gezien de productie en verspreiding van theater en hedendaagse dans op lokaal, regionaal en internationaal niveau.<\/p>\n<p>Sinds <strong>Serge Rangoni<\/strong> in 2004 aan het hoofd staat, heeft het Instituut zich aanzienlijk ontwikkeld, met ieder seizoen een veertigtal voorstellingen waarvan een tiental creaties.<\/p>\n<p>Op het rijke en diverse programma staan voorstellingen van bekende Belgische en buitenlandse regisseurs en choreografen, van internationaal bekende toneelspelers (<strong>Isabelle Huppert, M\u00e9lanie Laurent, Emmanuelle B\u00e9art, Toni Servillo,<\/strong> <strong>Denis Podalyd\u00e8s<\/strong>, \u2026) en ook rijzende artiesten, die de ambassadeurs zijn van de cultuur van morgen.<\/p>\n<p>Bovenop het seizoensprogramma, doet het Th\u00e9\u00e2tre de Li\u00e8ge de stad om de twee jaar ook daveren op het ritme van het festival \u00c9mulation, dat gewijd is aan jonge Belgisch-Franstalige gezelschappen die, met hun enthousiasme en (ir)relevantie, verschillende plekken in de stad aandoen.<\/p>\n<p>Deze resem ontdekkingen worden aangevuld met de internationale bi\u00ebnnale \u2018Pays de Danses\u2019, een reis naar alle vormen van hedendaagse internationale choreografische kunst (<strong>Batsheva Dance Company, Eun-Me Ahn Dance Company, Constanza Macras, Virgilio Sieni, Anne Teresa De Keersmaeker<\/strong>, \u2026).<\/p>\n<p>De seizoenen zijn ook nog doorspekt met twee andere belangrijke rendez-vous: het festival IMPACT, dat gaat over de relatie tussen podiumkunsten en nieuwe technologie\u00ebn in een optiek van samenwerking tussen de sectoren Cultuur, Onderzoek, Onderneming en Vorming; het festival Corps de Textes, dat gewijd is aan alle soorten literatuur en waarvan het programma overal in de stad te vinden is.<\/p>\n<p>Het Th\u00e9\u00e2tre de Li\u00e8ge is centraal gelegen in de Euregio Maas-Rijn en de \u2018Grande R\u00e9gion\u2019 en overschrijdt de grenzen dankzij een samenwerking met prestigieuze internationale instellingen zoals het Festival van Avignon, het Th\u00e9\u00e2tre National de la Colline en Th\u00e9\u00e2tre National de Chaillot in Parijs, de schouwburg van de stad Luxemburg, Maastricht en Hasselt, het Nationaal Theater van Korea, &#8230; waarbij er wordt samengewerkt aan de voorstellingen van de bekende regisseurs en choreografen van vandaag de dag (<strong>Krzysztof Warlikowski, Christine Letailleur, La Tristura, Ivo van Hove, Katie Mitchell<\/strong> of<strong> Pippo Delbono <\/strong>van wie de producties in het Frans worden aangeboden&#8230;).<\/p>\n<p>De actieve deelname aan tal van Europese projecten versterkt zijn positie op het internationaal toneel naast andere grote instellingen: het Maison de la danse in Lyon, de Schaub\u00fchne in Berlijn, het Nationaal Theater van Kroati\u00eb in Zagreb, het Od\u00e9on-Th\u00e9\u00e2tre de l\u2019Europe in Parijs, het San Luiz Theater in Lissabon, de Stadsschouwburg van G\u00f6teborg, de Onassis-stichting in Athene, &#8230;<\/p>\n<p>Het Th\u00e9\u00e2tre de Li\u00e8ge staat in voor de gedelegeerde productie van voorstellingen van tal van artiesten van de F\u00e9d\u00e9ration Wallonie-Bruxelles en begeleidt deze in hun ontwikkeling door middel van een partnerschap; dankzij de coproductie van het werk van buitenlandse artiesten krijgt het theater ook een internationale uitstraling, en daar hebben Belgische artiesten die door de instelling worden gesteund ook baat bij.<\/p>\n<p>&nbsp;<\/p>\n<p><strong>EEN PAREL VAN HET ERFGOED VAN DE STAD LUIK<\/strong><\/p>\n<p>In 1779 richtte Prins-bisschop Van Velbr\u00fcck de Soci\u00e9t\u00e9 libre d\u2019\u00c9mulation (de vrije vereniging L\u2019\u00c9mulation) op om de Kunsten, Letteren en Wetenschappen te cultiveren.<\/p>\n<p>De \u00c9mulation \u2013 het gebouw waarin deze wetenschappelijke vereniging was gevestigd \u2013 floreerde in de loop der jaren tot 20 augustus 1914, toen het gebouw door Duitse represailles volledig werd verwoest.<\/p>\n<p>In 1939 werd de \u00c9mulation door Julien Koenig heropgebouwd, in neoclassicistische stijl, waarbij gebruik werd gemaakt van moderne technieken voor die tijd. Zestig jaar later werd het gebouw niet meer gebruikt en verkeerde het in een staat van ernstig verval.\u00a0 In 1998, toen het als monument werd geklasseerd, kwam het op de lijst terecht van bedreigde monumenten. In het jaar 2000 werd dan besloten om de \u00c9mulation te restaureren en er het Th\u00e9\u00e2tre de Li\u00e8ge te vestigen, dat \u2018tijdelijk\u2019 naar de Place de l\u2019Yser was verhuisd.<\/p>\n<p>De Luikse architecten <strong>Pierre Hebbelinck en Pierre de Wit<\/strong> namen de verantwoordelijkheid op om de herbestemming van het gebouw in goede banen te leiden. In oktober 2013 werd het officieel ingehuldigd.<\/p>\n<p>Het Th\u00e9\u00e2tre de Li\u00e8ge, opgetrokken uit hout, beton en glas, beschikt over een oppervlakte van maar liefst 7.800 m<sup>2<\/sup> waarin neoclassicisme en hedendaags design hand in hand gaan. Pilaren, lijstwerk en vergulde decoraties gaan er samen met Vitra-meubels van de bekende Franse designer Jean Prouv\u00e9, hetgeen een pure maar toch warme sfeer cre\u00ebert.<\/p>\n<p>Het fraai staaltje architectuur wordt kracht bijgezet met een tekstuele bijdrage van de Luikse kunstenaar-performer Patrick Corillon, wiens magische woorden het gebouw in zijn geheel verlevendigen.<\/p>\n<ul>\n<li>De grote zaal: <em>Salle de la Grande Main<\/em> \/ 557 zitplaatsen<\/li>\n<li>De kleine zaal: <em>Salle de l\u2019\u0152il vert<\/em> \/ 145 zitplaatsen op een mobiele tribune<\/li>\n<li>Tentoonstellingsruimte: <em>Salle des Pieds l\u00e9gers<\/em><\/li>\n<li>De repetitiestudio <em>Salle des Nouvelles T\u00eates<\/em><\/li>\n<\/ul>\n<p>Het Th\u00e9\u00e2tre de Li\u00e8ge omvat twee toneelzalen, een kunstgalerij, een repetitiestudio en verder ook nog andere comfortabele ruimtes om het publiek te verwelkomen: een bar &#8211; het <a href=\"http:\/\/theatredeliege.be\/cafe-arts\/\">caf\u00e9 des arts<\/a> op het gelijkvloers &#8211; en een restaurant in de prachtige salons op de tweede verdieping.<\/p>\n<p>Deze ruimtes, ideaal voor ontspanning, zijn perfect aangepast voor elk type receptie, evenement of priv\u00e9feest.<\/p>\n","tpl_sidebar_blocks":[{"title_sidebar_block":"Leuk om weten","show_list_sidebar_block":false,"content_sidebar_block":"<p>Met zijn\u00a0<strong>65 000 toeschouwers<\/strong>\u00a0en meer dan\u00a0<strong>250 voorstellingen<\/strong>\u00a0per seizoen, is het Th\u00e9\u00e2tre de Li\u00e8ge vandaag de dag theater nummer 1 van Walloni\u00eb. Het kan verder rekenen op een team van een zestigtal vaste medewerkers, waaronder de vakmensen van de decor- en kostuumateliers.<\/p>\n","list_sidebar_block":false}]}],"page_header":{"title":"","description":"","image":false,"type":"default"}},"_links":{"self":[{"href":"https:\/\/theatredeliege.be\/nl\/wp-json\/wp\/v2\/pages\/2179","targetHints":{"allow":["GET"]}}],"collection":[{"href":"https:\/\/theatredeliege.be\/nl\/wp-json\/wp\/v2\/pages"}],"about":[{"href":"https:\/\/theatredeliege.be\/nl\/wp-json\/wp\/v2\/types\/page"}],"author":[{"embeddable":true,"href":"https:\/\/theatredeliege.be\/nl\/wp-json\/wp\/v2\/users\/4"}],"replies":[{"embeddable":true,"href":"https:\/\/theatredeliege.be\/nl\/wp-json\/wp\/v2\/comments?post=2179"}],"version-history":[{"count":6,"href":"https:\/\/theatredeliege.be\/nl\/wp-json\/wp\/v2\/pages\/2179\/revisions"}],"predecessor-version":[{"id":82943,"href":"https:\/\/theatredeliege.be\/nl\/wp-json\/wp\/v2\/pages\/2179\/revisions\/82943"}],"wp:featuredmedia":[{"embeddable":true,"href":"https:\/\/theatredeliege.be\/nl\/wp-json\/wp\/v2\/media\/1004"}],"wp:attachment":[{"href":"https:\/\/theatredeliege.be\/nl\/wp-json\/wp\/v2\/media?parent=2179"}],"curies":[{"name":"wp","href":"https:\/\/api.w.org\/{rel}","templated":true}]}}