{"id":2186,"date":"2014-11-11T09:54:28","date_gmt":"2014-11-11T08:54:28","guid":{"rendered":"http:\/\/theatredeliege.be\/?page_id=2186"},"modified":"2024-02-12T17:13:04","modified_gmt":"2024-02-12T16:13:04","slug":"publications","status":"publish","type":"page","link":"https:\/\/theatredeliege.be\/nl\/presentation\/publications\/","title":{"rendered":"Publicaties"},"content":{"rendered":"","protected":false},"excerpt":{"rendered":"","protected":false},"author":4,"featured_media":2751,"parent":2179,"menu_order":10,"comment_status":"closed","ping_status":"closed","template":"","meta":{"_acf_changed":false,"footnotes":""},"class_list":["post-2186","page","type-page","status-publish","has-post-thumbnail","hentry"],"acf":{"show_sidebarEvents":false,"show_sidebarPages":false,"full_tpl":[{"acf_fc_layout":"contentTab","contentTab_section":[{"titre":"Over het Th\u00e9\u00e2tre de Li\u00e8ge","contenu":"<p>De uitgeverij Mardag publiceert:<\/p>\n<p><em>En transparences<\/em> van Rafa\u00ebl Magrou<\/p>\n<p>Dit boek, met het voorvoegsel \u2018trans\u2019 als rode draad, brengt in 16 hoofdstukken het relaas van de \u2018transformatie\u2019 van het gebouw van de Soci\u00e9t\u00e9 Libre d\u2019\u00c9mulation in het Th\u00e9\u00e2tre de Li\u00e8ge.<\/p>\n<p>&nbsp;<\/p>\n<p><a href=\"http:\/\/www.editionsmardaga.com\/Theatre-de-Liege\">Link naar de site<\/a><\/p>\n"},{"titre":"Jouer le jeu. De l\u2019autre c\u00f4t\u00e9 du th\u00e9\u00e2tre belge","contenu":"<p>In september 2009 is het boek<em> Jouer le jeu. De l\u2019autre c\u00f4t\u00e9 du th\u00e9\u00e2tre belge <\/em>verschenen bij uitgeverij Luc Pire.<\/p>\n<p>&nbsp;<\/p>\n<p><strong>Het boek<\/strong><\/p>\n<p>In oktober 2009 brengt het Th\u00e9\u00e2tre de la Place via het <em>Festival Emulation \/ Europe \u2013 Communaut\u00e9 fran\u00e7aise<\/em> een overzicht van de hedendaagse creatie binnen de Franse Gemeenschap. Op het programma staan een tiental kunstenaars die al gedurende tien jaar hun stempel drukken op het toneellandschap van de Franse Gemeenschap. Om die gebeurtenis kracht bij te zetten en een vollediger overzicht van de toneelcreatie in Franstalig Belgi\u00eb te geven, publiceert het Th\u00e9\u00e2tre de Li\u00e8ge een boek over een twaalftal kunstenaars. Deze vaste waarden, die zowel deel uitmaken van het op tekst gerichte Franstalige theater als van het Vlaamse theater dat verderaf staat van klassieke opvattingen en nieuwe vormen bepleit, zijn erin geslaagd het begrip \u2018voorstelling\u2019 te bevragen via een uniek en krachtig werk.<\/p>\n<p>&nbsp;<\/p>\n<p><em>Jouer le jeu. De l\u2019autre c\u00f4t\u00e9 du th\u00e9\u00e2tre belge<\/em>\u00a0is een referentiewerk dat een aantal bespiegelingen weergeeft over zij die de identiteit bepalen van het theater in de Belgische Franse Gemeenschap.<\/p>\n<p>&nbsp;<\/p>\n<p>In dit rijkelijk ge\u00efllustreerde boek komen heel diverse vragen aan bod: Wat is er vandaag zinvol in het theater? Hoe evolueren voorstellingsvormen? Bestaan er opmerkelijke werkmethodes? Hoe komt een nieuw project tot stand qua concept en voorbereiding?<\/p>\n<p>&nbsp;<\/p>\n<p><strong>Voorgestelde kunstenaars en compagnies<\/strong><\/p>\n<p>Patrick Corillon<\/p>\n<p>Eve Bonfanti &amp; Yves Hunstad<\/p>\n<p>Armel Roussel<\/p>\n<p>Claude Schmitz<\/p>\n<p>Galin Stoev<\/p>\n<p>Jean-Beno\u00eet Ugeux<\/p>\n<p>Ingrid von Wantoch Rekowski<\/p>\n<p>Transquinquennal<\/p>\n<p>Groupe Toc<\/p>\n<p>Zouzou Leyens<\/p>\n<p>Fran\u00e7oise Berlanger<\/p>\n<p>Anne-C\u00e9cile Vandalem<\/p>\n<p>&nbsp;<\/p>\n<p><strong>Projectmanager<\/strong>\u00a0\u2013 Benoit Vreux<\/p>\n<p>Benoit Vreux, directeur van het Centre des Arts sc\u00e9niques van de Belgische Franse Gemeenschap, is al jarenlang een aandachtige toeschouwer van de Belgische podiumkunsten.<\/p>\n"},{"titre":"Ubu : Emergence(s) dans le th\u00e9\u00e2tre europ\u00e9en","contenu":"<p>Het Th\u00e9\u00e2tre de Li\u00e8ge en de dienst \u2018Histoire et Analyse du Th\u00e9\u00e2tre\u2019 van de Luikse universiteit hebben samengewerkt met het tijdschrift\u00a0<em>UBU<\/em>\u00a0om een speciaal nummer uit te geven gewijd aan jonge kunstenaars. De in juli 2010 verschenen editie <em>\u00c9mergence(s) dans le th\u00e9\u00e2tre europ\u00e9en\u201d<\/em> brengt een overzicht van de jonge generatie in 27 Europese landen. De medewerkers willen de lezer een uitgangspunt aanreiken om na te denken over het hedendaagse theater.<\/p>\n<p>Deze publicatie maakt deel uit van de jarenlange inspanningen die het Th\u00e9\u00e2tre de Li\u00e8ge levert in de ondersteuning en ontdekking van jonge gezelschappen.<\/p>\n"},{"titre":"Le Th\u00e9\u00e2tre et ses publics : la cr\u00e9ation partag\u00e9e","contenu":"<p>Dit werk verzamelt de presentaties van de kunstenaars en de onderzoekers die aan het colloquium\u00a0<em>Le th\u00e9\u00e2tre et ses publics : la cr\u00e9ation partag\u00e9e<\/em>\u00a0hebben deelgenomen. Deze ontmoeting vond plaats tussen 26 september en 29 september 2012 in een organisatie van het Th\u00e9\u00e2tre de la Place en de Luikse universiteit. Opeenvolgende economische crises en een toename van neoliberale ideologie\u00ebn hebben geleid tot een situatie waarin de overheid in meer of mindere mate domeinen als kunst, cultuur en onderwijs heeft opgegeven. Daardoor komt het sociale contract dat theater ten dienste stelt van het publiek, op de tocht te staan. Door het feit dat de overheidssteun aan cultuur in de tweede helft van de 20<sup>ste<\/sup>\u00a0eeuw een sterke ontwikkeling heeft ondergaan, zijn de verhoudingen tussen het theater en het publiek ingrijpend veranderd, met een hele reeks beleidsmatige, politieke, sociologische, economische of esthetische veranderingen tot gevolg.<\/p>\n<p>Onder het voorzitterschap van Nancy Delhalle en met de medewerking van Aline Dethise verzamelt dit boek de voornaamste werken van kunstenaars en onderzoekers als: A.-M. Autissier\u201a C. Balme\u201a T. Bartolomeu Costa\u201a F. Bauchard\u201a R. Canziani\u201a R. Castellucci\u201a J. Delcuvellerie\u201a N. Delhalle\u201a M. De Marinis\u201a L. Fleury\u201a M. Freydefont\u201a M. Furlan\u201a P. Giacch\u00e8\u201a J.-P. Han\u201a W. Hillaert\u201a M. Ikouba\u00e2n\u201a S. Kaegi\u201a \u00c9. Lacascade\u201a T. Okada\u201a S. Olivier\u201a O. Ponte di Pino\u201a J.-M. Piemme\u201a S. Saada\u201a M. H. Ser\u00f5dio\u201a C. Servais\u201a E. Slevogt\u201a R. Solis\u201a C. Stalpaert et S. Verdoodt\u201a D. T\u00e9rcio\u201a J. Thielemans\u201a K. Vanhaesebrouck\u201a J. M. Vieira Mendes\u201a J.-M. Wynants.<\/p>\n<p>&nbsp;<\/p>\n<p style=\"text-align: justify\"><a href=\"http:\/\/www.solitairesintempestifs.com\/livres\/483-le-theatre-et-ses-publics-la-creation-partagee-9782846813839.html\">Lin<\/a>k<\/p>\n"}]}],"page_header":{"title":"","description":"","image":false,"type":"default"}},"_links":{"self":[{"href":"https:\/\/theatredeliege.be\/nl\/wp-json\/wp\/v2\/pages\/2186","targetHints":{"allow":["GET"]}}],"collection":[{"href":"https:\/\/theatredeliege.be\/nl\/wp-json\/wp\/v2\/pages"}],"about":[{"href":"https:\/\/theatredeliege.be\/nl\/wp-json\/wp\/v2\/types\/page"}],"author":[{"embeddable":true,"href":"https:\/\/theatredeliege.be\/nl\/wp-json\/wp\/v2\/users\/4"}],"replies":[{"embeddable":true,"href":"https:\/\/theatredeliege.be\/nl\/wp-json\/wp\/v2\/comments?post=2186"}],"version-history":[{"count":1,"href":"https:\/\/theatredeliege.be\/nl\/wp-json\/wp\/v2\/pages\/2186\/revisions"}],"predecessor-version":[{"id":78422,"href":"https:\/\/theatredeliege.be\/nl\/wp-json\/wp\/v2\/pages\/2186\/revisions\/78422"}],"up":[{"embeddable":true,"href":"https:\/\/theatredeliege.be\/nl\/wp-json\/wp\/v2\/pages\/2179"}],"wp:featuredmedia":[{"embeddable":true,"href":"https:\/\/theatredeliege.be\/nl\/wp-json\/wp\/v2\/media\/2751"}],"wp:attachment":[{"href":"https:\/\/theatredeliege.be\/nl\/wp-json\/wp\/v2\/media?parent=2186"}],"curies":[{"name":"wp","href":"https:\/\/api.w.org\/{rel}","templated":true}]}}