{"id":2229,"date":"2014-11-24T03:48:42","date_gmt":"2014-11-24T02:48:42","guid":{"rendered":"http:\/\/theatredeliege.be\/?page_id=2229"},"modified":"2026-03-23T15:05:44","modified_gmt":"2026-03-23T14:05:44","slug":"uw-stoel-in-het-theater","status":"publish","type":"page","link":"https:\/\/theatredeliege.be\/nl\/uw-stoel-in-het-theater\/","title":{"rendered":"Uw stoel in het Theater"},"content":{"rendered":"","protected":false},"excerpt":{"rendered":"","protected":false},"author":4,"featured_media":0,"parent":0,"menu_order":23,"comment_status":"closed","ping_status":"closed","template":"","meta":{"_acf_changed":false,"footnotes":""},"class_list":["post-2229","page","type-page","status-publish","hentry"],"acf":{"show_sidebarEvents":false,"show_sidebarPages":false,"full_tpl":[{"acf_fc_layout":"tpl_sidebar","tpl_sidebar_txt":"<p>Het TH\u00c9\u00c2TRE DE LI\u00c8GE vond in l\u2019\u00c9mulation een prachtig decor voor een onvergetelijk avondje uit! De grote zaal van het theater telt 557 plaatsen. Particulieren en bedrijven hebben de mogelijkheid om een stoel te \u2018kopen\u2019.<\/p>\n<p>We zouden bijzonder verheugd zijn u te mogen verwelkomen als partner van dit ambitieuze en veelzijdige project.<\/p>\n<p><strong>Concreet:<\/strong><\/p>\n<p>Uw naam of de naam van uw bedrijf worden definitief in de armleuning van een stoel in de grote zaal gegrift.<\/p>\n<ul>\n<li>Uw naam of de naam van uw bedrijf worden op de site van het Th\u00e9\u00e2tre de Li\u00e8ge vermeld.<\/li>\n<\/ul>\n<p><span class=\"btn\" style=\"color: #ffffff\"><a style=\"color: #ffffff\" href=\"http:\/\/theatredeliege.be\/wp-content\/uploads\/2015\/02\/BonSouscription.pdf\">Inschrijving<\/a><\/span><\/p>\n<p><strong>Voordelen:<\/strong><\/p>\n<ul>\n<li>Tijdens de eerste drie seizoenen ontvangt u gratis 5 x 2 tickets die u tijdens het seizoen kunt gebruiken.<\/li>\n<li>Tijdens de eerste drie seizoenen krijgen de medewerkers van uw bedrijf en uw familieleden goedkopere tarieven (individueel ticket tegen groepstarief).<\/li>\n<li>Voor uw pr-activiteiten en bedrijfsevenementen krijgt u voorrang tot onze zalen en 25%-korting op de zaalverhuur.<\/li>\n<li>U ontvangt een gesigneerd boek van Marie-Fran\u00e7oise Plissart die twee jaar lang de werf van l\u2019\u00c9mulation heeft gevolgd.<\/li>\n<\/ul>\n","tpl_sidebar_blocks":[{"title_sidebar_block":"Downloads","show_list_sidebar_block":false,"content_sidebar_block":"<p><a class=\"btn\" href=\"\/wp-content\/uploads\/2018\/04\/TL_FicheSiege.pdf\">Download de pdf<\/a><\/p>\n","list_sidebar_block":false}]},{"acf_fc_layout":"bigList","display_list":"with_bg","bigList_title":"Enkele getuigen van deze inzet kunnen al worden benadrukt:","bigList_hNiveau":"4","bigList_content":"<ul>\n<li><strong><a href=\"https:\/\/www.accentlang.com\" target=\"_blank\" rel=\"noopener\">Accent Languages<\/a><\/strong><\/li>\n<li><strong><a href=\"https:\/\/www.amplo.be\/fr\/\">Amplo\u00a0<\/a><\/strong><\/li>\n<li><strong><a href=\"http:\/\/www.assar.com\" target=\"_blank\" rel=\"noopener\">Assar Architects<\/a><\/strong><\/li>\n<li><a href=\"http:\/\/www.triodos.be\/fr\/particuliers\/\" target=\"_blank\" rel=\"noopener\"><strong>Banque Triodos<\/strong><\/a><\/li>\n<li><strong><a href=\"https:\/\/www.chrcitadelle.be\/Accueil.aspx\" target=\"_blank\" rel=\"noopener\">CHR de la Citadelle<\/a><\/strong><\/li>\n<li><a href=\"http:\/\/www.defenso.be\" target=\"_blank\" rel=\"noopener\"><strong>D\u00e9fenso Avocats<\/strong><\/a><\/li>\n<li><strong><a href=\"https:\/\/www.explane.be\/\" target=\"_blank\" rel=\"noopener\">Explane, cabinet d\u2019avocats<\/a><\/strong><\/li>\n<li><a href=\"https:\/\/www.fremen.be\/\"><strong>Fremen<\/strong><\/a><\/li>\n<li><a href=\"https:\/\/www.gravaubel.be\/fr\/#links\"><strong>JOLY SA<\/strong><\/a><\/li>\n<li><a href=\"https:\/\/all.accor.com\/hotel\/B665\/index.fr.shtml?utm_campaign=seo+maps&amp;utm_medium=seo+maps&amp;utm_source=google+Maps\" target=\"_blank\" rel=\"noopener\"><strong>Blooma Hotel Liege City Centre<\/strong><\/a><\/li>\n<li><strong><a href=\"http:\/\/www.mnema.be\/\" target=\"_blank\" rel=\"noopener\">MNEMA, La Cit\u00e9 Miroir<\/a><\/strong><\/li>\n<li><a href=\"https:\/\/www.librairiepax.be\/\/\" target=\"_blank\" rel=\"noopener\"><strong>PAX Librairie<\/strong><\/a><\/li>\n<li><strong><a href=\"https:\/\/www.ulg.ac.be\" target=\"_blank\" rel=\"noopener\">Universit\u00e9 de Li\u00e8ge<\/a><\/strong><\/li>\n<li><strong><a href=\"https:\/\/www.vitrerieduchaine.be\" target=\"_blank\" rel=\"noopener\">Vitrerie Duchaine<\/a><\/strong><\/li>\n<\/ul>\n"}],"page_header":{"title":"","description":"","image":false,"type":"default"}},"_links":{"self":[{"href":"https:\/\/theatredeliege.be\/nl\/wp-json\/wp\/v2\/pages\/2229","targetHints":{"allow":["GET"]}}],"collection":[{"href":"https:\/\/theatredeliege.be\/nl\/wp-json\/wp\/v2\/pages"}],"about":[{"href":"https:\/\/theatredeliege.be\/nl\/wp-json\/wp\/v2\/types\/page"}],"author":[{"embeddable":true,"href":"https:\/\/theatredeliege.be\/nl\/wp-json\/wp\/v2\/users\/4"}],"replies":[{"embeddable":true,"href":"https:\/\/theatredeliege.be\/nl\/wp-json\/wp\/v2\/comments?post=2229"}],"version-history":[{"count":13,"href":"https:\/\/theatredeliege.be\/nl\/wp-json\/wp\/v2\/pages\/2229\/revisions"}],"predecessor-version":[{"id":89745,"href":"https:\/\/theatredeliege.be\/nl\/wp-json\/wp\/v2\/pages\/2229\/revisions\/89745"}],"wp:attachment":[{"href":"https:\/\/theatredeliege.be\/nl\/wp-json\/wp\/v2\/media?parent=2229"}],"curies":[{"name":"wp","href":"https:\/\/api.w.org\/{rel}","templated":true}]}}