{"id":2236,"date":"2014-11-24T03:49:21","date_gmt":"2014-11-24T02:49:21","guid":{"rendered":"http:\/\/theatredeliege.be\/?page_id=2236"},"modified":"2024-02-13T18:57:35","modified_gmt":"2024-02-13T17:57:35","slug":"associations-amis-du-theatre","status":"publish","type":"page","link":"https:\/\/theatredeliege.be\/nl\/associations-amis-du-theatre\/","title":{"rendered":"Association des amis du Th\u00e9\u00e2tre"},"content":{"rendered":"","protected":false},"excerpt":{"rendered":"","protected":false},"author":4,"featured_media":0,"parent":0,"menu_order":24,"comment_status":"closed","ping_status":"closed","template":"","meta":{"_acf_changed":false,"footnotes":""},"class_list":["post-2236","page","type-page","status-publish","hentry"],"acf":{"show_sidebarEvents":false,"show_sidebarPages":false,"full_tpl":[{"acf_fc_layout":"tpl_sidebar","tpl_sidebar_txt":"<p><strong>L\u2019ASSOCIATION DES AMIS DU THEATRE DE LIEGE<\/strong><\/p>\n<p><span class=\"tlid-translation translation\"><span class=\"\" title=\"\">De Vereniging van Vrienden van het Theater van Luik is een essenti\u00eble schakel in het theatrale leven van Luik.<\/span> <span class=\"\" title=\"\">Het werd elf jaar geleden opgericht onder het voorzitterschap van Michel Foret, nu voorgezeten door Delphine Buchet, en draagt bij tot de ontwikkeling van de artistieke missies van het theater en zijn invloed.<\/span> <span class=\"\" title=\"\">Naast de talrijke voordelen die de leden genieten, biedt het naleven daarvan vooral steun aan Luikse kunstenaars en aan kunstenaars uit de Federatie Walloni\u00eb-Brussel.<\/span> <span class=\"\" title=\"\">Het is ook een vriendelijke en originele manier om de cultuur in Luik en elders te &#8220;leven&#8221;, om te interageren met Belgische en internationale regisseurs, acteurs, choreografen, dansers, circusartiesten en om de kern te vormen van artistieke creatie.<\/span> <span title=\"\">De vereniging heeft nu 250 aangesloten en actieve leden.<\/span><\/span><\/p>\n","tpl_sidebar_blocks":[{"title_sidebar_block":"Contact","show_list_sidebar_block":false,"content_sidebar_block":"<p>Alissia Raziano<br \/>\n<a href=\"a.raziano@theatredeliege.be\">a.raziano@theatredeliege.be<\/a><br \/>\n04 344 71 97<\/p>\n<p>Les Amis du Th\u00e9\u00e2tre de Li\u00e8ge asbl<br \/>\nPlace du 20-Ao\u00fbt, 16<br \/>\nB-4000 Li\u00e8ge<\/p>\n","list_sidebar_block":false},{"title_sidebar_block":"","show_list_sidebar_block":false,"content_sidebar_block":"<p><img decoding=\"async\" class=\"size-medium wp-image-76295 aligncenter\" src=\"\/wp-content\/uploads\/2015\/02\/AMISDUTHEATRE_LOGO2-300x100.jpg\" alt=\"\" width=\"300\" height=\"200\" \/><\/p>\n","list_sidebar_block":false}]},{"acf_fc_layout":"galerie","galerie_title":"","galerie_content":[{"ID":58089,"id":58089,"title":"amis1","filename":"amis1.jpg","filesize":579251,"url":"https:\/\/theatredeliege.be\/wp-content\/uploads\/2014\/11\/amis1.jpg","link":"https:\/\/theatredeliege.be\/nl\/associations-amis-du-theatre\/amis1-2\/","alt":"","author":"3","description":"","caption":"","name":"amis1-2","status":"inherit","uploaded_to":2236,"date":"2017-04-28 12:47:21","modified":"2017-04-28 12:47:21","menu_order":0,"mime_type":"image\/jpeg","type":"image","subtype":"jpeg","icon":"https:\/\/theatredeliege.be\/wp-includes\/images\/media\/default.png","width":1650,"height":550,"sizes":{"thumbnail":"https:\/\/theatredeliege.be\/wp-content\/uploads\/2014\/11\/amis1-195x110.jpg","thumbnail-width":195,"thumbnail-height":110,"medium":"https:\/\/theatredeliege.be\/wp-content\/uploads\/2014\/11\/amis1-300x100.jpg","medium-width":300,"medium-height":100,"medium_large":"https:\/\/theatredeliege.be\/wp-content\/uploads\/2014\/11\/amis1-768x256.jpg","medium_large-width":768,"medium_large-height":256,"large":"https:\/\/theatredeliege.be\/wp-content\/uploads\/2014\/11\/amis1-1024x341.jpg","large-width":1024,"large-height":341,"1536x1536":"https:\/\/theatredeliege.be\/wp-content\/uploads\/2014\/11\/amis1.jpg","1536x1536-width":1536,"1536x1536-height":512,"2048x2048":"https:\/\/theatredeliege.be\/wp-content\/uploads\/2014\/11\/amis1.jpg","2048x2048-width":1650,"2048x2048-height":550,"box":"https:\/\/theatredeliege.be\/wp-content\/uploads\/2014\/11\/amis1-393x393.jpg","box-width":393,"box-height":393,"box_event":"https:\/\/theatredeliege.be\/wp-content\/uploads\/2014\/11\/amis1-313x150.jpg","box_event-width":313,"box_event-height":150,"gallery":"https:\/\/theatredeliege.be\/wp-content\/uploads\/2014\/11\/amis1-300x170.jpg","gallery-width":300,"gallery-height":170,"banniere":"https:\/\/theatredeliege.be\/wp-content\/uploads\/2014\/11\/amis1-1650x550.jpg","banniere-width":1650,"banniere-height":550,"banniereMobile":"https:\/\/theatredeliege.be\/wp-content\/uploads\/2014\/11\/amis1.jpg","banniereMobile-width":650,"banniereMobile-height":217,"vignette":"https:\/\/theatredeliege.be\/wp-content\/uploads\/2014\/11\/amis1.jpg","vignette-width":379,"vignette-height":126,"partner_mini":"https:\/\/theatredeliege.be\/wp-content\/uploads\/2014\/11\/amis1-80x27.jpg","partner_mini-width":80,"partner_mini-height":27,"partner_page":"https:\/\/theatredeliege.be\/wp-content\/uploads\/2014\/11\/amis1-90x30.jpg","partner_page-width":90,"partner_page-height":30,"boxevent":"https:\/\/theatredeliege.be\/wp-content\/uploads\/2014\/11\/amis1-980x400.jpg","boxevent-width":980,"boxevent-height":400,"news_thumnbail":"https:\/\/theatredeliege.be\/wp-content\/uploads\/2014\/11\/amis1-183x104.jpg","news_thumnbail-width":183,"news_thumnbail-height":104,"artiste_list":"https:\/\/theatredeliege.be\/wp-content\/uploads\/2014\/11\/amis1.jpg","artiste_list-width":290,"artiste_list-height":97,"artiste_single":"https:\/\/theatredeliege.be\/wp-content\/uploads\/2014\/11\/amis1.jpg","artiste_single-width":380,"artiste_single-height":127,"menu-24x24":"https:\/\/theatredeliege.be\/wp-content\/uploads\/2014\/11\/amis1.jpg","menu-24x24-width":24,"menu-24x24-height":8,"menu-36x36":"https:\/\/theatredeliege.be\/wp-content\/uploads\/2014\/11\/amis1.jpg","menu-36x36-width":36,"menu-36x36-height":12,"menu-48x48":"https:\/\/theatredeliege.be\/wp-content\/uploads\/2014\/11\/amis1.jpg","menu-48x48-width":48,"menu-48x48-height":16}},{"ID":58091,"id":58091,"title":"amis2","filename":"amis2.jpg","filesize":580941,"url":"https:\/\/theatredeliege.be\/wp-content\/uploads\/2014\/11\/amis2.jpg","link":"https:\/\/theatredeliege.be\/nl\/associations-amis-du-theatre\/amis2-2\/","alt":"","author":"3","description":"","caption":"","name":"amis2-2","status":"inherit","uploaded_to":2236,"date":"2017-04-28 12:47:27","modified":"2017-04-28 12:47:27","menu_order":0,"mime_type":"image\/jpeg","type":"image","subtype":"jpeg","icon":"https:\/\/theatredeliege.be\/wp-includes\/images\/media\/default.png","width":1650,"height":550,"sizes":{"thumbnail":"https:\/\/theatredeliege.be\/wp-content\/uploads\/2014\/11\/amis2-195x110.jpg","thumbnail-width":195,"thumbnail-height":110,"medium":"https:\/\/theatredeliege.be\/wp-content\/uploads\/2014\/11\/amis2-300x100.jpg","medium-width":300,"medium-height":100,"medium_large":"https:\/\/theatredeliege.be\/wp-content\/uploads\/2014\/11\/amis2-768x256.jpg","medium_large-width":768,"medium_large-height":256,"large":"https:\/\/theatredeliege.be\/wp-content\/uploads\/2014\/11\/amis2-1024x341.jpg","large-width":1024,"large-height":341,"1536x1536":"https:\/\/theatredeliege.be\/wp-content\/uploads\/2014\/11\/amis2.jpg","1536x1536-width":1536,"1536x1536-height":512,"2048x2048":"https:\/\/theatredeliege.be\/wp-content\/uploads\/2014\/11\/amis2.jpg","2048x2048-width":1650,"2048x2048-height":550,"box":"https:\/\/theatredeliege.be\/wp-content\/uploads\/2014\/11\/amis2-393x393.jpg","box-width":393,"box-height":393,"box_event":"https:\/\/theatredeliege.be\/wp-content\/uploads\/2014\/11\/amis2-313x150.jpg","box_event-width":313,"box_event-height":150,"gallery":"https:\/\/theatredeliege.be\/wp-content\/uploads\/2014\/11\/amis2-300x170.jpg","gallery-width":300,"gallery-height":170,"banniere":"https:\/\/theatredeliege.be\/wp-content\/uploads\/2014\/11\/amis2-1650x550.jpg","banniere-width":1650,"banniere-height":550,"banniereMobile":"https:\/\/theatredeliege.be\/wp-content\/uploads\/2014\/11\/amis2.jpg","banniereMobile-width":650,"banniereMobile-height":217,"vignette":"https:\/\/theatredeliege.be\/wp-content\/uploads\/2014\/11\/amis2.jpg","vignette-width":379,"vignette-height":126,"partner_mini":"https:\/\/theatredeliege.be\/wp-content\/uploads\/2014\/11\/amis2-80x27.jpg","partner_mini-width":80,"partner_mini-height":27,"partner_page":"https:\/\/theatredeliege.be\/wp-content\/uploads\/2014\/11\/amis2-90x30.jpg","partner_page-width":90,"partner_page-height":30,"boxevent":"https:\/\/theatredeliege.be\/wp-content\/uploads\/2014\/11\/amis2-980x400.jpg","boxevent-width":980,"boxevent-height":400,"news_thumnbail":"https:\/\/theatredeliege.be\/wp-content\/uploads\/2014\/11\/amis2-183x104.jpg","news_thumnbail-width":183,"news_thumnbail-height":104,"artiste_list":"https:\/\/theatredeliege.be\/wp-content\/uploads\/2014\/11\/amis2.jpg","artiste_list-width":290,"artiste_list-height":97,"artiste_single":"https:\/\/theatredeliege.be\/wp-content\/uploads\/2014\/11\/amis2.jpg","artiste_single-width":380,"artiste_single-height":127,"menu-24x24":"https:\/\/theatredeliege.be\/wp-content\/uploads\/2014\/11\/amis2.jpg","menu-24x24-width":24,"menu-24x24-height":8,"menu-36x36":"https:\/\/theatredeliege.be\/wp-content\/uploads\/2014\/11\/amis2.jpg","menu-36x36-width":36,"menu-36x36-height":12,"menu-48x48":"https:\/\/theatredeliege.be\/wp-content\/uploads\/2014\/11\/amis2.jpg","menu-48x48-width":48,"menu-48x48-height":16}},{"ID":58093,"id":58093,"title":"amis3","filename":"amis3.jpg","filesize":623584,"url":"https:\/\/theatredeliege.be\/wp-content\/uploads\/2014\/11\/amis3.jpg","link":"https:\/\/theatredeliege.be\/nl\/associations-amis-du-theatre\/amis3-2\/","alt":"","author":"3","description":"","caption":"","name":"amis3-2","status":"inherit","uploaded_to":2236,"date":"2017-04-28 12:47:30","modified":"2017-04-28 12:47:30","menu_order":0,"mime_type":"image\/jpeg","type":"image","subtype":"jpeg","icon":"https:\/\/theatredeliege.be\/wp-includes\/images\/media\/default.png","width":1650,"height":550,"sizes":{"thumbnail":"https:\/\/theatredeliege.be\/wp-content\/uploads\/2014\/11\/amis3-195x110.jpg","thumbnail-width":195,"thumbnail-height":110,"medium":"https:\/\/theatredeliege.be\/wp-content\/uploads\/2014\/11\/amis3-300x100.jpg","medium-width":300,"medium-height":100,"medium_large":"https:\/\/theatredeliege.be\/wp-content\/uploads\/2014\/11\/amis3-768x256.jpg","medium_large-width":768,"medium_large-height":256,"large":"https:\/\/theatredeliege.be\/wp-content\/uploads\/2014\/11\/amis3-1024x341.jpg","large-width":1024,"large-height":341,"1536x1536":"https:\/\/theatredeliege.be\/wp-content\/uploads\/2014\/11\/amis3.jpg","1536x1536-width":1536,"1536x1536-height":512,"2048x2048":"https:\/\/theatredeliege.be\/wp-content\/uploads\/2014\/11\/amis3.jpg","2048x2048-width":1650,"2048x2048-height":550,"box":"https:\/\/theatredeliege.be\/wp-content\/uploads\/2014\/11\/amis3-393x393.jpg","box-width":393,"box-height":393,"box_event":"https:\/\/theatredeliege.be\/wp-content\/uploads\/2014\/11\/amis3-313x150.jpg","box_event-width":313,"box_event-height":150,"gallery":"https:\/\/theatredeliege.be\/wp-content\/uploads\/2014\/11\/amis3-300x170.jpg","gallery-width":300,"gallery-height":170,"banniere":"https:\/\/theatredeliege.be\/wp-content\/uploads\/2014\/11\/amis3-1650x550.jpg","banniere-width":1650,"banniere-height":550,"banniereMobile":"https:\/\/theatredeliege.be\/wp-content\/uploads\/2014\/11\/amis3.jpg","banniereMobile-width":650,"banniereMobile-height":217,"vignette":"https:\/\/theatredeliege.be\/wp-content\/uploads\/2014\/11\/amis3.jpg","vignette-width":379,"vignette-height":126,"partner_mini":"https:\/\/theatredeliege.be\/wp-content\/uploads\/2014\/11\/amis3-80x27.jpg","partner_mini-width":80,"partner_mini-height":27,"partner_page":"https:\/\/theatredeliege.be\/wp-content\/uploads\/2014\/11\/amis3-90x30.jpg","partner_page-width":90,"partner_page-height":30,"boxevent":"https:\/\/theatredeliege.be\/wp-content\/uploads\/2014\/11\/amis3-980x400.jpg","boxevent-width":980,"boxevent-height":400,"news_thumnbail":"https:\/\/theatredeliege.be\/wp-content\/uploads\/2014\/11\/amis3-183x104.jpg","news_thumnbail-width":183,"news_thumnbail-height":104,"artiste_list":"https:\/\/theatredeliege.be\/wp-content\/uploads\/2014\/11\/amis3.jpg","artiste_list-width":290,"artiste_list-height":97,"artiste_single":"https:\/\/theatredeliege.be\/wp-content\/uploads\/2014\/11\/amis3.jpg","artiste_single-width":380,"artiste_single-height":127,"menu-24x24":"https:\/\/theatredeliege.be\/wp-content\/uploads\/2014\/11\/amis3.jpg","menu-24x24-width":24,"menu-24x24-height":8,"menu-36x36":"https:\/\/theatredeliege.be\/wp-content\/uploads\/2014\/11\/amis3.jpg","menu-36x36-width":36,"menu-36x36-height":12,"menu-48x48":"https:\/\/theatredeliege.be\/wp-content\/uploads\/2014\/11\/amis3.jpg","menu-48x48-width":48,"menu-48x48-height":16}},{"ID":58095,"id":58095,"title":"amis4","filename":"amis4.jpg","filesize":636915,"url":"https:\/\/theatredeliege.be\/wp-content\/uploads\/2014\/11\/amis4.jpg","link":"https:\/\/theatredeliege.be\/nl\/associations-amis-du-theatre\/amis4-2\/","alt":"","author":"3","description":"","caption":"","name":"amis4-2","status":"inherit","uploaded_to":2236,"date":"2017-04-28 12:47:33","modified":"2017-04-28 12:47:33","menu_order":0,"mime_type":"image\/jpeg","type":"image","subtype":"jpeg","icon":"https:\/\/theatredeliege.be\/wp-includes\/images\/media\/default.png","width":1650,"height":550,"sizes":{"thumbnail":"https:\/\/theatredeliege.be\/wp-content\/uploads\/2014\/11\/amis4-195x110.jpg","thumbnail-width":195,"thumbnail-height":110,"medium":"https:\/\/theatredeliege.be\/wp-content\/uploads\/2014\/11\/amis4-300x100.jpg","medium-width":300,"medium-height":100,"medium_large":"https:\/\/theatredeliege.be\/wp-content\/uploads\/2014\/11\/amis4-768x256.jpg","medium_large-width":768,"medium_large-height":256,"large":"https:\/\/theatredeliege.be\/wp-content\/uploads\/2014\/11\/amis4-1024x341.jpg","large-width":1024,"large-height":341,"1536x1536":"https:\/\/theatredeliege.be\/wp-content\/uploads\/2014\/11\/amis4.jpg","1536x1536-width":1536,"1536x1536-height":512,"2048x2048":"https:\/\/theatredeliege.be\/wp-content\/uploads\/2014\/11\/amis4.jpg","2048x2048-width":1650,"2048x2048-height":550,"box":"https:\/\/theatredeliege.be\/wp-content\/uploads\/2014\/11\/amis4-393x393.jpg","box-width":393,"box-height":393,"box_event":"https:\/\/theatredeliege.be\/wp-content\/uploads\/2014\/11\/amis4-313x150.jpg","box_event-width":313,"box_event-height":150,"gallery":"https:\/\/theatredeliege.be\/wp-content\/uploads\/2014\/11\/amis4-300x170.jpg","gallery-width":300,"gallery-height":170,"banniere":"https:\/\/theatredeliege.be\/wp-content\/uploads\/2014\/11\/amis4-1650x550.jpg","banniere-width":1650,"banniere-height":550,"banniereMobile":"https:\/\/theatredeliege.be\/wp-content\/uploads\/2014\/11\/amis4.jpg","banniereMobile-width":650,"banniereMobile-height":217,"vignette":"https:\/\/theatredeliege.be\/wp-content\/uploads\/2014\/11\/amis4.jpg","vignette-width":379,"vignette-height":126,"partner_mini":"https:\/\/theatredeliege.be\/wp-content\/uploads\/2014\/11\/amis4-80x27.jpg","partner_mini-width":80,"partner_mini-height":27,"partner_page":"https:\/\/theatredeliege.be\/wp-content\/uploads\/2014\/11\/amis4-90x30.jpg","partner_page-width":90,"partner_page-height":30,"boxevent":"https:\/\/theatredeliege.be\/wp-content\/uploads\/2014\/11\/amis4-980x400.jpg","boxevent-width":980,"boxevent-height":400,"news_thumnbail":"https:\/\/theatredeliege.be\/wp-content\/uploads\/2014\/11\/amis4-183x104.jpg","news_thumnbail-width":183,"news_thumnbail-height":104,"artiste_list":"https:\/\/theatredeliege.be\/wp-content\/uploads\/2014\/11\/amis4.jpg","artiste_list-width":290,"artiste_list-height":97,"artiste_single":"https:\/\/theatredeliege.be\/wp-content\/uploads\/2014\/11\/amis4.jpg","artiste_single-width":380,"artiste_single-height":127,"menu-24x24":"https:\/\/theatredeliege.be\/wp-content\/uploads\/2014\/11\/amis4.jpg","menu-24x24-width":24,"menu-24x24-height":8,"menu-36x36":"https:\/\/theatredeliege.be\/wp-content\/uploads\/2014\/11\/amis4.jpg","menu-36x36-width":36,"menu-36x36-height":12,"menu-48x48":"https:\/\/theatredeliege.be\/wp-content\/uploads\/2014\/11\/amis4.jpg","menu-48x48-width":48,"menu-48x48-height":16}},{"ID":58097,"id":58097,"title":"amis5","filename":"amis5.jpg","filesize":590451,"url":"https:\/\/theatredeliege.be\/wp-content\/uploads\/2014\/11\/amis5.jpg","link":"https:\/\/theatredeliege.be\/nl\/associations-amis-du-theatre\/amis5-2\/","alt":"","author":"3","description":"","caption":"","name":"amis5-2","status":"inherit","uploaded_to":2236,"date":"2017-04-28 12:47:37","modified":"2017-04-28 12:47:37","menu_order":0,"mime_type":"image\/jpeg","type":"image","subtype":"jpeg","icon":"https:\/\/theatredeliege.be\/wp-includes\/images\/media\/default.png","width":1650,"height":550,"sizes":{"thumbnail":"https:\/\/theatredeliege.be\/wp-content\/uploads\/2014\/11\/amis5-195x110.jpg","thumbnail-width":195,"thumbnail-height":110,"medium":"https:\/\/theatredeliege.be\/wp-content\/uploads\/2014\/11\/amis5-300x100.jpg","medium-width":300,"medium-height":100,"medium_large":"https:\/\/theatredeliege.be\/wp-content\/uploads\/2014\/11\/amis5-768x256.jpg","medium_large-width":768,"medium_large-height":256,"large":"https:\/\/theatredeliege.be\/wp-content\/uploads\/2014\/11\/amis5-1024x341.jpg","large-width":1024,"large-height":341,"1536x1536":"https:\/\/theatredeliege.be\/wp-content\/uploads\/2014\/11\/amis5.jpg","1536x1536-width":1536,"1536x1536-height":512,"2048x2048":"https:\/\/theatredeliege.be\/wp-content\/uploads\/2014\/11\/amis5.jpg","2048x2048-width":1650,"2048x2048-height":550,"box":"https:\/\/theatredeliege.be\/wp-content\/uploads\/2014\/11\/amis5-393x393.jpg","box-width":393,"box-height":393,"box_event":"https:\/\/theatredeliege.be\/wp-content\/uploads\/2014\/11\/amis5-313x150.jpg","box_event-width":313,"box_event-height":150,"gallery":"https:\/\/theatredeliege.be\/wp-content\/uploads\/2014\/11\/amis5-300x170.jpg","gallery-width":300,"gallery-height":170,"banniere":"https:\/\/theatredeliege.be\/wp-content\/uploads\/2014\/11\/amis5-1650x550.jpg","banniere-width":1650,"banniere-height":550,"banniereMobile":"https:\/\/theatredeliege.be\/wp-content\/uploads\/2014\/11\/amis5.jpg","banniereMobile-width":650,"banniereMobile-height":217,"vignette":"https:\/\/theatredeliege.be\/wp-content\/uploads\/2014\/11\/amis5.jpg","vignette-width":379,"vignette-height":126,"partner_mini":"https:\/\/theatredeliege.be\/wp-content\/uploads\/2014\/11\/amis5-80x27.jpg","partner_mini-width":80,"partner_mini-height":27,"partner_page":"https:\/\/theatredeliege.be\/wp-content\/uploads\/2014\/11\/amis5-90x30.jpg","partner_page-width":90,"partner_page-height":30,"boxevent":"https:\/\/theatredeliege.be\/wp-content\/uploads\/2014\/11\/amis5-980x400.jpg","boxevent-width":980,"boxevent-height":400,"news_thumnbail":"https:\/\/theatredeliege.be\/wp-content\/uploads\/2014\/11\/amis5-183x104.jpg","news_thumnbail-width":183,"news_thumnbail-height":104,"artiste_list":"https:\/\/theatredeliege.be\/wp-content\/uploads\/2014\/11\/amis5.jpg","artiste_list-width":290,"artiste_list-height":97,"artiste_single":"https:\/\/theatredeliege.be\/wp-content\/uploads\/2014\/11\/amis5.jpg","artiste_single-width":380,"artiste_single-height":127,"menu-24x24":"https:\/\/theatredeliege.be\/wp-content\/uploads\/2014\/11\/amis5.jpg","menu-24x24-width":24,"menu-24x24-height":8,"menu-36x36":"https:\/\/theatredeliege.be\/wp-content\/uploads\/2014\/11\/amis5.jpg","menu-36x36-width":36,"menu-36x36-height":12,"menu-48x48":"https:\/\/theatredeliege.be\/wp-content\/uploads\/2014\/11\/amis5.jpg","menu-48x48-width":48,"menu-48x48-height":16}},{"ID":58099,"id":58099,"title":"amis6","filename":"amis6.jpg","filesize":493401,"url":"https:\/\/theatredeliege.be\/wp-content\/uploads\/2014\/11\/amis6.jpg","link":"https:\/\/theatredeliege.be\/nl\/associations-amis-du-theatre\/amis6-2\/","alt":"","author":"3","description":"","caption":"","name":"amis6-2","status":"inherit","uploaded_to":2236,"date":"2017-04-28 12:47:40","modified":"2017-04-28 12:47:40","menu_order":0,"mime_type":"image\/jpeg","type":"image","subtype":"jpeg","icon":"https:\/\/theatredeliege.be\/wp-includes\/images\/media\/default.png","width":1650,"height":550,"sizes":{"thumbnail":"https:\/\/theatredeliege.be\/wp-content\/uploads\/2014\/11\/amis6-195x110.jpg","thumbnail-width":195,"thumbnail-height":110,"medium":"https:\/\/theatredeliege.be\/wp-content\/uploads\/2014\/11\/amis6-300x100.jpg","medium-width":300,"medium-height":100,"medium_large":"https:\/\/theatredeliege.be\/wp-content\/uploads\/2014\/11\/amis6-768x256.jpg","medium_large-width":768,"medium_large-height":256,"large":"https:\/\/theatredeliege.be\/wp-content\/uploads\/2014\/11\/amis6-1024x341.jpg","large-width":1024,"large-height":341,"1536x1536":"https:\/\/theatredeliege.be\/wp-content\/uploads\/2014\/11\/amis6.jpg","1536x1536-width":1536,"1536x1536-height":512,"2048x2048":"https:\/\/theatredeliege.be\/wp-content\/uploads\/2014\/11\/amis6.jpg","2048x2048-width":1650,"2048x2048-height":550,"box":"https:\/\/theatredeliege.be\/wp-content\/uploads\/2014\/11\/amis6-393x393.jpg","box-width":393,"box-height":393,"box_event":"https:\/\/theatredeliege.be\/wp-content\/uploads\/2014\/11\/amis6-313x150.jpg","box_event-width":313,"box_event-height":150,"gallery":"https:\/\/theatredeliege.be\/wp-content\/uploads\/2014\/11\/amis6-300x170.jpg","gallery-width":300,"gallery-height":170,"banniere":"https:\/\/theatredeliege.be\/wp-content\/uploads\/2014\/11\/amis6-1650x550.jpg","banniere-width":1650,"banniere-height":550,"banniereMobile":"https:\/\/theatredeliege.be\/wp-content\/uploads\/2014\/11\/amis6.jpg","banniereMobile-width":650,"banniereMobile-height":217,"vignette":"https:\/\/theatredeliege.be\/wp-content\/uploads\/2014\/11\/amis6.jpg","vignette-width":379,"vignette-height":126,"partner_mini":"https:\/\/theatredeliege.be\/wp-content\/uploads\/2014\/11\/amis6-80x27.jpg","partner_mini-width":80,"partner_mini-height":27,"partner_page":"https:\/\/theatredeliege.be\/wp-content\/uploads\/2014\/11\/amis6-90x30.jpg","partner_page-width":90,"partner_page-height":30,"boxevent":"https:\/\/theatredeliege.be\/wp-content\/uploads\/2014\/11\/amis6-980x400.jpg","boxevent-width":980,"boxevent-height":400,"news_thumnbail":"https:\/\/theatredeliege.be\/wp-content\/uploads\/2014\/11\/amis6-183x104.jpg","news_thumnbail-width":183,"news_thumnbail-height":104,"artiste_list":"https:\/\/theatredeliege.be\/wp-content\/uploads\/2014\/11\/amis6.jpg","artiste_list-width":290,"artiste_list-height":97,"artiste_single":"https:\/\/theatredeliege.be\/wp-content\/uploads\/2014\/11\/amis6.jpg","artiste_single-width":380,"artiste_single-height":127,"menu-24x24":"https:\/\/theatredeliege.be\/wp-content\/uploads\/2014\/11\/amis6.jpg","menu-24x24-width":24,"menu-24x24-height":8,"menu-36x36":"https:\/\/theatredeliege.be\/wp-content\/uploads\/2014\/11\/amis6.jpg","menu-36x36-width":36,"menu-36x36-height":12,"menu-48x48":"https:\/\/theatredeliege.be\/wp-content\/uploads\/2014\/11\/amis6.jpg","menu-48x48-width":48,"menu-48x48-height":16}}]}],"page_header":{"title":"","description":"","image":false,"type":"default"}},"_links":{"self":[{"href":"https:\/\/theatredeliege.be\/nl\/wp-json\/wp\/v2\/pages\/2236","targetHints":{"allow":["GET"]}}],"collection":[{"href":"https:\/\/theatredeliege.be\/nl\/wp-json\/wp\/v2\/pages"}],"about":[{"href":"https:\/\/theatredeliege.be\/nl\/wp-json\/wp\/v2\/types\/page"}],"author":[{"embeddable":true,"href":"https:\/\/theatredeliege.be\/nl\/wp-json\/wp\/v2\/users\/4"}],"replies":[{"embeddable":true,"href":"https:\/\/theatredeliege.be\/nl\/wp-json\/wp\/v2\/comments?post=2236"}],"version-history":[{"count":9,"href":"https:\/\/theatredeliege.be\/nl\/wp-json\/wp\/v2\/pages\/2236\/revisions"}],"predecessor-version":[{"id":78525,"href":"https:\/\/theatredeliege.be\/nl\/wp-json\/wp\/v2\/pages\/2236\/revisions\/78525"}],"wp:attachment":[{"href":"https:\/\/theatredeliege.be\/nl\/wp-json\/wp\/v2\/media?parent=2236"}],"curies":[{"name":"wp","href":"https:\/\/api.w.org\/{rel}","templated":true}]}}