{"id":2266,"date":"2014-11-11T09:56:46","date_gmt":"2014-11-11T08:56:46","guid":{"rendered":"http:\/\/theatredeliege.be\/?page_id=2266"},"modified":"2024-02-13T18:24:48","modified_gmt":"2024-02-13T17:24:48","slug":"animations","status":"publish","type":"page","link":"https:\/\/theatredeliege.be\/nl\/animations\/","title":{"rendered":"Animaties"},"content":{"rendered":"","protected":false},"excerpt":{"rendered":"","protected":false},"author":4,"featured_media":73699,"parent":0,"menu_order":26,"comment_status":"closed","ping_status":"closed","template":"","meta":{"_acf_changed":false,"footnotes":""},"class_list":["post-2266","page","type-page","status-publish","has-post-thumbnail","hentry"],"acf":{"show_sidebarEvents":false,"show_sidebarPages":false,"full_tpl":[{"acf_fc_layout":"tpl_full","colonne":"1","tpl_full_txt_col1":"<h2>De pedagogische dienst van het Th\u00e9\u00e2tre de Li\u00e8ge stelt meerdere activiteiten voor die studenten gevoelig voor de podiumkunsten maken:<\/h2>\n<p><strong>Animaties<\/strong><\/p>\n<p>Op eenvoudige aanvraag gaan de verantwoordelijke organisators van het Th\u00e9\u00e2tre de Li\u00e8ge gratis naar klassen om de scholieren aan een voorstelling voor te bereiden en hen uitleggingen te geven. De \u201cCahiers p\u00e9dagogiques\u201d (in het Frans) zijn beschikbaar op de site vanaf het begin van het nieuwe seizoen.<\/p>\n<p><strong>Bezoek van het theater<\/strong><\/p>\n<p>Door het bezoek van het theater kunnen de scholieren de coulissen, de ateliers en de verschillende beroepen ontdekken. Het bezoek kan bij specifieke verzoeken van leraren passen. Die activiteit hangt van de beschikbaarheid van de zalen af.<br \/>\nPrijs: 2\u20ac<\/p>\n<p><strong>Langere thematische animaties in het kader van het decreet \u201cCulture-Enseignement\u201d van de Franse Gemeenschap<\/strong><\/p>\n<p>Het doel van die animaties is een ruimte voor het nadenken, het analyseren, het toneelspelen of het dansen te cre\u00ebren. Ze worden in samenwerking van de schoolinstellingen uitgevoerd. Specifieke dossiers moeten twee keer per jaar worden teruggegeven.<\/p>\n<p>(Info\u00a0:\u00a0<a href=\"http:\/\/www.culture-enseignement.cfwb.be\/\">www.culture-enseignement.cfwb.be<\/a>)<\/p>\n","tpl_full_txt_col2":"","show_border":false,"padding":[],"bg_color":""}],"page_header":{"title":"","description":"","image":false,"type":"default"}},"_links":{"self":[{"href":"https:\/\/theatredeliege.be\/nl\/wp-json\/wp\/v2\/pages\/2266","targetHints":{"allow":["GET"]}}],"collection":[{"href":"https:\/\/theatredeliege.be\/nl\/wp-json\/wp\/v2\/pages"}],"about":[{"href":"https:\/\/theatredeliege.be\/nl\/wp-json\/wp\/v2\/types\/page"}],"author":[{"embeddable":true,"href":"https:\/\/theatredeliege.be\/nl\/wp-json\/wp\/v2\/users\/4"}],"replies":[{"embeddable":true,"href":"https:\/\/theatredeliege.be\/nl\/wp-json\/wp\/v2\/comments?post=2266"}],"version-history":[{"count":2,"href":"https:\/\/theatredeliege.be\/nl\/wp-json\/wp\/v2\/pages\/2266\/revisions"}],"predecessor-version":[{"id":78511,"href":"https:\/\/theatredeliege.be\/nl\/wp-json\/wp\/v2\/pages\/2266\/revisions\/78511"}],"wp:featuredmedia":[{"embeddable":true,"href":"https:\/\/theatredeliege.be\/nl\/wp-json\/wp\/v2\/media\/73699"}],"wp:attachment":[{"href":"https:\/\/theatredeliege.be\/nl\/wp-json\/wp\/v2\/media?parent=2266"}],"curies":[{"name":"wp","href":"https:\/\/api.w.org\/{rel}","templated":true}]}}