{"id":2303,"date":"2014-11-24T03:53:36","date_gmt":"2014-11-24T02:53:36","guid":{"rendered":"http:\/\/theatredeliege.be\/?page_id=2303"},"modified":"2024-02-13T17:13:28","modified_gmt":"2024-02-13T16:13:28","slug":"restaurant","status":"publish","type":"page","link":"https:\/\/theatredeliege.be\/nl\/restaurant\/","title":{"rendered":"BACI, het nieuwe restaurant"},"content":{"rendered":"","protected":false},"excerpt":{"rendered":"","protected":false},"author":4,"featured_media":52584,"parent":0,"menu_order":31,"comment_status":"closed","ping_status":"closed","template":"","meta":{"_acf_changed":false,"footnotes":""},"class_list":["post-2303","page","type-page","status-publish","has-post-thumbnail","hentry"],"acf":{"show_sidebarEvents":false,"show_sidebarPages":false,"full_tpl":[{"acf_fc_layout":"tpl_sidebar","tpl_sidebar_txt":"<h2>Baci, het nieuwe restaurant van het Th\u00e9\u00e2tre de Li\u00e8ge!<\/h2>\n<p>Verfijnde keuken met mediterrane invloeden in de prachtige salons van het Th\u00e9\u00e2tre de Li\u00e8ge.<\/p>\n<p>Geopend van woensdag tot zaterdag<br \/>\nvan 12 tot 14 uur en van 19 tot 21 uur.<\/p>\n<p><strong>Telefoon:<\/strong> <a href=\"tel:0475 34 36 75\">0475 34 36 75<\/a><br \/>\n<strong>E-mailadres:<\/strong> <a href=\"mailto:ciao@bacibaci.be\">ciao@bacibaci.be<\/a><\/p>\n<div id=\"gtx-trans\" style=\"position: absolute;left: -4px;top: 182.594px\">\n<div class=\"gtx-trans-icon\"><\/div>\n<\/div>\n","tpl_sidebar_blocks":[{"title_sidebar_block":"Infos utiles","show_list_sidebar_block":false,"content_sidebar_block":"<p><a class=\"btn\" href=\"https:\/\/www.bacibaci.be\/\">R\u00e9servez votre table<\/a><\/p>\n<p><a class=\"btn btn--black\" href=\"https:\/\/www.bacibaci.be\/menu\">Consultez le menu<\/a><\/p>\n","list_sidebar_block":false}]}],"page_header":{"title":"","description":"","image":false,"type":"default"}},"_links":{"self":[{"href":"https:\/\/theatredeliege.be\/nl\/wp-json\/wp\/v2\/pages\/2303","targetHints":{"allow":["GET"]}}],"collection":[{"href":"https:\/\/theatredeliege.be\/nl\/wp-json\/wp\/v2\/pages"}],"about":[{"href":"https:\/\/theatredeliege.be\/nl\/wp-json\/wp\/v2\/types\/page"}],"author":[{"embeddable":true,"href":"https:\/\/theatredeliege.be\/nl\/wp-json\/wp\/v2\/users\/4"}],"replies":[{"embeddable":true,"href":"https:\/\/theatredeliege.be\/nl\/wp-json\/wp\/v2\/comments?post=2303"}],"version-history":[{"count":17,"href":"https:\/\/theatredeliege.be\/nl\/wp-json\/wp\/v2\/pages\/2303\/revisions"}],"predecessor-version":[{"id":78487,"href":"https:\/\/theatredeliege.be\/nl\/wp-json\/wp\/v2\/pages\/2303\/revisions\/78487"}],"wp:featuredmedia":[{"embeddable":true,"href":"https:\/\/theatredeliege.be\/nl\/wp-json\/wp\/v2\/media\/52584"}],"wp:attachment":[{"href":"https:\/\/theatredeliege.be\/nl\/wp-json\/wp\/v2\/media?parent=2303"}],"curies":[{"name":"wp","href":"https:\/\/api.w.org\/{rel}","templated":true}]}}