{"id":2659,"date":"2014-11-11T09:53:13","date_gmt":"2014-11-11T08:53:13","guid":{"rendered":"http:\/\/theatredeliege.be\/?page_id=2659"},"modified":"2024-02-13T19:54:17","modified_gmt":"2024-02-13T18:54:17","slug":"acces","status":"publish","type":"page","link":"https:\/\/theatredeliege.be\/nl\/acces\/","title":{"rendered":"Bereikbaarheid &amp; parkeren"},"content":{"rendered":"","protected":false},"excerpt":{"rendered":"","protected":false},"author":4,"featured_media":0,"parent":0,"menu_order":17,"comment_status":"closed","ping_status":"closed","template":"","meta":{"_acf_changed":false,"footnotes":""},"class_list":["post-2659","page","type-page","status-publish","hentry"],"acf":{"show_sidebarEvents":false,"show_sidebarPages":false,"full_tpl":[{"acf_fc_layout":"tpl_sidebar","tpl_sidebar_txt":"<p><span lang=\"nl\">Partner parkeren <\/span><strong>:<\/strong><strong><em>\u00a0<\/em><\/strong><strong><em>My Park<\/em><\/strong><\/p>\n<p>Charles Magnette, Rue S\u0153urs de Hasque 1B \u2013 4000 Luik<\/p>\n<p>Binnenrijden tot 20u \u2013 Parking verlaten: 24u per dag<\/p>\n<p><strong>TARIEF: VAST BEDRAG \u20ac 5 voor 7 uur parkeren<\/strong><\/p>\n<p>Ticket afhalen aan de theaterbalie \/ Betalen aan de parkingkassa<\/p>\n<p>&nbsp;<\/p>\n<p><strong>Taxi<\/strong><\/p>\n<p>Onze partner: Taxis Melkior \u00b7 04 252 20 20<\/p>\n<p>5% korting op de rit van en naar het Theater op vertoon van uw ticket.<\/p>\n<p>10% korting met de Melchior-klantenkaart beschikbaar aan de ticketbalie.<\/p>\n<p>De toeschouwers worden voor het Theater afgezet en opgehaald.<\/p>\n<p>&nbsp;<\/p>\n<p><a class=\"btn\" href=\"http:\/\/www.melkior.be\/fr\/\">Site<\/a><\/p>\n","tpl_sidebar_blocks":[{"title_sidebar_block":"Adres","show_list_sidebar_block":false,"content_sidebar_block":"<p>Th\u00e9\u00e2tre de Li\u00e8ge \u00b7 Place du 20-Ao\u00fbt 16 \u00b7 4000 Li\u00e8ge<br \/>\nAdministratie\u00a0: <a href=\"tel:04 344 71 60\">04 344 71 60<\/a><\/p>\n<div id=\"gtx-trans\" style=\"position: absolute;left: 63px;top: 66px\">\n<div class=\"gtx-trans-icon\"><\/div>\n<\/div>\n","list_sidebar_block":false}]}],"page_header":{"title":"","description":"","image":false,"type":"default"}},"_links":{"self":[{"href":"https:\/\/theatredeliege.be\/nl\/wp-json\/wp\/v2\/pages\/2659","targetHints":{"allow":["GET"]}}],"collection":[{"href":"https:\/\/theatredeliege.be\/nl\/wp-json\/wp\/v2\/pages"}],"about":[{"href":"https:\/\/theatredeliege.be\/nl\/wp-json\/wp\/v2\/types\/page"}],"author":[{"embeddable":true,"href":"https:\/\/theatredeliege.be\/nl\/wp-json\/wp\/v2\/users\/4"}],"replies":[{"embeddable":true,"href":"https:\/\/theatredeliege.be\/nl\/wp-json\/wp\/v2\/comments?post=2659"}],"version-history":[{"count":9,"href":"https:\/\/theatredeliege.be\/nl\/wp-json\/wp\/v2\/pages\/2659\/revisions"}],"predecessor-version":[{"id":78546,"href":"https:\/\/theatredeliege.be\/nl\/wp-json\/wp\/v2\/pages\/2659\/revisions\/78546"}],"wp:attachment":[{"href":"https:\/\/theatredeliege.be\/nl\/wp-json\/wp\/v2\/media?parent=2659"}],"curies":[{"name":"wp","href":"https:\/\/api.w.org\/{rel}","templated":true}]}}