{"id":8845,"date":"2018-03-13T16:07:30","date_gmt":"2018-03-13T15:07:30","guid":{"rendered":"http:\/\/theatredeliege.be\/?page_id=8845"},"modified":"2024-02-12T12:31:37","modified_gmt":"2024-02-12T11:31:37","slug":"berenice","status":"publish","type":"page","link":"https:\/\/theatredeliege.be\/nl\/berenice\/","title":{"rendered":"B\u00e9r\u00e9nice"},"content":{"rendered":"","protected":false},"excerpt":{"rendered":"","protected":false},"author":3,"featured_media":0,"parent":0,"menu_order":0,"comment_status":"closed","ping_status":"closed","template":"","meta":{"_acf_changed":false,"footnotes":""},"class_list":["post-8845","page","type-page","status-publish","hentry"],"acf":{"show_sidebarEvents":false,"show_sidebarPages":false,"full_tpl":[{"acf_fc_layout":"tpl_full","colonne":"1","tpl_full_txt_col1":"<p>B\u00e9r\u00e9nice is een netwerk van culturele en sociale actoren die zijn opgericht in de Grote Regio (Lotharingen, Luxemburg, Saarland, Rijnland-Palts, Walloni\u00eb, Duitstalige Gemeenschap van Belgi\u00eb) om discriminatie te bestrijden. Dit netwerk brengt verschillende partners samen, waaronder de toonaangevende vereniging Passages (Metz), evenals de EPCC Metz en Sc\u00e8nes, het Th\u00e9\u00e2tre de Li\u00e8ge, het Trier Theater (Theater van Trier, Duitsland) en de Chudoscnik Sunergia (Eupen).<\/p>\n<p>&nbsp;<\/p>\n<p>Het is met het doel vragen te stellen over de innovaties die het mogelijk maken om kunst en cultuur te herdenken als een manier om mensen te verbinden, die het B\u00e9r\u00e9nice-project bedacht is. Deze laatste groep brengt instellingen samen zoals festivals, plaatsen van creatie, verenigingen, allemaal ervan overtuigd dat cultuur en entertainment een sleutelrol te spelen hebben bij sociale inclusie. Deze instellingen willen dichter bij het sociale veld komen om nieuwe vormen van culturele diversiteit te eren, te innoveren en te experimenteren, het wederzijds begrip te versterken en alle vormen van discriminatie te bestrijden.<\/p>\n<p>&nbsp;<\/p>\n<p>Verschillende grensoverschrijdende landen hebben niet dezelfde aanpak of dezelfde definitie met betrekking tot identiteit, sociaal gebied, gemeenschappen en migratie. Deelnemen aan een grensoverschrijdende aanpak betekent dat verschillende partners samen kunnen komen om gemeenschappelijke oplossingen te vinden, waarbij menselijke en financi\u00eble middelen worden gebundeld om te innoveren, nieuwe benaderingen van inclusieve culturele acties te bedenken en te experimenteren. Het stelt kunstenaars uit de Grote Regio ook in staat om deel te nemen aan een proces van grensoverschrijdende creatie en om zich internationaal te ontwikkelen.<\/p>\n<p>&nbsp;<\/p>\n<p>Drie acties zijn opgezet rond dit project: het B\u00e9r\u00e9nice-label, de B\u00e9r\u00e9nice-fabriek en de B\u00e9r\u00e9nice-caravan.<\/p>\n<p>&nbsp;<\/p>\n<p>De shows van het seizoen 2020-2021 in het Th\u00e9\u00e2tre de Li\u00e8ge:<\/p>\n<p><a href=\"https:\/\/theatredeliege.be\/nl\/evenement\/queen-blood\/\">Queen Blood<\/a><\/p>\n<p><a href=\"https:\/\/theatredeliege.be\/nl\/evenement\/pink-boys-and-old-ladies\/\">Pink Boys<\/a><\/p>\n<p><a href=\"https:\/\/theatredeliege.be\/nl\/evenement\/muhammad\/\">Muhammad<\/a><\/p>\n<p><a href=\"https:\/\/theatredeliege.be\/nl\/evenement\/je-crois-que-dehors-cest-le-printemps\/\">Je crois que dehors c&#8217;est le printemps<\/a><\/p>\n<p><a href=\"https:\/\/theatredeliege.be\/nl\/evenement\/une-tentative-presque-comme-une-autre-2\/\">Une tentative presque comme une autre<\/a><\/p>\n<p><a class=\"lightbox\" href=\"http:\/\/theatredeliege.be\/wp-content\/uploads\/2017\/02\/europe.jpg\"><img decoding=\"async\" class=\"alignleft size-full wp-image-4699\" src=\"http:\/\/theatredeliege.be\/wp-content\/uploads\/2017\/02\/europe.jpg\" alt=\"europe\" width=\"156\" height=\"156\" srcset=\"https:\/\/theatredeliege.be\/wp-content\/uploads\/2017\/02\/europe.jpg 300w, https:\/\/theatredeliege.be\/wp-content\/uploads\/2017\/02\/europe-80x80.jpg 80w, https:\/\/theatredeliege.be\/wp-content\/uploads\/2017\/02\/europe-90x90.jpg 90w\" sizes=\"(max-width: 156px) 100vw, 156px\" \/><\/a> <a class=\"lightbox\" href=\"http:\/\/theatredeliege.be\/wp-content\/uploads\/2017\/02\/interregGR.jpg\"><img decoding=\"async\" class=\"alignleft wp-image-4700\" src=\"http:\/\/theatredeliege.be\/wp-content\/uploads\/2017\/02\/interregGR.jpg\" alt=\"interregGR\" width=\"159\" height=\"159\" srcset=\"https:\/\/theatredeliege.be\/wp-content\/uploads\/2017\/02\/interregGR.jpg 300w, https:\/\/theatredeliege.be\/wp-content\/uploads\/2017\/02\/interregGR-80x80.jpg 80w, https:\/\/theatredeliege.be\/wp-content\/uploads\/2017\/02\/interregGR-90x90.jpg 90w\" sizes=\"(max-width: 159px) 100vw, 159px\" \/><\/a> <a class=\"lightbox\" href=\"http:\/\/theatredeliege.be\/wp-content\/uploads\/2017\/02\/berenice.jpg\"><img decoding=\"async\" class=\"alignleft wp-image-4701\" src=\"http:\/\/theatredeliege.be\/wp-content\/uploads\/2017\/02\/berenice.jpg\" alt=\"berenice\" width=\"167\" height=\"167\" \/><\/a><\/p>\n<p>&nbsp;<\/p>\n<p>&nbsp;<\/p>\n","tpl_full_txt_col2":"","show_border":false,"padding":[],"bg_color":""},{"acf_fc_layout":"galerie","galerie_title":"","galerie_content":[{"ID":68895,"id":68895,"title":"QueenBlood","filename":"QueenBlood.jpg","filesize":1117919,"url":"https:\/\/theatredeliege.be\/wp-content\/uploads\/2020\/06\/QueenBlood.jpg","link":"https:\/\/theatredeliege.be\/nl\/evenement\/queen-blood\/queenblood-2\/","alt":"","author":"3","description":"","caption":"","name":"queenblood-2","status":"inherit","uploaded_to":15155,"date":"2020-06-06 15:42:12","modified":"2020-06-06 15:42:12","menu_order":0,"mime_type":"image\/jpeg","type":"image","subtype":"jpeg","icon":"https:\/\/theatredeliege.be\/wp-includes\/images\/media\/default.png","width":1650,"height":550,"sizes":{"thumbnail":"https:\/\/theatredeliege.be\/wp-content\/uploads\/2020\/06\/QueenBlood-195x110.jpg","thumbnail-width":195,"thumbnail-height":110,"medium":"https:\/\/theatredeliege.be\/wp-content\/uploads\/2020\/06\/QueenBlood-300x100.jpg","medium-width":300,"medium-height":100,"medium_large":"https:\/\/theatredeliege.be\/wp-content\/uploads\/2020\/06\/QueenBlood-768x256.jpg","medium_large-width":768,"medium_large-height":256,"large":"https:\/\/theatredeliege.be\/wp-content\/uploads\/2020\/06\/QueenBlood-1024x341.jpg","large-width":1024,"large-height":341,"1536x1536":"https:\/\/theatredeliege.be\/wp-content\/uploads\/2020\/06\/QueenBlood.jpg","1536x1536-width":1536,"1536x1536-height":512,"2048x2048":"https:\/\/theatredeliege.be\/wp-content\/uploads\/2020\/06\/QueenBlood.jpg","2048x2048-width":1650,"2048x2048-height":550,"box":"https:\/\/theatredeliege.be\/wp-content\/uploads\/2020\/06\/QueenBlood-393x393.jpg","box-width":393,"box-height":393,"box_event":"https:\/\/theatredeliege.be\/wp-content\/uploads\/2020\/06\/QueenBlood-313x150.jpg","box_event-width":313,"box_event-height":150,"gallery":"https:\/\/theatredeliege.be\/wp-content\/uploads\/2020\/06\/QueenBlood-300x170.jpg","gallery-width":300,"gallery-height":170,"banniere":"https:\/\/theatredeliege.be\/wp-content\/uploads\/2020\/06\/QueenBlood-1650x550.jpg","banniere-width":1650,"banniere-height":550,"banniereMobile":"https:\/\/theatredeliege.be\/wp-content\/uploads\/2020\/06\/QueenBlood.jpg","banniereMobile-width":650,"banniereMobile-height":217,"vignette":"https:\/\/theatredeliege.be\/wp-content\/uploads\/2020\/06\/QueenBlood-379x190.jpg","vignette-width":379,"vignette-height":190,"partner_mini":"https:\/\/theatredeliege.be\/wp-content\/uploads\/2020\/06\/QueenBlood-80x27.jpg","partner_mini-width":80,"partner_mini-height":27,"partner_page":"https:\/\/theatredeliege.be\/wp-content\/uploads\/2020\/06\/QueenBlood-90x30.jpg","partner_page-width":90,"partner_page-height":30,"boxevent":"https:\/\/theatredeliege.be\/wp-content\/uploads\/2020\/06\/QueenBlood-980x400.jpg","boxevent-width":980,"boxevent-height":400,"news_thumnbail":"https:\/\/theatredeliege.be\/wp-content\/uploads\/2020\/06\/QueenBlood-183x104.jpg","news_thumnbail-width":183,"news_thumnbail-height":104,"artiste_list":"https:\/\/theatredeliege.be\/wp-content\/uploads\/2020\/06\/QueenBlood-290x325.jpg","artiste_list-width":290,"artiste_list-height":325,"artiste_single":"https:\/\/theatredeliege.be\/wp-content\/uploads\/2020\/06\/QueenBlood-380x545.jpg","artiste_single-width":380,"artiste_single-height":545,"menu-24x24":"https:\/\/theatredeliege.be\/wp-content\/uploads\/2020\/06\/QueenBlood-24x8.jpg","menu-24x24-width":24,"menu-24x24-height":8,"menu-36x36":"https:\/\/theatredeliege.be\/wp-content\/uploads\/2020\/06\/QueenBlood-36x12.jpg","menu-36x36-width":36,"menu-36x36-height":12,"menu-48x48":"https:\/\/theatredeliege.be\/wp-content\/uploads\/2020\/06\/QueenBlood-48x16.jpg","menu-48x48-width":48,"menu-48x48-height":16}},{"ID":68905,"id":68905,"title":"Je-crois-que-dehors-printemps","filename":"Je-crois-que-dehors-printemps.jpg","filesize":680850,"url":"https:\/\/theatredeliege.be\/wp-content\/uploads\/2020\/06\/Je-crois-que-dehors-printemps.jpg","link":"https:\/\/theatredeliege.be\/nl\/evenement\/je-crois-que-dehors-cest-le-printemps\/je-crois-que-dehors-printemps-2\/","alt":"","author":"3","description":"","caption":"","name":"je-crois-que-dehors-printemps-2","status":"inherit","uploaded_to":15230,"date":"2020-06-06 17:14:42","modified":"2020-06-06 17:14:42","menu_order":0,"mime_type":"image\/jpeg","type":"image","subtype":"jpeg","icon":"https:\/\/theatredeliege.be\/wp-includes\/images\/media\/default.png","width":1650,"height":550,"sizes":{"thumbnail":"https:\/\/theatredeliege.be\/wp-content\/uploads\/2020\/06\/Je-crois-que-dehors-printemps-195x110.jpg","thumbnail-width":195,"thumbnail-height":110,"medium":"https:\/\/theatredeliege.be\/wp-content\/uploads\/2020\/06\/Je-crois-que-dehors-printemps-300x100.jpg","medium-width":300,"medium-height":100,"medium_large":"https:\/\/theatredeliege.be\/wp-content\/uploads\/2020\/06\/Je-crois-que-dehors-printemps-768x256.jpg","medium_large-width":768,"medium_large-height":256,"large":"https:\/\/theatredeliege.be\/wp-content\/uploads\/2020\/06\/Je-crois-que-dehors-printemps-1024x341.jpg","large-width":1024,"large-height":341,"1536x1536":"https:\/\/theatredeliege.be\/wp-content\/uploads\/2020\/06\/Je-crois-que-dehors-printemps.jpg","1536x1536-width":1536,"1536x1536-height":512,"2048x2048":"https:\/\/theatredeliege.be\/wp-content\/uploads\/2020\/06\/Je-crois-que-dehors-printemps.jpg","2048x2048-width":1650,"2048x2048-height":550,"box":"https:\/\/theatredeliege.be\/wp-content\/uploads\/2020\/06\/Je-crois-que-dehors-printemps-393x393.jpg","box-width":393,"box-height":393,"box_event":"https:\/\/theatredeliege.be\/wp-content\/uploads\/2020\/06\/Je-crois-que-dehors-printemps-313x150.jpg","box_event-width":313,"box_event-height":150,"gallery":"https:\/\/theatredeliege.be\/wp-content\/uploads\/2020\/06\/Je-crois-que-dehors-printemps-300x170.jpg","gallery-width":300,"gallery-height":170,"banniere":"https:\/\/theatredeliege.be\/wp-content\/uploads\/2020\/06\/Je-crois-que-dehors-printemps-1650x550.jpg","banniere-width":1650,"banniere-height":550,"banniereMobile":"https:\/\/theatredeliege.be\/wp-content\/uploads\/2020\/06\/Je-crois-que-dehors-printemps.jpg","banniereMobile-width":650,"banniereMobile-height":217,"vignette":"https:\/\/theatredeliege.be\/wp-content\/uploads\/2020\/06\/Je-crois-que-dehors-printemps-379x190.jpg","vignette-width":379,"vignette-height":190,"partner_mini":"https:\/\/theatredeliege.be\/wp-content\/uploads\/2020\/06\/Je-crois-que-dehors-printemps-80x27.jpg","partner_mini-width":80,"partner_mini-height":27,"partner_page":"https:\/\/theatredeliege.be\/wp-content\/uploads\/2020\/06\/Je-crois-que-dehors-printemps-90x30.jpg","partner_page-width":90,"partner_page-height":30,"boxevent":"https:\/\/theatredeliege.be\/wp-content\/uploads\/2020\/06\/Je-crois-que-dehors-printemps-980x400.jpg","boxevent-width":980,"boxevent-height":400,"news_thumnbail":"https:\/\/theatredeliege.be\/wp-content\/uploads\/2020\/06\/Je-crois-que-dehors-printemps-183x104.jpg","news_thumnbail-width":183,"news_thumnbail-height":104,"artiste_list":"https:\/\/theatredeliege.be\/wp-content\/uploads\/2020\/06\/Je-crois-que-dehors-printemps-290x325.jpg","artiste_list-width":290,"artiste_list-height":325,"artiste_single":"https:\/\/theatredeliege.be\/wp-content\/uploads\/2020\/06\/Je-crois-que-dehors-printemps-380x545.jpg","artiste_single-width":380,"artiste_single-height":545,"menu-24x24":"https:\/\/theatredeliege.be\/wp-content\/uploads\/2020\/06\/Je-crois-que-dehors-printemps-24x8.jpg","menu-24x24-width":24,"menu-24x24-height":8,"menu-36x36":"https:\/\/theatredeliege.be\/wp-content\/uploads\/2020\/06\/Je-crois-que-dehors-printemps-36x12.jpg","menu-36x36-width":36,"menu-36x36-height":12,"menu-48x48":"https:\/\/theatredeliege.be\/wp-content\/uploads\/2020\/06\/Je-crois-que-dehors-printemps-48x16.jpg","menu-48x48-width":48,"menu-48x48-height":16}},{"ID":68975,"id":68975,"title":"PinkBoy","filename":"PinkBoy.jpg","filesize":658194,"url":"https:\/\/theatredeliege.be\/wp-content\/uploads\/2020\/06\/PinkBoy.jpg","link":"https:\/\/theatredeliege.be\/nl\/evenement\/pink-boys-and-old-ladies\/pinkboy-2\/","alt":"","author":"3","description":"","caption":"","name":"pinkboy-2","status":"inherit","uploaded_to":15151,"date":"2020-06-10 17:26:12","modified":"2020-06-10 17:26:12","menu_order":0,"mime_type":"image\/jpeg","type":"image","subtype":"jpeg","icon":"https:\/\/theatredeliege.be\/wp-includes\/images\/media\/default.png","width":1650,"height":550,"sizes":{"thumbnail":"https:\/\/theatredeliege.be\/wp-content\/uploads\/2020\/06\/PinkBoy-195x110.jpg","thumbnail-width":195,"thumbnail-height":110,"medium":"https:\/\/theatredeliege.be\/wp-content\/uploads\/2020\/06\/PinkBoy-300x100.jpg","medium-width":300,"medium-height":100,"medium_large":"https:\/\/theatredeliege.be\/wp-content\/uploads\/2020\/06\/PinkBoy-768x256.jpg","medium_large-width":768,"medium_large-height":256,"large":"https:\/\/theatredeliege.be\/wp-content\/uploads\/2020\/06\/PinkBoy-1024x341.jpg","large-width":1024,"large-height":341,"1536x1536":"https:\/\/theatredeliege.be\/wp-content\/uploads\/2020\/06\/PinkBoy.jpg","1536x1536-width":1536,"1536x1536-height":512,"2048x2048":"https:\/\/theatredeliege.be\/wp-content\/uploads\/2020\/06\/PinkBoy.jpg","2048x2048-width":1650,"2048x2048-height":550,"box":"https:\/\/theatredeliege.be\/wp-content\/uploads\/2020\/06\/PinkBoy-393x393.jpg","box-width":393,"box-height":393,"box_event":"https:\/\/theatredeliege.be\/wp-content\/uploads\/2020\/06\/PinkBoy-313x150.jpg","box_event-width":313,"box_event-height":150,"gallery":"https:\/\/theatredeliege.be\/wp-content\/uploads\/2020\/06\/PinkBoy-300x170.jpg","gallery-width":300,"gallery-height":170,"banniere":"https:\/\/theatredeliege.be\/wp-content\/uploads\/2020\/06\/PinkBoy-1650x550.jpg","banniere-width":1650,"banniere-height":550,"banniereMobile":"https:\/\/theatredeliege.be\/wp-content\/uploads\/2020\/06\/PinkBoy.jpg","banniereMobile-width":650,"banniereMobile-height":217,"vignette":"https:\/\/theatredeliege.be\/wp-content\/uploads\/2020\/06\/PinkBoy-379x190.jpg","vignette-width":379,"vignette-height":190,"partner_mini":"https:\/\/theatredeliege.be\/wp-content\/uploads\/2020\/06\/PinkBoy-80x27.jpg","partner_mini-width":80,"partner_mini-height":27,"partner_page":"https:\/\/theatredeliege.be\/wp-content\/uploads\/2020\/06\/PinkBoy-90x30.jpg","partner_page-width":90,"partner_page-height":30,"boxevent":"https:\/\/theatredeliege.be\/wp-content\/uploads\/2020\/06\/PinkBoy-980x400.jpg","boxevent-width":980,"boxevent-height":400,"news_thumnbail":"https:\/\/theatredeliege.be\/wp-content\/uploads\/2020\/06\/PinkBoy-183x104.jpg","news_thumnbail-width":183,"news_thumnbail-height":104,"artiste_list":"https:\/\/theatredeliege.be\/wp-content\/uploads\/2020\/06\/PinkBoy-290x325.jpg","artiste_list-width":290,"artiste_list-height":325,"artiste_single":"https:\/\/theatredeliege.be\/wp-content\/uploads\/2020\/06\/PinkBoy-380x545.jpg","artiste_single-width":380,"artiste_single-height":545,"menu-24x24":"https:\/\/theatredeliege.be\/wp-content\/uploads\/2020\/06\/PinkBoy-24x8.jpg","menu-24x24-width":24,"menu-24x24-height":8,"menu-36x36":"https:\/\/theatredeliege.be\/wp-content\/uploads\/2020\/06\/PinkBoy-36x12.jpg","menu-36x36-width":36,"menu-36x36-height":12,"menu-48x48":"https:\/\/theatredeliege.be\/wp-content\/uploads\/2020\/06\/PinkBoy-48x16.jpg","menu-48x48-width":48,"menu-48x48-height":16}}]}],"page_header":{"title":"","description":"","image":false,"type":"default"}},"_links":{"self":[{"href":"https:\/\/theatredeliege.be\/nl\/wp-json\/wp\/v2\/pages\/8845","targetHints":{"allow":["GET"]}}],"collection":[{"href":"https:\/\/theatredeliege.be\/nl\/wp-json\/wp\/v2\/pages"}],"about":[{"href":"https:\/\/theatredeliege.be\/nl\/wp-json\/wp\/v2\/types\/page"}],"author":[{"embeddable":true,"href":"https:\/\/theatredeliege.be\/nl\/wp-json\/wp\/v2\/users\/3"}],"replies":[{"embeddable":true,"href":"https:\/\/theatredeliege.be\/nl\/wp-json\/wp\/v2\/comments?post=8845"}],"version-history":[{"count":1,"href":"https:\/\/theatredeliege.be\/nl\/wp-json\/wp\/v2\/pages\/8845\/revisions"}],"predecessor-version":[{"id":16186,"href":"https:\/\/theatredeliege.be\/nl\/wp-json\/wp\/v2\/pages\/8845\/revisions\/16186"}],"wp:attachment":[{"href":"https:\/\/theatredeliege.be\/nl\/wp-json\/wp\/v2\/media?parent=8845"}],"curies":[{"name":"wp","href":"https:\/\/api.w.org\/{rel}","templated":true}]}}